{"id":160426,"date":"2022-09-28T17:42:14","date_gmt":"2022-09-28T17:42:14","guid":{"rendered":"http:\/\/climalife.com\/product\/hq-poe-by-climalife\/"},"modified":"2026-02-22T19:18:20","modified_gmt":"2026-02-22T19:18:20","slug":"hq-poe-by-climalife","status":"publish","type":"product","link":"https:\/\/climalife.com\/es\/product\/hq-poe-by-climalife\/","title":{"rendered":"Gama HQ POE"},"content":{"rendered":"<p>Est\u00e1n destinados a aplicaciones de refrigeraci\u00f3n y climatizaci\u00f3n que utilizan HFC, HFO y mezclas de HFC\/HFO.<\/p>\n<p>&nbsp;<\/p>\n","protected":false},"excerpt":{"rendered":"<p>Los aceites Climalife HQ POE son aceites de poliolester especialmente formulados para la lubricaci\u00f3n de compresores frigor\u00edficos. Est\u00e1n disponibles en varios grados de viscosidad.<\/p>\n","protected":false},"featured_media":225235,"comment_status":"open","ping_status":"closed","template":"","meta":[],"countries":[4674,4709,4756,4813,4831,4862],"product_brand":[],"product_cat":[9984,9979,9952,9943,9970,9997,13058,13093,13127,13425],"product_tag":[],"class_list":{"0":"post-160426","1":"product","2":"type-product","3":"status-publish","4":"has-post-thumbnail","6":"countries-by","7":"countries-cu","8":"countries-ir","9":"countries-kp","10":"countries-ru","11":"countries-sy","12":"product_cat-aeronautica-aeroespacial-defensa","13":"product_cat-automocion-transporte","14":"product_cat-construccion","15":"product_cat-alimentacion","16":"product_cat-salud-bienestar","17":"product_cat-otros-sectores","18":"product_cat-climatizacion","19":"product_cat-calefaccion","20":"product_cat-refrigeracion","21":"product_cat-poe-es","22":"pa_packaging-bidon-1-l-es-63","23":"pa_packaging-bidon-20-l-es-174","24":"pa_packaging-bidon-de-5-l-es-35","26":"first","27":"instock","28":"shipping-taxable","29":"purchasable","30":"product-type-variable"},"_links":{"self":[{"href":"https:\/\/climalife.com\/es\/wp-json\/wp\/v2\/product\/160426","targetHints":{"allow":["GET"]}}],"collection":[{"href":"https:\/\/climalife.com\/es\/wp-json\/wp\/v2\/product"}],"about":[{"href":"https:\/\/climalife.com\/es\/wp-json\/wp\/v2\/types\/product"}],"replies":[{"embeddable":true,"href":"https:\/\/climalife.com\/es\/wp-json\/wp\/v2\/comments?post=160426"}],"wp:featuredmedia":[{"embeddable":true,"href":"https:\/\/climalife.com\/es\/wp-json\/wp\/v2\/media\/225235"}],"wp:attachment":[{"href":"https:\/\/climalife.com\/es\/wp-json\/wp\/v2\/media?parent=160426"}],"wp:term":[{"taxonomy":"countries","embeddable":true,"href":"https:\/\/climalife.com\/es\/wp-json\/wp\/v2\/countries?post=160426"},{"taxonomy":"product_brand","embeddable":true,"href":"https:\/\/climalife.com\/es\/wp-json\/wp\/v2\/product_brand?post=160426"},{"taxonomy":"product_cat","embeddable":true,"href":"https:\/\/climalife.com\/es\/wp-json\/wp\/v2\/product_cat?post=160426"},{"taxonomy":"product_tag","embeddable":true,"href":"https:\/\/climalife.com\/es\/wp-json\/wp\/v2\/product_tag?post=160426"}],"curies":[{"name":"wp","href":"https:\/\/api.w.org\/{rel}","templated":true}]}}