{"id":161057,"date":"2022-09-28T17:47:01","date_gmt":"2022-09-28T17:47:01","guid":{"rendered":"http:\/\/climalife.com\/product\/amoniaco\/"},"modified":"2024-04-18T07:45:32","modified_gmt":"2024-04-18T07:45:32","slug":"amoniaco","status":"publish","type":"product","link":"https:\/\/climalife.com\/es\/product\/amoniaco\/","title":{"rendered":"Amoniaco"},"content":{"rendered":"<p>&nbsp;<\/p>\n<p>El amoniaco puede ser usado en sistemas de compresi\u00f3n y absorci\u00f3n, pero\u00a0sobre todo\u00a0en instalaciones industriales provistas de compresores de tornillo y de pist\u00f3n.<\/p>\n","protected":false},"excerpt":{"rendered":"<p>El amoniaco (NH3) est\u00e1 clasificado como refrigerante t\u00f3xico e inflamable (categor\u00eda\u00a0L2).\u00a0Su uso en instalaciones y el transporte de este producto est\u00e1 sujeto a cierto n\u00famero de regulaciones y requerimientos de seguridad.<\/p>\n","protected":false},"featured_media":107964,"comment_status":"open","ping_status":"closed","template":"","meta":[],"countries":[4674,4709,4756,4813,4831,4854,4862],"product_brand":[],"product_cat":[9943,9754,13093,9997,13127],"product_tag":[],"class_list":{"0":"post-161057","1":"product","2":"type-product","3":"status-publish","4":"has-post-thumbnail","6":"countries-by","7":"countries-cu","8":"countries-ir","9":"countries-kp","10":"countries-ru","11":"countries-es","12":"countries-sy","13":"product_cat-alimentacion","14":"product_cat-amoniaco","15":"product_cat-calefaccion","16":"product_cat-otros-sectores","17":"product_cat-refrigeracion","18":"pa_packaging-botella-88-l-es-122","19":"pa_packaging-botella-88-l-con-manguera","20":"pa_packaging-contenedor-930-l-es-76","22":"first","23":"instock","24":"shipping-taxable","25":"purchasable","26":"product-type-variable"},"_links":{"self":[{"href":"https:\/\/climalife.com\/es\/wp-json\/wp\/v2\/product\/161057","targetHints":{"allow":["GET"]}}],"collection":[{"href":"https:\/\/climalife.com\/es\/wp-json\/wp\/v2\/product"}],"about":[{"href":"https:\/\/climalife.com\/es\/wp-json\/wp\/v2\/types\/product"}],"replies":[{"embeddable":true,"href":"https:\/\/climalife.com\/es\/wp-json\/wp\/v2\/comments?post=161057"}],"wp:featuredmedia":[{"embeddable":true,"href":"https:\/\/climalife.com\/es\/wp-json\/wp\/v2\/media\/107964"}],"wp:attachment":[{"href":"https:\/\/climalife.com\/es\/wp-json\/wp\/v2\/media?parent=161057"}],"wp:term":[{"taxonomy":"countries","embeddable":true,"href":"https:\/\/climalife.com\/es\/wp-json\/wp\/v2\/countries?post=161057"},{"taxonomy":"product_brand","embeddable":true,"href":"https:\/\/climalife.com\/es\/wp-json\/wp\/v2\/product_brand?post=161057"},{"taxonomy":"product_cat","embeddable":true,"href":"https:\/\/climalife.com\/es\/wp-json\/wp\/v2\/product_cat?post=161057"},{"taxonomy":"product_tag","embeddable":true,"href":"https:\/\/climalife.com\/es\/wp-json\/wp\/v2\/product_tag?post=161057"}],"curies":[{"name":"wp","href":"https:\/\/api.w.org\/{rel}","templated":true}]}}