{"id":161169,"date":"2022-09-28T17:47:38","date_gmt":"2022-09-28T17:47:38","guid":{"rendered":"http:\/\/climalife.com\/product\/fk-5-1-12\/"},"modified":"2026-02-20T13:01:04","modified_gmt":"2026-02-20T13:01:04","slug":"fk-5-1-12","status":"publish","type":"product","link":"https:\/\/climalife.com\/es\/product\/fk-5-1-12\/","title":{"rendered":"FK-5-1-12"},"content":{"rendered":"<p>&nbsp;<\/p>\n<p>No inflamable, ofrece numerosas posibilidades de uso en formulaciones que exigen requisitos de seguridad (normativa, ambiente peligroso, entorno confinado).<\/p>\n<p>Su uso no requiere ninguna inversi\u00f3n especial en instalaciones de seguridad (ATEX). Es eficaz en los entornos m\u00e1s delicados, como centros de datos, bancos, hospitales, museos, etc., donde activos valiosos podr\u00edan resultar da\u00f1ados por el chorro de un extintor de agua.<\/p>\n<p>El FK-5-1-12 no deja restos en los equipos y tiene una alta resistencia diel\u00e9ctrica. Con la reducci\u00f3n gradual de HFC en el mercado, este agente de extinci\u00f3n es un perfecto sucesor y sustituto del R-227ea, reduciendo considerablemente su impacto en el calentamiento global.<\/p>\n","protected":false},"excerpt":{"rendered":"<p>FK-5-1-12 es un gas inhibidor &#8220;reconocido por UL&#8221; (EX16326) utilizado para extintores y sistemas de extinci\u00f3n de incendios.<\/p>\n<p>Su composici\u00f3n, la cetona fluorada, es una mol\u00e9cula que le permite cumplir la normativa F-Gas gracias a su PCA inferior a 1, lo que la convierte en una opci\u00f3n ideal para sus compradores y para el planeta a largo plazo.<\/p>\n","protected":false},"featured_media":214669,"comment_status":"open","ping_status":"closed","template":"","meta":[],"countries":[4674,4709,4756,4813,4831,4862],"product_brand":[],"product_cat":[9984,9979,9952,9961,9261,9997,13084],"product_tag":[],"class_list":{"0":"post-161169","1":"product","2":"type-product","3":"status-publish","4":"has-post-thumbnail","6":"countries-by","7":"countries-cu","8":"countries-ir","9":"countries-kp","10":"countries-ru","11":"countries-sy","12":"product_cat-aeronautica-aeroespacial-defensa","13":"product_cat-automocion-transporte","14":"product_cat-construccion","15":"product_cat-energia","16":"product_cat-fk-agentes-de-extincion","17":"product_cat-otros-sectores","18":"product_cat-proteccion-antincendios","19":"pa_packaging-barril-217-i-es-30","21":"first","22":"instock","23":"shipping-taxable","24":"purchasable","25":"product-type-variable"},"_links":{"self":[{"href":"https:\/\/climalife.com\/es\/wp-json\/wp\/v2\/product\/161169","targetHints":{"allow":["GET"]}}],"collection":[{"href":"https:\/\/climalife.com\/es\/wp-json\/wp\/v2\/product"}],"about":[{"href":"https:\/\/climalife.com\/es\/wp-json\/wp\/v2\/types\/product"}],"replies":[{"embeddable":true,"href":"https:\/\/climalife.com\/es\/wp-json\/wp\/v2\/comments?post=161169"}],"wp:featuredmedia":[{"embeddable":true,"href":"https:\/\/climalife.com\/es\/wp-json\/wp\/v2\/media\/214669"}],"wp:attachment":[{"href":"https:\/\/climalife.com\/es\/wp-json\/wp\/v2\/media?parent=161169"}],"wp:term":[{"taxonomy":"countries","embeddable":true,"href":"https:\/\/climalife.com\/es\/wp-json\/wp\/v2\/countries?post=161169"},{"taxonomy":"product_brand","embeddable":true,"href":"https:\/\/climalife.com\/es\/wp-json\/wp\/v2\/product_brand?post=161169"},{"taxonomy":"product_cat","embeddable":true,"href":"https:\/\/climalife.com\/es\/wp-json\/wp\/v2\/product_cat?post=161169"},{"taxonomy":"product_tag","embeddable":true,"href":"https:\/\/climalife.com\/es\/wp-json\/wp\/v2\/product_tag?post=161169"}],"curies":[{"name":"wp","href":"https:\/\/api.w.org\/{rel}","templated":true}]}}