{"id":161176,"date":"2022-09-28T17:47:46","date_gmt":"2022-09-28T17:47:46","guid":{"rendered":"http:\/\/climalife.com\/product\/greenway-neo-heat-pump-n-listo-para-usar\/"},"modified":"2026-02-06T08:38:29","modified_gmt":"2026-02-06T08:38:29","slug":"greenway-neo-heat-pump-n-listo-para-usar","status":"publish","type":"product","link":"https:\/\/climalife.com\/es\/product\/greenway-neo-heat-pump-n-listo-para-usar\/","title":{"rendered":"Greenway\u00ae Neo Heat Pump N listo para usar"},"content":{"rendered":"<p>La materia prima de origen vegetal 1,3-propanodiol empleada en su formulaci\u00f3n reduce enormemente el riesgo de contaminaci\u00f3n de suelo y aire en caso de fuga.<\/p>\n<p>Este caloportador es:<\/p>\n<ul>\n<li>Biodegradable<\/li>\n<li>Bacteriost\u00e1tico<\/li>\n<li>Compuesto por potentes inhibidores h\u00edbridos<\/li>\n<\/ul>\n<p>La f\u00f3rmula contiene un agente amargante, seg\u00fan la Orden francesa del 14 de enero de 2019 sobre las condiciones de comercializaci\u00f3n de productos para instalaciones de tratamiento t\u00e9rmico de agua destinada al consumo humano (EDCH).<\/p>\n","protected":false},"excerpt":{"rendered":"<p>Greenway\u00ae Neo Heat Pump N es un caloportador listo para usar de base vegetal (1,3-propanodiol) e inhibidores de corrosi\u00f3n, especialmente formulado para bombas de calor de energ\u00edas geot\u00e9rmica (colectores subterr\u00e1neos) y aerot\u00e9rmico aire\/agua.<\/p>\n<p>Greenway\u00ae\u00a0Neo\u00a0Heat Pump\u00a0N protege contra la congelaci\u00f3n y la formaci\u00f3n de lodos en el sistema.<\/p>\n","protected":false},"featured_media":129330,"comment_status":"open","ping_status":"closed","template":"","meta":[],"countries":[4674,4709,4756,4813,4831,4862],"product_brand":[],"product_cat":[9952,9961,9997,13058,13093,13136,13523],"product_tag":[13806,13801,13802,13803,13805,13804],"class_list":{"0":"post-161176","1":"product","2":"type-product","3":"status-publish","4":"has-post-thumbnail","6":"countries-by","7":"countries-cu","8":"countries-ir","9":"countries-kp","10":"countries-ru","11":"countries-sy","12":"product_cat-construccion","13":"product_cat-energia","14":"product_cat-otros-sectores","15":"product_cat-climatizacion","16":"product_cat-calefaccion","17":"product_cat-energias-renovables","18":"product_cat-origen-biologico","19":"product_tag-bomba-de-calor","20":"product_tag-caloportador","21":"product_tag-glicol","22":"product_tag-mpg","23":"product_tag-secundario","24":"product_tag-vegetal","25":"pa_packaging-barril-210-i-es-28","26":"pa_packaging-bidon-20-l-es-36","27":"pa_protection-18c-es-145","28":"pa_protection-20c-es-146","29":"pa_protection-25c-es-233","31":"first","32":"instock","33":"shipping-taxable","34":"purchasable","35":"product-type-variable"},"_links":{"self":[{"href":"https:\/\/climalife.com\/es\/wp-json\/wp\/v2\/product\/161176","targetHints":{"allow":["GET"]}}],"collection":[{"href":"https:\/\/climalife.com\/es\/wp-json\/wp\/v2\/product"}],"about":[{"href":"https:\/\/climalife.com\/es\/wp-json\/wp\/v2\/types\/product"}],"replies":[{"embeddable":true,"href":"https:\/\/climalife.com\/es\/wp-json\/wp\/v2\/comments?post=161176"}],"wp:featuredmedia":[{"embeddable":true,"href":"https:\/\/climalife.com\/es\/wp-json\/wp\/v2\/media\/129330"}],"wp:attachment":[{"href":"https:\/\/climalife.com\/es\/wp-json\/wp\/v2\/media?parent=161176"}],"wp:term":[{"taxonomy":"countries","embeddable":true,"href":"https:\/\/climalife.com\/es\/wp-json\/wp\/v2\/countries?post=161176"},{"taxonomy":"product_brand","embeddable":true,"href":"https:\/\/climalife.com\/es\/wp-json\/wp\/v2\/product_brand?post=161176"},{"taxonomy":"product_cat","embeddable":true,"href":"https:\/\/climalife.com\/es\/wp-json\/wp\/v2\/product_cat?post=161176"},{"taxonomy":"product_tag","embeddable":true,"href":"https:\/\/climalife.com\/es\/wp-json\/wp\/v2\/product_tag?post=161176"}],"curies":[{"name":"wp","href":"https:\/\/api.w.org\/{rel}","templated":true}]}}