{"id":161187,"date":"2022-09-28T17:47:55","date_gmt":"2022-09-28T17:47:55","guid":{"rendered":"http:\/\/climalife.com\/product\/greenway-neo-solar-n-listo-para-usar\/"},"modified":"2025-09-10T13:20:34","modified_gmt":"2025-09-10T13:20:34","slug":"greenway-neo-solar-n-listo-para-usar","status":"publish","type":"product","link":"https:\/\/climalife.com\/es\/product\/greenway-neo-solar-n-listo-para-usar\/","title":{"rendered":"Greenway\u00ae Neo Solar N listo para usar"},"content":{"rendered":"<p>Su formulaci\u00f3n retrasa la degradaci\u00f3n y reduce el fen\u00f3meno de alquitranado o &#8216;caramelizado&#8217; de los sensores durante los per\u00edodos de parada del sistema.<\/p>\n<p>Este caloportador es:<\/p>\n<ul>\n<li>Biodegradable<\/li>\n<li>Bacteriost\u00e1tico<\/li>\n<li>Compuesto por potentes inhibidores h\u00edbridos<\/li>\n<\/ul>\n<p>La f\u00f3rmula contiene un agente amargante, de conformidad con la Orden francesa de 14 de enero de 2019 relativa a las condiciones de comercializaci\u00f3n de productos para instalaciones de tratamiento t\u00e9rmico del agua destinada al consumo humano.<\/p>\n","protected":false},"excerpt":{"rendered":"<p>Greenway<sup>\u00ae<\/sup> Neo Solar N es un caloportador listo para usar de base vegetal (1,3 propanodiol) con inhibidores de corrosi\u00f3n, especialmente formulado para los circuitos de producci\u00f3n de agua caliente sanitaria mediante colectores t\u00e9rmicos solares tanto planos como de tubos de vac\u00edo.<\/p>\n<p>Greenway<sup>\u00ae<\/sup> Neo Solar N protege contra la congelaci\u00f3n y la formaci\u00f3n de lodos en el sistema.<\/p>\n","protected":false},"featured_media":129285,"comment_status":"open","ping_status":"closed","template":"","meta":[],"countries":[4674,4709,4756,4813,4831,4862],"product_brand":[],"product_cat":[9952,9961,9997,13093,13136,13523],"product_tag":[13801,13802,13803,13805,13807,13804],"class_list":{"0":"post-161187","1":"product","2":"type-product","3":"status-publish","4":"has-post-thumbnail","6":"countries-by","7":"countries-cu","8":"countries-ir","9":"countries-kp","10":"countries-ru","11":"countries-sy","12":"product_cat-construccion","13":"product_cat-energia","14":"product_cat-otros-sectores","15":"product_cat-calefaccion","16":"product_cat-energias-renovables","17":"product_cat-origen-biologico","18":"product_tag-caloportador","19":"product_tag-glicol","20":"product_tag-mpg","21":"product_tag-secundario","22":"product_tag-solar","23":"product_tag-vegetal","24":"pa_packaging-barril-210-i-es-28","25":"pa_packaging-bidon-20-l-es-36","26":"pa_protection-20c-es-146","27":"pa_protection-25c-es-233","28":"pa_protection-30c-es-159","30":"first","31":"instock","32":"shipping-taxable","33":"purchasable","34":"product-type-variable"},"_links":{"self":[{"href":"https:\/\/climalife.com\/es\/wp-json\/wp\/v2\/product\/161187","targetHints":{"allow":["GET"]}}],"collection":[{"href":"https:\/\/climalife.com\/es\/wp-json\/wp\/v2\/product"}],"about":[{"href":"https:\/\/climalife.com\/es\/wp-json\/wp\/v2\/types\/product"}],"replies":[{"embeddable":true,"href":"https:\/\/climalife.com\/es\/wp-json\/wp\/v2\/comments?post=161187"}],"wp:featuredmedia":[{"embeddable":true,"href":"https:\/\/climalife.com\/es\/wp-json\/wp\/v2\/media\/129285"}],"wp:attachment":[{"href":"https:\/\/climalife.com\/es\/wp-json\/wp\/v2\/media?parent=161187"}],"wp:term":[{"taxonomy":"countries","embeddable":true,"href":"https:\/\/climalife.com\/es\/wp-json\/wp\/v2\/countries?post=161187"},{"taxonomy":"product_brand","embeddable":true,"href":"https:\/\/climalife.com\/es\/wp-json\/wp\/v2\/product_brand?post=161187"},{"taxonomy":"product_cat","embeddable":true,"href":"https:\/\/climalife.com\/es\/wp-json\/wp\/v2\/product_cat?post=161187"},{"taxonomy":"product_tag","embeddable":true,"href":"https:\/\/climalife.com\/es\/wp-json\/wp\/v2\/product_tag?post=161187"}],"curies":[{"name":"wp","href":"https:\/\/api.w.org\/{rel}","templated":true}]}}