{"id":161199,"date":"2022-09-28T17:48:04","date_gmt":"2022-09-28T17:48:04","guid":{"rendered":"http:\/\/climalife.com\/product\/greenway-neo-n-listo-para-usar\/"},"modified":"2026-03-09T15:15:46","modified_gmt":"2026-03-09T15:15:46","slug":"greenway-neo-n-listo-para-usar","status":"publish","type":"product","link":"https:\/\/climalife.com\/es\/product\/greenway-neo-n-listo-para-usar\/","title":{"rendered":"Greenway\u00ae Neo N listo para usar"},"content":{"rendered":"<p>Greenway\u00ae Neo N, registrado en la categor\u00eda HT1 en la lista oficial de la NSF, puede ser utilizado como caloportador en circuitos con riesgo de contacto accidental con alimentos.<\/p>\n<p>Este caloportador es:<\/p>\n<p><span class=\"wdg-select-all-ok\">\u2022<\/span><span class=\"wdg-select-all-ok\"> \u00a0 <\/span>Biodegradable<\/p>\n<p><span class=\"wdg-select-all-ok\">\u2022<\/span><span class=\"wdg-select-all-ok\"> \u00a0 <\/span>Baceriost\u00e1tico<\/p>\n<p><span class=\"wdg-select-all-ok\">\u2022<\/span><span class=\"wdg-select-all-ok\"> \u00a0 <\/span>Compuesto por potentes inhibidores h\u00edbridos<\/p>\n<p>La materia prima de origen vegetal 1,3 propanodiol tiene menor viscosidad que el MPG (monopropilenglicol).<\/p>\n","protected":false},"excerpt":{"rendered":"<p>Greenway\u00ae Neo N es un caloportador de base vegetal (1,3 propanodiol con inhibidores de corrosi\u00f3n), especialmente formulado para instalaciones de refrigeraci\u00f3n, de climatizaci\u00f3n, para sistemas de protecci\u00f3n contra incendios y para instalaciones con bomba de calor (calefacci\u00f3n\/refrigeraci\u00f3n por suelo radiante).<br \/>\nGreenway\u00ae Neo N protege contra las heladas y contra la formaci\u00f3n de lodos en el sistema.<\/p>\n","protected":false},"featured_media":129267,"comment_status":"open","ping_status":"closed","template":"","meta":[],"countries":[4674,4709,4756,4813,4831,4862],"product_brand":[],"product_cat":[9984,9952,9961,9943,9970,9997,13058,13084,13127,13523],"product_tag":[13801,13802,13803,13805,13804],"class_list":{"0":"post-161199","1":"product","2":"type-product","3":"status-publish","4":"has-post-thumbnail","6":"countries-by","7":"countries-cu","8":"countries-ir","9":"countries-kp","10":"countries-ru","11":"countries-sy","12":"product_cat-aeronautica-aeroespacial-defensa","13":"product_cat-construccion","14":"product_cat-energia","15":"product_cat-alimentacion","16":"product_cat-salud-bienestar","17":"product_cat-otros-sectores","18":"product_cat-climatizacion","19":"product_cat-proteccion-antincendios","20":"product_cat-refrigeracion","21":"product_cat-origen-biologico","22":"product_tag-caloportador","23":"product_tag-glicol","24":"product_tag-mpg","25":"product_tag-secundario","26":"product_tag-vegetal","27":"pa_packaging-a-granel-10-t-es-140","28":"pa_packaging-a-granel-20-t-es-141","29":"pa_packaging-barril-210-i-es-28","30":"pa_packaging-bidon-20-l-es-36","31":"pa_packaging-contenedor-1000-kg-es-139","32":"pa_protection-13-c-es-151","33":"pa_protection-18c-es-145","34":"pa_protection-25c-es-233","35":"pa_protection-30c-es-159","36":"pa_protection-35c-es-163","37":"pa_protection-39c-es-155","39":"first","40":"instock","41":"shipping-taxable","42":"purchasable","43":"product-type-variable"},"_links":{"self":[{"href":"https:\/\/climalife.com\/es\/wp-json\/wp\/v2\/product\/161199","targetHints":{"allow":["GET"]}}],"collection":[{"href":"https:\/\/climalife.com\/es\/wp-json\/wp\/v2\/product"}],"about":[{"href":"https:\/\/climalife.com\/es\/wp-json\/wp\/v2\/types\/product"}],"replies":[{"embeddable":true,"href":"https:\/\/climalife.com\/es\/wp-json\/wp\/v2\/comments?post=161199"}],"wp:featuredmedia":[{"embeddable":true,"href":"https:\/\/climalife.com\/es\/wp-json\/wp\/v2\/media\/129267"}],"wp:attachment":[{"href":"https:\/\/climalife.com\/es\/wp-json\/wp\/v2\/media?parent=161199"}],"wp:term":[{"taxonomy":"countries","embeddable":true,"href":"https:\/\/climalife.com\/es\/wp-json\/wp\/v2\/countries?post=161199"},{"taxonomy":"product_brand","embeddable":true,"href":"https:\/\/climalife.com\/es\/wp-json\/wp\/v2\/product_brand?post=161199"},{"taxonomy":"product_cat","embeddable":true,"href":"https:\/\/climalife.com\/es\/wp-json\/wp\/v2\/product_cat?post=161199"},{"taxonomy":"product_tag","embeddable":true,"href":"https:\/\/climalife.com\/es\/wp-json\/wp\/v2\/product_tag?post=161199"}],"curies":[{"name":"wp","href":"https:\/\/api.w.org\/{rel}","templated":true}]}}