{"id":161242,"date":"2022-09-28T17:48:34","date_gmt":"2022-09-28T17:48:34","guid":{"rendered":"http:\/\/climalife.com\/product\/novaspray-dme\/"},"modified":"2025-06-17T09:55:30","modified_gmt":"2025-06-17T09:55:30","slug":"novaspray-dme","status":"publish","type":"product","link":"https:\/\/climalife.com\/es\/product\/novaspray-dme\/","title":{"rendered":"NovaSpray\u2122 DME"},"content":{"rendered":"<p>Tiene muy buena miscibilidad con alcoholes, los disolventes m\u00e1s habituales, y con otros propelentes (HFC e hidrocarburos) y al mismo tiempo es miscible tambi\u00e9n con agua, lo que le otorga\u00a0un gran abanico de posibilidades de uso en las formulaciones de aerosoles: lacas capilares, desodorantes, pinturas\u2026<\/p>\n<p>&nbsp;<\/p>\n<p>Adem\u00e1s\u00a0esa buena miscibilidad con el agua permite obtener formulaciones dif\u00edcilmente inflamables (ver no inflamables) y un porcentaje bajo de componentes org\u00e1nicos vol\u00e1tiles. No afecta a la capa de ozono y su impacto sobre el efecto invernadero es muy bajo<\/p>\n","protected":false},"excerpt":{"rendered":"<p>El NovaSprayTM\u00a0DME es un dimetil\u00e9ter de grado aerosol. Tambi\u00e9n se le conoce como \u00e9ter met\u00edlico. Responde perfectamente a las caracter\u00edsticas que requiere un buen propelente.<\/p>\n","protected":false},"featured_media":126369,"comment_status":"open","ping_status":"closed","template":"","meta":[],"countries":[4674,4709,4756,4813,4831,4862],"product_brand":[],"product_cat":[9952,9284,9997,13119,9970],"product_tag":[],"class_list":{"0":"post-161242","1":"product","2":"type-product","3":"status-publish","4":"has-post-thumbnail","6":"countries-by","7":"countries-cu","8":"countries-ir","9":"countries-kp","10":"countries-ru","11":"countries-sy","12":"product_cat-construccion","13":"product_cat-dme-propelentes-de-aerosoles","14":"product_cat-otros-sectores","15":"product_cat-propelentes","16":"product_cat-salud-bienestar","17":"pa_packaging-a-granel-es-168","18":"pa_packaging-botella-26-i-es-32","19":"pa_packaging-botella-88-l-es-122","20":"pa_packaging-contenedor-930-l-es-76","22":"first","23":"instock","24":"shipping-taxable","25":"purchasable","26":"product-type-variable"},"_links":{"self":[{"href":"https:\/\/climalife.com\/es\/wp-json\/wp\/v2\/product\/161242","targetHints":{"allow":["GET"]}}],"collection":[{"href":"https:\/\/climalife.com\/es\/wp-json\/wp\/v2\/product"}],"about":[{"href":"https:\/\/climalife.com\/es\/wp-json\/wp\/v2\/types\/product"}],"replies":[{"embeddable":true,"href":"https:\/\/climalife.com\/es\/wp-json\/wp\/v2\/comments?post=161242"}],"wp:featuredmedia":[{"embeddable":true,"href":"https:\/\/climalife.com\/es\/wp-json\/wp\/v2\/media\/126369"}],"wp:attachment":[{"href":"https:\/\/climalife.com\/es\/wp-json\/wp\/v2\/media?parent=161242"}],"wp:term":[{"taxonomy":"countries","embeddable":true,"href":"https:\/\/climalife.com\/es\/wp-json\/wp\/v2\/countries?post=161242"},{"taxonomy":"product_brand","embeddable":true,"href":"https:\/\/climalife.com\/es\/wp-json\/wp\/v2\/product_brand?post=161242"},{"taxonomy":"product_cat","embeddable":true,"href":"https:\/\/climalife.com\/es\/wp-json\/wp\/v2\/product_cat?post=161242"},{"taxonomy":"product_tag","embeddable":true,"href":"https:\/\/climalife.com\/es\/wp-json\/wp\/v2\/product_tag?post=161242"}],"curies":[{"name":"wp","href":"https:\/\/api.w.org\/{rel}","templated":true}]}}