{"id":161283,"date":"2022-09-28T17:48:59","date_gmt":"2022-09-28T17:48:59","guid":{"rendered":"http:\/\/climalife.com\/product\/novexpans-hcfo-1233zd-ciclopentano-80-20\/"},"modified":"2025-07-31T09:46:01","modified_gmt":"2025-07-31T09:46:01","slug":"novexpans-hcfo-1233zd-ciclopentano-80-20","status":"publish","type":"product","link":"https:\/\/climalife.com\/es\/product\/novexpans-hcfo-1233zd-ciclopentano-80-20\/","title":{"rendered":"Novexpans\u2122 HCFO 1233zd\/ciclopentano (80\/20)"},"content":{"rendered":"<p>Por su bajo coeficiente t\u00e9rmico de transmisi\u00f3n a baja temperatura, muy utilizado en la fabricaci\u00f3n de espumas de aislamiento en la industria del frio.<\/p>\n<p>Inofensivo en contacto con la capa de ozono y con un impacto muy bajo sobre el efecto invernadero (PCA &lt; 5).<\/p>\n<p>En consecuencia, no est\u00e1 regulado por el protocolo de Kyoto, ni por el reglamento F-Gas I (n\u00b0 842\/2006\/CE) ni el reglamento F-Gas II (n\u00b0 517\/2014\/CE).<\/p>\n","protected":false},"excerpt":{"rendered":"<p>Novexpans\u2122 HCFO 1233zd\/ciclopentano (80\/20) es una mezcla de HCFO 1233zd y ciclopentano que garantiza las especificaciones requeridas para la expansi\u00f3n de espumas de poliuretano r\u00edgidas.<\/p>\n","protected":false},"featured_media":126360,"comment_status":"open","ping_status":"closed","template":"","meta":[],"countries":[4674,4709,4756,4813,4831,4862],"product_brand":[],"product_cat":[9979,9952,9943,9997,13102,9653],"product_tag":[13819,13818],"class_list":{"0":"post-161283","1":"product","2":"type-product","3":"status-publish","4":"has-post-thumbnail","6":"countries-by","7":"countries-cu","8":"countries-ir","9":"countries-kp","10":"countries-ru","11":"countries-sy","12":"product_cat-automocion-transporte","13":"product_cat-construccion","14":"product_cat-alimentacion","15":"product_cat-otros-sectores","16":"product_cat-aislamiento","17":"product_cat-mezclas-hfo-es-81","18":"product_tag-expansion-de-espumas","19":"product_tag-gas","20":"pa_packaging-a-granel-es-168","21":"pa_packaging-barril-217-i-es-30","22":"pa_packaging-botella-26-i-es-32","23":"pa_packaging-contenedor-930-l-es-76","25":"first","26":"instock","27":"shipping-taxable","28":"purchasable","29":"product-type-variable"},"_links":{"self":[{"href":"https:\/\/climalife.com\/es\/wp-json\/wp\/v2\/product\/161283","targetHints":{"allow":["GET"]}}],"collection":[{"href":"https:\/\/climalife.com\/es\/wp-json\/wp\/v2\/product"}],"about":[{"href":"https:\/\/climalife.com\/es\/wp-json\/wp\/v2\/types\/product"}],"replies":[{"embeddable":true,"href":"https:\/\/climalife.com\/es\/wp-json\/wp\/v2\/comments?post=161283"}],"wp:featuredmedia":[{"embeddable":true,"href":"https:\/\/climalife.com\/es\/wp-json\/wp\/v2\/media\/126360"}],"wp:attachment":[{"href":"https:\/\/climalife.com\/es\/wp-json\/wp\/v2\/media?parent=161283"}],"wp:term":[{"taxonomy":"countries","embeddable":true,"href":"https:\/\/climalife.com\/es\/wp-json\/wp\/v2\/countries?post=161283"},{"taxonomy":"product_brand","embeddable":true,"href":"https:\/\/climalife.com\/es\/wp-json\/wp\/v2\/product_brand?post=161283"},{"taxonomy":"product_cat","embeddable":true,"href":"https:\/\/climalife.com\/es\/wp-json\/wp\/v2\/product_cat?post=161283"},{"taxonomy":"product_tag","embeddable":true,"href":"https:\/\/climalife.com\/es\/wp-json\/wp\/v2\/product_tag?post=161283"}],"curies":[{"name":"wp","href":"https:\/\/api.w.org\/{rel}","templated":true}]}}