{"id":161294,"date":"2022-09-28T17:49:05","date_gmt":"2022-09-28T17:49:05","guid":{"rendered":"http:\/\/climalife.com\/product\/novexpans-hfc-152a\/"},"modified":"2025-06-13T07:18:48","modified_gmt":"2025-06-13T07:18:48","slug":"novexpans-hfc-152a","status":"publish","type":"product","link":"https:\/\/climalife.com\/es\/product\/novexpans-hfc-152a\/","title":{"rendered":"Novexpans\u2122 HFC 152a"},"content":{"rendered":"<p>Su calor de vaporizaci\u00f3n disminuye el tiempo de enfriamiento de la reacci\u00f3n.<\/p>\n<p>No tiene efectos sobre la capa de ozono y su efecto invernadero es muy bajo.<\/p>\n","protected":false},"excerpt":{"rendered":"<p>Novexpans\u2122\u00a0HFC 152a es un difluoroetano utilizado en la fabricaci\u00f3n de espumas pl\u00e1sticas. Es especialmente econ\u00f3mico gracias a su baja densidad.<\/p>\n","protected":false},"featured_media":126360,"comment_status":"open","ping_status":"closed","template":"","meta":[],"countries":[4674,4709,4756,4813,4831,4862],"product_brand":[],"product_cat":[13102,9943,9979,9952,9294,9997],"product_tag":[13819,13818],"class_list":{"0":"post-161294","1":"product","2":"type-product","3":"status-publish","4":"has-post-thumbnail","6":"countries-by","7":"countries-cu","8":"countries-ir","9":"countries-kp","10":"countries-ru","11":"countries-sy","12":"product_cat-aislamiento","13":"product_cat-alimentacion","14":"product_cat-automocion-transporte","15":"product_cat-construccion","16":"product_cat-hfc-expansion-de-espumas","17":"product_cat-otros-sectores","18":"product_tag-expansion-de-espumas","19":"product_tag-gas","20":"pa_packaging-a-granel-20-t-es-141","21":"pa_packaging-barril-217-i-es-30","22":"pa_packaging-botella-26-i-es-32","23":"pa_packaging-botella-88-l-es-122","24":"pa_packaging-contenedor-930-l-es-76","26":"first","27":"instock","28":"shipping-taxable","29":"purchasable","30":"product-type-variable"},"_links":{"self":[{"href":"https:\/\/climalife.com\/es\/wp-json\/wp\/v2\/product\/161294","targetHints":{"allow":["GET"]}}],"collection":[{"href":"https:\/\/climalife.com\/es\/wp-json\/wp\/v2\/product"}],"about":[{"href":"https:\/\/climalife.com\/es\/wp-json\/wp\/v2\/types\/product"}],"replies":[{"embeddable":true,"href":"https:\/\/climalife.com\/es\/wp-json\/wp\/v2\/comments?post=161294"}],"wp:featuredmedia":[{"embeddable":true,"href":"https:\/\/climalife.com\/es\/wp-json\/wp\/v2\/media\/126360"}],"wp:attachment":[{"href":"https:\/\/climalife.com\/es\/wp-json\/wp\/v2\/media?parent=161294"}],"wp:term":[{"taxonomy":"countries","embeddable":true,"href":"https:\/\/climalife.com\/es\/wp-json\/wp\/v2\/countries?post=161294"},{"taxonomy":"product_brand","embeddable":true,"href":"https:\/\/climalife.com\/es\/wp-json\/wp\/v2\/product_brand?post=161294"},{"taxonomy":"product_cat","embeddable":true,"href":"https:\/\/climalife.com\/es\/wp-json\/wp\/v2\/product_cat?post=161294"},{"taxonomy":"product_tag","embeddable":true,"href":"https:\/\/climalife.com\/es\/wp-json\/wp\/v2\/product_tag?post=161294"}],"curies":[{"name":"wp","href":"https:\/\/api.w.org\/{rel}","templated":true}]}}