{"id":161326,"date":"2022-09-28T17:49:24","date_gmt":"2022-09-28T17:49:24","guid":{"rendered":"http:\/\/climalife.com\/product\/solstice-propelente-hfo-1234ze\/"},"modified":"2024-01-25T13:53:12","modified_gmt":"2024-01-25T13:53:12","slug":"solstice-propelente-hfo-1234ze","status":"publish","type":"product","link":"https:\/\/climalife.com\/es\/product\/solstice-propelente-hfo-1234ze\/","title":{"rendered":"HFO 1234ze Solstice\u00ae Propelente"},"content":{"rendered":"<p>El HFO 1234ze Solstice<sup>\u00ae<\/sup> Propelente no inflamable ofrece numerosas posibilidades en sus formulaciones, principalmente las que requieren unas altas exigencias de seguridad (normativas, ambientes con riesgos espec\u00edficos, espacios cerrados).<\/p>\n<p>Su utilizaci\u00f3n permite disminuir la inflamabilidad de muchas formulaciones hasta conseguir una inflamabilidad nula de acuerdo con la Directiva 2008\/47\/CE.<\/p>\n<p>Su puesta en servicio y utilizaci\u00f3n exime de la necesidad de utilizar instalaciones de seguridad (ATEX).<\/p>\n<p>Solstice<sup>\u00ae<\/sup>\u00a0Propelente HFO 1234ze est\u00e1 concebido para la sustituci\u00f3n del HFC 134a. Su principal ventaja en relaci\u00f3n con el HFC 134a es su beneficio sobre el medioambiente y bajo impacto en el efecto invernadero.<\/p>\n","protected":false},"excerpt":{"rendered":"<p>HFO 1234ze Solstice<sup>\u00ae<\/sup> Propelente es un hidrofluoropropeno. De calidad constante, responde a las exigencias requeridas por un propelente licuado.<\/p>\n","protected":false},"featured_media":131319,"comment_status":"open","ping_status":"closed","template":"","meta":[],"countries":[4674,4709,4756,4813,4831,4862],"product_brand":[],"product_cat":[9984,9970,9997,13119,9518],"product_tag":[],"class_list":{"0":"post-161326","1":"product","2":"type-product","3":"status-publish","4":"has-post-thumbnail","6":"countries-by","7":"countries-cu","8":"countries-ir","9":"countries-kp","10":"countries-ru","11":"countries-sy","12":"product_cat-aeronautica-aeroespacial-defensa","13":"product_cat-salud-bienestar","14":"product_cat-otros-sectores","15":"product_cat-propelentes","16":"product_cat-hfo-es-87","17":"pa_packaging-a-granel-20-t-es-141","18":"pa_packaging-botella-26-i-es-32","19":"pa_packaging-botella-88-l-es-122","20":"pa_packaging-contenedor-930-l-es-76","22":"first","23":"instock","24":"shipping-taxable","25":"purchasable","26":"product-type-variable"},"_links":{"self":[{"href":"https:\/\/climalife.com\/es\/wp-json\/wp\/v2\/product\/161326","targetHints":{"allow":["GET"]}}],"collection":[{"href":"https:\/\/climalife.com\/es\/wp-json\/wp\/v2\/product"}],"about":[{"href":"https:\/\/climalife.com\/es\/wp-json\/wp\/v2\/types\/product"}],"replies":[{"embeddable":true,"href":"https:\/\/climalife.com\/es\/wp-json\/wp\/v2\/comments?post=161326"}],"wp:featuredmedia":[{"embeddable":true,"href":"https:\/\/climalife.com\/es\/wp-json\/wp\/v2\/media\/131319"}],"wp:attachment":[{"href":"https:\/\/climalife.com\/es\/wp-json\/wp\/v2\/media?parent=161326"}],"wp:term":[{"taxonomy":"countries","embeddable":true,"href":"https:\/\/climalife.com\/es\/wp-json\/wp\/v2\/countries?post=161326"},{"taxonomy":"product_brand","embeddable":true,"href":"https:\/\/climalife.com\/es\/wp-json\/wp\/v2\/product_brand?post=161326"},{"taxonomy":"product_cat","embeddable":true,"href":"https:\/\/climalife.com\/es\/wp-json\/wp\/v2\/product_cat?post=161326"},{"taxonomy":"product_tag","embeddable":true,"href":"https:\/\/climalife.com\/es\/wp-json\/wp\/v2\/product_tag?post=161326"}],"curies":[{"name":"wp","href":"https:\/\/api.w.org\/{rel}","templated":true}]}}