{"id":161347,"date":"2022-09-28T17:49:37","date_gmt":"2022-09-28T17:49:37","guid":{"rendered":"http:\/\/climalife.com\/product\/zerol-rfl-46-ep-zerol-rfl-68-ep\/"},"modified":"2024-01-25T13:53:09","modified_gmt":"2024-01-25T13:53:09","slug":"zerol-rfl-gama-ep","status":"publish","type":"product","link":"https:\/\/climalife.com\/es\/product\/zerol-rfl-gama-ep\/","title":{"rendered":"Zerol RFL gama EP"},"content":{"rendered":"<div dir=\"ltr\">\n<p>La gama RFL-EP de ZEROL ofrece las siguientes ventajas:<br \/>\n&#8211; Reducci\u00f3n de la ca\u00edda de viscosidad.<br \/>\n&#8211; Aceite PAG menos higrosc\u00f3pico.<br \/>\n&#8211; Alta estabilidad qu\u00edmica, t\u00e9rmica e hidrol\u00edtica.<br \/>\n&#8211; Excelente poder lubricante.<\/p>\n<p>Los aceites Zerol RFL-EP est\u00e1n disponibles en envases de 5 y 20 litros, en los grados de viscosidad 46 y 68.<\/p>\n<\/div>\n","protected":false},"excerpt":{"rendered":"<p>Gama de aceites PAG (polialquilenglicol) espec\u00edficamente formulados para operar en sistemas de CO2 (R-744).\u00a0Los aceites Zerol RFL-EP tienen una excelente estabilidad t\u00e9rmica y son ideales para funcionar en subcr\u00edtico y transcr\u00edtico.<\/p>\n","protected":false},"featured_media":124326,"comment_status":"open","ping_status":"closed","template":"","meta":[],"countries":[4674,4709,4756,4813,4831,4862],"product_brand":[],"product_cat":[9984,9979,9952,9943,9970,9997,13058,13093,13127,13452],"product_tag":[],"class_list":{"0":"post-161347","1":"product","2":"type-product","3":"status-publish","4":"has-post-thumbnail","6":"countries-by","7":"countries-cu","8":"countries-ir","9":"countries-kp","10":"countries-ru","11":"countries-sy","12":"product_cat-aeronautica-aeroespacial-defensa","13":"product_cat-automocion-transporte","14":"product_cat-construccion","15":"product_cat-alimentacion","16":"product_cat-salud-bienestar","17":"product_cat-otros-sectores","18":"product_cat-climatizacion","19":"product_cat-calefaccion","20":"product_cat-refrigeracion","21":"product_cat-pag-es","22":"pa_packaging-bidon-20-l-es-174","23":"pa_packaging-bidon-de-5-l-es-35","25":"first","26":"instock","27":"shipping-taxable","28":"purchasable","29":"product-type-variable"},"_links":{"self":[{"href":"https:\/\/climalife.com\/es\/wp-json\/wp\/v2\/product\/161347","targetHints":{"allow":["GET"]}}],"collection":[{"href":"https:\/\/climalife.com\/es\/wp-json\/wp\/v2\/product"}],"about":[{"href":"https:\/\/climalife.com\/es\/wp-json\/wp\/v2\/types\/product"}],"replies":[{"embeddable":true,"href":"https:\/\/climalife.com\/es\/wp-json\/wp\/v2\/comments?post=161347"}],"wp:featuredmedia":[{"embeddable":true,"href":"https:\/\/climalife.com\/es\/wp-json\/wp\/v2\/media\/124326"}],"wp:attachment":[{"href":"https:\/\/climalife.com\/es\/wp-json\/wp\/v2\/media?parent=161347"}],"wp:term":[{"taxonomy":"countries","embeddable":true,"href":"https:\/\/climalife.com\/es\/wp-json\/wp\/v2\/countries?post=161347"},{"taxonomy":"product_brand","embeddable":true,"href":"https:\/\/climalife.com\/es\/wp-json\/wp\/v2\/product_brand?post=161347"},{"taxonomy":"product_cat","embeddable":true,"href":"https:\/\/climalife.com\/es\/wp-json\/wp\/v2\/product_cat?post=161347"},{"taxonomy":"product_tag","embeddable":true,"href":"https:\/\/climalife.com\/es\/wp-json\/wp\/v2\/product_tag?post=161347"}],"curies":[{"name":"wp","href":"https:\/\/api.w.org\/{rel}","templated":true}]}}