{"id":161356,"date":"2022-09-28T17:49:45","date_gmt":"2022-09-28T17:49:45","guid":{"rendered":"http:\/\/climalife.com\/product\/r-404a-t-regenerado\/"},"modified":"2025-02-17T13:25:40","modified_gmt":"2025-02-17T13:25:40","slug":"r-404a-t-regenerado","status":"publish","type":"product","link":"https:\/\/climalife.com\/es\/product\/r-404a-t-regenerado\/","title":{"rendered":"R-404AT (regenerado)"},"content":{"rendered":"<p>Se utilizaba sobre todo en instalaciones como centrales frigor\u00edficas para grandes superficies (supermercados e hipermercados), c\u00e1maras frigor\u00edficas, instalaciones de congelaci\u00f3n de alimentos, muebles para la conservaci\u00f3n de alimentos congelados, y camiones frigor\u00edficos. Este fluido tambi\u00e9n pod\u00eda sustituir al R-502 en instalaciones existentes siguiendo un procedimiento.<\/p>\n","protected":false},"excerpt":{"rendered":"<p>El R-404AT es una mezcla HFC casi azeotr\u00f3pica derivada de la recuperaci\u00f3n y regeneraci\u00f3n del R-404A.<br \/>\nSu uso, autorizado hasta el 1 de enero de 2030, permitir\u00e1 el mantenimiento de los equipos que utilizan inicialmente R-404A virgen original, prohibido desde del 1 de enero de 2020.<\/p>\n","protected":false},"featured_media":203873,"comment_status":"open","ping_status":"closed","template":"","meta":[],"countries":[4674,4709,4756,4813,4831,4862],"product_brand":[],"product_cat":[9984,9979,9961,9943,9970,9997,13127,9526],"product_tag":[],"class_list":{"0":"post-161356","1":"product","2":"type-product","3":"status-publish","4":"has-post-thumbnail","6":"countries-by","7":"countries-cu","8":"countries-ir","9":"countries-kp","10":"countries-ru","11":"countries-sy","12":"product_cat-aeronautica-aeroespacial-defensa","13":"product_cat-automocion-transporte","14":"product_cat-energia","15":"product_cat-alimentacion","16":"product_cat-salud-bienestar","17":"product_cat-otros-sectores","18":"product_cat-refrigeracion","19":"product_cat-hfc-regenerados","21":"first","22":"instock","23":"shipping-taxable","24":"purchasable","25":"product-type-variable"},"_links":{"self":[{"href":"https:\/\/climalife.com\/es\/wp-json\/wp\/v2\/product\/161356","targetHints":{"allow":["GET"]}}],"collection":[{"href":"https:\/\/climalife.com\/es\/wp-json\/wp\/v2\/product"}],"about":[{"href":"https:\/\/climalife.com\/es\/wp-json\/wp\/v2\/types\/product"}],"replies":[{"embeddable":true,"href":"https:\/\/climalife.com\/es\/wp-json\/wp\/v2\/comments?post=161356"}],"wp:featuredmedia":[{"embeddable":true,"href":"https:\/\/climalife.com\/es\/wp-json\/wp\/v2\/media\/203873"}],"wp:attachment":[{"href":"https:\/\/climalife.com\/es\/wp-json\/wp\/v2\/media?parent=161356"}],"wp:term":[{"taxonomy":"countries","embeddable":true,"href":"https:\/\/climalife.com\/es\/wp-json\/wp\/v2\/countries?post=161356"},{"taxonomy":"product_brand","embeddable":true,"href":"https:\/\/climalife.com\/es\/wp-json\/wp\/v2\/product_brand?post=161356"},{"taxonomy":"product_cat","embeddable":true,"href":"https:\/\/climalife.com\/es\/wp-json\/wp\/v2\/product_cat?post=161356"},{"taxonomy":"product_tag","embeddable":true,"href":"https:\/\/climalife.com\/es\/wp-json\/wp\/v2\/product_tag?post=161356"}],"curies":[{"name":"wp","href":"https:\/\/api.w.org\/{rel}","templated":true}]}}