{"id":161369,"date":"2022-09-28T17:49:54","date_gmt":"2022-09-28T17:49:54","guid":{"rendered":"http:\/\/climalife.com\/product\/prestobul-max\/"},"modified":"2024-01-25T13:53:08","modified_gmt":"2024-01-25T13:53:08","slug":"prestobul-max","status":"publish","type":"product","link":"https:\/\/climalife.com\/es\/product\/prestobul-max\/","title":{"rendered":"Prestobul Max"},"content":{"rendered":"","protected":false},"excerpt":{"rendered":"<p>Prestobul Max se presenta en formato aerosol de 400 ml y permite detectar fugas en instalaciones de refrigeraci\u00f3n, de climatizaci\u00f3n y de aire acondicionado, as\u00ed como de sistemas que contienen fluido refrigerante o gas a presi\u00f3n.<\/p>\n","protected":false},"featured_media":121509,"comment_status":"open","ping_status":"closed","template":"","meta":[],"countries":[4674,4709,4756,4813,4831,4862],"product_brand":[],"product_cat":[9984,9979,9952,9961,9943,9970,9997,13058,13111,13127,9376],"product_tag":[],"class_list":{"0":"post-161369","1":"product","2":"type-product","3":"status-publish","4":"has-post-thumbnail","6":"countries-by","7":"countries-cu","8":"countries-ir","9":"countries-kp","10":"countries-ru","11":"countries-sy","12":"product_cat-aeronautica-aeroespacial-defensa","13":"product_cat-automocion-transporte","14":"product_cat-construccion","15":"product_cat-energia","16":"product_cat-alimentacion","17":"product_cat-salud-bienestar","18":"product_cat-otros-sectores","19":"product_cat-climatizacion","20":"product_cat-orc-ciclo-organico-rankine","21":"product_cat-refrigeracion","22":"product_cat-detector-portatil","23":"pa_packaging-caja-de-12-aerosoles-de-400-ml-es-311","25":"first","26":"instock","27":"shipping-taxable","28":"purchasable","29":"product-type-variable"},"_links":{"self":[{"href":"https:\/\/climalife.com\/es\/wp-json\/wp\/v2\/product\/161369","targetHints":{"allow":["GET"]}}],"collection":[{"href":"https:\/\/climalife.com\/es\/wp-json\/wp\/v2\/product"}],"about":[{"href":"https:\/\/climalife.com\/es\/wp-json\/wp\/v2\/types\/product"}],"replies":[{"embeddable":true,"href":"https:\/\/climalife.com\/es\/wp-json\/wp\/v2\/comments?post=161369"}],"wp:featuredmedia":[{"embeddable":true,"href":"https:\/\/climalife.com\/es\/wp-json\/wp\/v2\/media\/121509"}],"wp:attachment":[{"href":"https:\/\/climalife.com\/es\/wp-json\/wp\/v2\/media?parent=161369"}],"wp:term":[{"taxonomy":"countries","embeddable":true,"href":"https:\/\/climalife.com\/es\/wp-json\/wp\/v2\/countries?post=161369"},{"taxonomy":"product_brand","embeddable":true,"href":"https:\/\/climalife.com\/es\/wp-json\/wp\/v2\/product_brand?post=161369"},{"taxonomy":"product_cat","embeddable":true,"href":"https:\/\/climalife.com\/es\/wp-json\/wp\/v2\/product_cat?post=161369"},{"taxonomy":"product_tag","embeddable":true,"href":"https:\/\/climalife.com\/es\/wp-json\/wp\/v2\/product_tag?post=161369"}],"curies":[{"name":"wp","href":"https:\/\/api.w.org\/{rel}","templated":true}]}}