{"id":161380,"date":"2022-12-15T10:00:02","date_gmt":"2022-12-15T10:00:02","guid":{"rendered":"http:\/\/climalife.com\/product\/r-455a-solstice-l40x\/"},"modified":"2026-03-10T09:42:38","modified_gmt":"2026-03-10T09:42:38","slug":"r-455a-solstice-l40x","status":"publish","type":"product","link":"https:\/\/climalife.com\/es\/product\/r-455a-solstice-l40x\/","title":{"rendered":"R-455A Solstice\u00ae L40X"},"content":{"rendered":"<p>El rendimiento termodin\u00e1mico del R-455A Solstice\u00ae L40X permite su uso en \u00e1reas de aplicaci\u00f3n previamente cubiertas por el R-22 y el R-404A, que van desde refrigeraci\u00f3n negativa y positiva hasta bombas de calor.<\/p>\n","protected":false},"excerpt":{"rendered":"<p>R-455A Solstice\u00ae L40X es una mezcla no azeotr\u00f3pica (HFC\/HFO) con un PCA &lt;150.<\/p>\n","protected":false},"featured_media":201373,"comment_status":"open","ping_status":"closed","template":"","meta":[],"countries":[4674,4709,4756,4813,4831,4862],"product_brand":[],"product_cat":[9943,9979,13058,9952,9612,9997,13127,9970],"product_tag":[],"class_list":{"0":"post-161380","1":"product","2":"type-product","3":"status-publish","4":"has-post-thumbnail","6":"countries-by","7":"countries-cu","8":"countries-ir","9":"countries-kp","10":"countries-ru","11":"countries-sy","12":"product_cat-alimentacion","13":"product_cat-automocion-transporte","14":"product_cat-climatizacion","15":"product_cat-construccion","16":"product_cat-mezclas-hfc-hfo","17":"product_cat-otros-sectores","18":"product_cat-refrigeracion","19":"product_cat-salud-bienestar","21":"first","22":"instock","23":"shipping-taxable","24":"purchasable","25":"product-type-variable"},"_links":{"self":[{"href":"https:\/\/climalife.com\/es\/wp-json\/wp\/v2\/product\/161380","targetHints":{"allow":["GET"]}}],"collection":[{"href":"https:\/\/climalife.com\/es\/wp-json\/wp\/v2\/product"}],"about":[{"href":"https:\/\/climalife.com\/es\/wp-json\/wp\/v2\/types\/product"}],"replies":[{"embeddable":true,"href":"https:\/\/climalife.com\/es\/wp-json\/wp\/v2\/comments?post=161380"}],"wp:featuredmedia":[{"embeddable":true,"href":"https:\/\/climalife.com\/es\/wp-json\/wp\/v2\/media\/201373"}],"wp:attachment":[{"href":"https:\/\/climalife.com\/es\/wp-json\/wp\/v2\/media?parent=161380"}],"wp:term":[{"taxonomy":"countries","embeddable":true,"href":"https:\/\/climalife.com\/es\/wp-json\/wp\/v2\/countries?post=161380"},{"taxonomy":"product_brand","embeddable":true,"href":"https:\/\/climalife.com\/es\/wp-json\/wp\/v2\/product_brand?post=161380"},{"taxonomy":"product_cat","embeddable":true,"href":"https:\/\/climalife.com\/es\/wp-json\/wp\/v2\/product_cat?post=161380"},{"taxonomy":"product_tag","embeddable":true,"href":"https:\/\/climalife.com\/es\/wp-json\/wp\/v2\/product_tag?post=161380"}],"curies":[{"name":"wp","href":"https:\/\/api.w.org\/{rel}","templated":true}]}}