{"id":161395,"date":"2022-09-28T17:50:18","date_gmt":"2022-09-28T17:50:18","guid":{"rendered":"http:\/\/climalife.com\/?post_type=product&#038;p=161395"},"modified":"2026-01-29T13:54:54","modified_gmt":"2026-01-29T13:54:54","slug":"botella-de-recuperacion-a2l","status":"publish","type":"product","link":"https:\/\/climalife.com\/es\/product\/botella-de-recuperacion-a2l\/","title":{"rendered":"Botella de recuperaci\u00f3n A2L"},"content":{"rendered":"<p>Disponible s\u00f3lo en algunos pa\u00edses. <a href=\"mailto:climalife.es@climalife.,dehon.com\">CONSULTE a su comercial habitual<\/a>.<\/p>\n","protected":false},"excerpt":{"rendered":"<p>Para los hidrocarburos R-290, R-600a y HFO (R-1234yf, R-455A, R-452B\u2026).\u00a0Para R-32 utilice el cilindro de 48 bares.<\/p>\n","protected":false},"featured_media":108144,"comment_status":"open","ping_status":"closed","template":"","meta":[],"countries":[4674,4709,4756,4813,4831,4862],"product_brand":[],"product_cat":[9943,9952,13251,9219,9997],"product_tag":[13817,13796,13816],"class_list":{"0":"post-161395","1":"product","2":"type-product","3":"status-publish","4":"has-post-thumbnail","6":"countries-by","7":"countries-cu","8":"countries-ir","9":"countries-kp","10":"countries-ru","11":"countries-sy","12":"product_cat-alimentacion","13":"product_cat-construccion","14":"product_cat-gestion-de-residuos-gas","15":"product_cat-industrias","16":"product_cat-otros-sectores","17":"product_tag-destruccion-gases-fluorados","18":"product_tag-gestion-de-residuos","19":"product_tag-regeneracion-gases-fluorados","20":"pa_packaging-12-l-es-132","21":"pa_packaging-botella-27-i-es-34","22":"pa_packaging-88-l-es-126","23":"pa_pressure-42-bares-es-242","25":"first","26":"instock","27":"shipping-taxable","28":"purchasable","29":"product-type-simple"},"_links":{"self":[{"href":"https:\/\/climalife.com\/es\/wp-json\/wp\/v2\/product\/161395","targetHints":{"allow":["GET"]}}],"collection":[{"href":"https:\/\/climalife.com\/es\/wp-json\/wp\/v2\/product"}],"about":[{"href":"https:\/\/climalife.com\/es\/wp-json\/wp\/v2\/types\/product"}],"replies":[{"embeddable":true,"href":"https:\/\/climalife.com\/es\/wp-json\/wp\/v2\/comments?post=161395"}],"wp:featuredmedia":[{"embeddable":true,"href":"https:\/\/climalife.com\/es\/wp-json\/wp\/v2\/media\/108144"}],"wp:attachment":[{"href":"https:\/\/climalife.com\/es\/wp-json\/wp\/v2\/media?parent=161395"}],"wp:term":[{"taxonomy":"countries","embeddable":true,"href":"https:\/\/climalife.com\/es\/wp-json\/wp\/v2\/countries?post=161395"},{"taxonomy":"product_brand","embeddable":true,"href":"https:\/\/climalife.com\/es\/wp-json\/wp\/v2\/product_brand?post=161395"},{"taxonomy":"product_cat","embeddable":true,"href":"https:\/\/climalife.com\/es\/wp-json\/wp\/v2\/product_cat?post=161395"},{"taxonomy":"product_tag","embeddable":true,"href":"https:\/\/climalife.com\/es\/wp-json\/wp\/v2\/product_tag?post=161395"}],"curies":[{"name":"wp","href":"https:\/\/api.w.org\/{rel}","templated":true}]}}