{"id":161404,"date":"2022-09-28T17:50:26","date_gmt":"2022-09-28T17:50:26","guid":{"rendered":"http:\/\/climalife.com\/product\/solstice-ze-r-1234ze\/"},"modified":"2025-02-18T13:01:00","modified_gmt":"2025-02-18T13:01:00","slug":"solstice-ze-r-1234ze","status":"publish","type":"product","link":"https:\/\/climalife.com\/es\/product\/solstice-ze-r-1234ze\/","title":{"rendered":"R-1234ze Solstice\u00ae ze"},"content":{"rendered":"<p>Se puede utilizar para enfriadoras y bombas de calor, y es compatible con aceites de poli\u00e9ster (POE).<\/p>\n","protected":false},"excerpt":{"rendered":"<p>R-1234ze Solstice<sup>\u00ae<\/sup> ze es un gas fluorado de la familia HFO. Este producto tiene muy bajo PCA (A2L) y es adecuado para aplicaciones de aire acondicionado.<\/p>\n<p>Es un refrigerante ligeramente inflamable \u00fanicamente una vez cargado en la instalaci\u00f3n; para almacenamiento y transporte conforme a normativa act\u00faa como un A1: no t\u00f3xico y no inflamable.<\/p>\n","protected":false},"featured_media":203873,"comment_status":"open","ping_status":"closed","template":"","meta":[],"countries":[4674,4709,4756,4813,4831,4862],"product_brand":[],"product_cat":[9984,9952,9961,9943,9970,9997,13058,13093,13127,9665],"product_tag":[],"class_list":{"0":"post-161404","1":"product","2":"type-product","3":"status-publish","4":"has-post-thumbnail","6":"countries-by","7":"countries-cu","8":"countries-ir","9":"countries-kp","10":"countries-ru","11":"countries-sy","12":"product_cat-aeronautica-aeroespacial-defensa","13":"product_cat-construccion","14":"product_cat-energia","15":"product_cat-alimentacion","16":"product_cat-salud-bienestar","17":"product_cat-otros-sectores","18":"product_cat-climatizacion","19":"product_cat-calefaccion","20":"product_cat-refrigeracion","21":"product_cat-hfo-es-23","23":"first","24":"instock","25":"shipping-taxable","26":"purchasable","27":"product-type-variable"},"_links":{"self":[{"href":"https:\/\/climalife.com\/es\/wp-json\/wp\/v2\/product\/161404","targetHints":{"allow":["GET"]}}],"collection":[{"href":"https:\/\/climalife.com\/es\/wp-json\/wp\/v2\/product"}],"about":[{"href":"https:\/\/climalife.com\/es\/wp-json\/wp\/v2\/types\/product"}],"replies":[{"embeddable":true,"href":"https:\/\/climalife.com\/es\/wp-json\/wp\/v2\/comments?post=161404"}],"wp:featuredmedia":[{"embeddable":true,"href":"https:\/\/climalife.com\/es\/wp-json\/wp\/v2\/media\/203873"}],"wp:attachment":[{"href":"https:\/\/climalife.com\/es\/wp-json\/wp\/v2\/media?parent=161404"}],"wp:term":[{"taxonomy":"countries","embeddable":true,"href":"https:\/\/climalife.com\/es\/wp-json\/wp\/v2\/countries?post=161404"},{"taxonomy":"product_brand","embeddable":true,"href":"https:\/\/climalife.com\/es\/wp-json\/wp\/v2\/product_brand?post=161404"},{"taxonomy":"product_cat","embeddable":true,"href":"https:\/\/climalife.com\/es\/wp-json\/wp\/v2\/product_cat?post=161404"},{"taxonomy":"product_tag","embeddable":true,"href":"https:\/\/climalife.com\/es\/wp-json\/wp\/v2\/product_tag?post=161404"}],"curies":[{"name":"wp","href":"https:\/\/api.w.org\/{rel}","templated":true}]}}