{"id":161413,"date":"2022-09-28T17:50:35","date_gmt":"2022-09-28T17:50:35","guid":{"rendered":"http:\/\/climalife.com\/product\/solrnett\/"},"modified":"2024-01-25T13:53:05","modified_gmt":"2024-01-25T13:53:05","slug":"solrnett","status":"publish","type":"product","link":"https:\/\/climalife.com\/es\/product\/solrnett\/","title":{"rendered":"SolRnett"},"content":{"rendered":"<p>Para la limpieza interna de circuitos solares que presentan p\u00e9rdida de flujo debido a la caramelizaci\u00f3n del caloportador. Ayuda a restaurar la circulaci\u00f3n y evitar la sustituci\u00f3n de placas solares. Producto acuoso con agentes alcalinos. Eficaz a temperatura ambiente. Listo para\u00a0usar.<\/p>\n","protected":false},"excerpt":{"rendered":"<p>Desincrustador solar.<\/p>\n","protected":false},"featured_media":109179,"comment_status":"open","ping_status":"closed","template":"","meta":[],"countries":[4674,4709,4756,4813,4831,4862],"product_brand":[],"product_cat":[13093,9952,9961,13136,9359,9997],"product_tag":[],"class_list":{"0":"post-161413","1":"product","2":"type-product","3":"status-publish","4":"has-post-thumbnail","6":"countries-by","7":"countries-cu","8":"countries-ir","9":"countries-kp","10":"countries-ru","11":"countries-sy","12":"product_cat-calefaccion","13":"product_cat-construccion","14":"product_cat-energia","15":"product_cat-energias-renovables","16":"product_cat-interna-circuitos-secundarios","17":"product_cat-otros-sectores","18":"pa_packaging-barril-210-i-es-28","19":"pa_packaging-bidon-20-l-es-36","21":"first","22":"instock","23":"shipping-taxable","24":"purchasable","25":"product-type-variable"},"_links":{"self":[{"href":"https:\/\/climalife.com\/es\/wp-json\/wp\/v2\/product\/161413","targetHints":{"allow":["GET"]}}],"collection":[{"href":"https:\/\/climalife.com\/es\/wp-json\/wp\/v2\/product"}],"about":[{"href":"https:\/\/climalife.com\/es\/wp-json\/wp\/v2\/types\/product"}],"replies":[{"embeddable":true,"href":"https:\/\/climalife.com\/es\/wp-json\/wp\/v2\/comments?post=161413"}],"wp:featuredmedia":[{"embeddable":true,"href":"https:\/\/climalife.com\/es\/wp-json\/wp\/v2\/media\/109179"}],"wp:attachment":[{"href":"https:\/\/climalife.com\/es\/wp-json\/wp\/v2\/media?parent=161413"}],"wp:term":[{"taxonomy":"countries","embeddable":true,"href":"https:\/\/climalife.com\/es\/wp-json\/wp\/v2\/countries?post=161413"},{"taxonomy":"product_brand","embeddable":true,"href":"https:\/\/climalife.com\/es\/wp-json\/wp\/v2\/product_brand?post=161413"},{"taxonomy":"product_cat","embeddable":true,"href":"https:\/\/climalife.com\/es\/wp-json\/wp\/v2\/product_cat?post=161413"},{"taxonomy":"product_tag","embeddable":true,"href":"https:\/\/climalife.com\/es\/wp-json\/wp\/v2\/product_tag?post=161413"}],"curies":[{"name":"wp","href":"https:\/\/api.w.org\/{rel}","templated":true}]}}