{"id":161488,"date":"2022-09-28T17:51:32","date_gmt":"2022-09-28T17:51:32","guid":{"rendered":"http:\/\/climalife.com\/product\/friogel-neo-listo-para-usar\/"},"modified":"2026-02-26T10:34:53","modified_gmt":"2026-02-26T10:34:53","slug":"friogel-neo-listo-para-usar","status":"publish","type":"product","link":"https:\/\/climalife.com\/es\/product\/friogel-neo-listo-para-usar\/","title":{"rendered":"Friogel\u00ae Neo listo para usar"},"content":{"rendered":"<p>Disponible en varias diluiciones, <strong>Friogel<sup>\u00ae<\/sup> Neo<\/strong>\u00a0proporciona una excelente protecci\u00f3n contra las heladas y la corrosi\u00f3n de metales presentes en varios circuitos de dise\u00f1o antiguo o nuevo (acero, aluminio, cobre, lat\u00f3n, soldadura, etc.). Esta protecci\u00f3n ha sido validada por numerosas pruebas est\u00e1ticas y din\u00e1micas.<\/p>\n<p><span id=\"result_box\" lang=\"es\">La formulaci\u00f3n de <strong>Friogel<sup>\u00ae<\/sup> Neo<\/strong><strong>\u00a0<\/strong>est\u00e1 libre de b\u00f3rax, un aditivo clasificado como t\u00f3xico seg\u00fan el 30 congreso ATP europeo (Adaptaci\u00f3n al Progreso T\u00e9cnico).<\/span><\/p>\n<p>La tecnolog\u00eda anticorrosiva utilizada en <strong>Friogel<sup>\u00ae<\/sup> Neo<\/strong><strong>\u00a0<\/strong>se denomina org\u00e1nica, basada en \u00e1cidos carbox\u00edlicos neutralizados, sin fosfatos, sin nitritos y sin aminas. Estos agentes anticorrosi\u00f3n proporcionan una protecci\u00f3n duradera.<\/p>\n<p><span lang=\"es\"><span id=\"result_box\" lang=\"es\">Su exclusiva f\u00f3rmula garantiza una excelente estabilidad del agua dura sin riesgo de precipitaci\u00f3n de los sistemas de inhibici\u00f3n.\u00a0<\/span><\/span><\/p>\n<p><span lang=\"es\"><span id=\"result_box\" lang=\"es\">Se reducen considerablemente los riesgos de deposici\u00f3n a medio plazo debidos a la corrosi\u00f3n de la planta o a la alteraci\u00f3n de los compuestos qu\u00edmicos, por la estabilidad de la f\u00f3rmula de inhibici\u00f3n.<\/span><\/span><\/p>\n<p><span lang=\"es\"><span lang=\"es\"><span id=\"result_box\" lang=\"es\">Se recomienda el control de concentraci\u00f3n de <strong>Friogel\u00ae Neo<\/strong><strong>\u00a0<\/strong>durante el mantenimiento anual de las instalaciones para evitar riesgos de obstrucci\u00f3n.<\/span><\/span><\/span><\/p>\n<p>La coloraci\u00f3n roja de <strong>Friogel\u00ae Neo<\/strong><strong>\u00a0<\/strong>permite su identificaci\u00f3n inmediata.<\/p>\n<p>&nbsp;<\/p>\n","protected":false},"excerpt":{"rendered":"<p><strong>Friogel\u00ae Neo<\/strong> a base de monopropilenglicol e inhibidores de corrosi\u00f3n es un caloportador anticongelante concentrado para sistemas de refrigeraci\u00f3n de baja temperatura y de la industria alimentaria.<\/p>\n","protected":false},"featured_media":215682,"comment_status":"open","ping_status":"closed","template":"","meta":[],"countries":[4674,4709,4756,4813,4831,4862],"product_brand":[],"product_cat":[9984,9952,9943,9970,9997,13058,13084,13093,13127,13539],"product_tag":[],"class_list":{"0":"post-161488","1":"product","2":"type-product","3":"status-publish","4":"has-post-thumbnail","6":"countries-by","7":"countries-cu","8":"countries-ir","9":"countries-kp","10":"countries-ru","11":"countries-sy","12":"product_cat-aeronautica-aeroespacial-defensa","13":"product_cat-construccion","14":"product_cat-alimentacion","15":"product_cat-salud-bienestar","16":"product_cat-otros-sectores","17":"product_cat-climatizacion","18":"product_cat-proteccion-antincendios","19":"product_cat-calefaccion","20":"product_cat-refrigeracion","21":"product_cat-mpg-es","22":"pa_packaging-a-granel-10-t-es-140","23":"pa_packaging-a-granel-20-t-es-141","24":"pa_packaging-a-granel-5-t-es-144","25":"pa_packaging-barril-210-i-es-28","26":"pa_packaging-contenedor-1000-kg-es-139","27":"pa_protection-13-c-es-151","28":"pa_protection-18c-es-145","29":"pa_protection-20c-es-146","30":"pa_protection-23c-es-148","31":"pa_protection-29c-es-149","32":"pa_protection-34c-es-150","34":"first","35":"instock","36":"shipping-taxable","37":"purchasable","38":"product-type-variable"},"_links":{"self":[{"href":"https:\/\/climalife.com\/es\/wp-json\/wp\/v2\/product\/161488","targetHints":{"allow":["GET"]}}],"collection":[{"href":"https:\/\/climalife.com\/es\/wp-json\/wp\/v2\/product"}],"about":[{"href":"https:\/\/climalife.com\/es\/wp-json\/wp\/v2\/types\/product"}],"replies":[{"embeddable":true,"href":"https:\/\/climalife.com\/es\/wp-json\/wp\/v2\/comments?post=161488"}],"wp:featuredmedia":[{"embeddable":true,"href":"https:\/\/climalife.com\/es\/wp-json\/wp\/v2\/media\/215682"}],"wp:attachment":[{"href":"https:\/\/climalife.com\/es\/wp-json\/wp\/v2\/media?parent=161488"}],"wp:term":[{"taxonomy":"countries","embeddable":true,"href":"https:\/\/climalife.com\/es\/wp-json\/wp\/v2\/countries?post=161488"},{"taxonomy":"product_brand","embeddable":true,"href":"https:\/\/climalife.com\/es\/wp-json\/wp\/v2\/product_brand?post=161488"},{"taxonomy":"product_cat","embeddable":true,"href":"https:\/\/climalife.com\/es\/wp-json\/wp\/v2\/product_cat?post=161488"},{"taxonomy":"product_tag","embeddable":true,"href":"https:\/\/climalife.com\/es\/wp-json\/wp\/v2\/product_tag?post=161488"}],"curies":[{"name":"wp","href":"https:\/\/api.w.org\/{rel}","templated":true}]}}