{"id":161498,"date":"2023-09-20T08:53:40","date_gmt":"2023-09-20T08:53:40","guid":{"rendered":"http:\/\/climalife.com\/product\/botella-de-recuperacion-2\/"},"modified":"2024-01-25T13:50:05","modified_gmt":"2024-01-25T13:50:05","slug":"botella-de-recuperacion","status":"publish","type":"product","link":"https:\/\/climalife.com\/es\/product\/botella-de-recuperacion\/","title":{"rendered":"Botella de recuperaci\u00f3n"},"content":{"rendered":"","protected":false},"excerpt":{"rendered":"<p>Gesti\u00f3n de residuos: Climalife dispone de botellas espec\u00edficas destinadas a la recuperaci\u00f3n de gases fluorados para su tratamiento: regeneraci\u00f3n o destrucci\u00f3n.<\/p>\n","protected":false},"featured_media":201390,"comment_status":"open","ping_status":"closed","template":"","meta":[],"countries":[4674,4709,4756,4813,4831,4862],"product_brand":[],"product_cat":[13127,13251],"product_tag":[13817,13796,13816],"class_list":{"0":"post-161498","1":"product","2":"type-product","3":"status-publish","4":"has-post-thumbnail","6":"countries-by","7":"countries-cu","8":"countries-ir","9":"countries-kp","10":"countries-ru","11":"countries-sy","12":"product_cat-refrigeracion","13":"product_cat-gestion-de-residuos-gas","14":"product_tag-destruccion-gases-fluorados","15":"product_tag-gestion-de-residuos","16":"product_tag-regeneracion-gases-fluorados","17":"pa_packaging-botella-145-l","18":"pa_packaging-botella-26-i-es-32","19":"pa_packaging-botella-60-l-es-138","21":"first","22":"instock","23":"shipping-taxable","24":"purchasable","25":"product-type-variable"},"_links":{"self":[{"href":"https:\/\/climalife.com\/es\/wp-json\/wp\/v2\/product\/161498","targetHints":{"allow":["GET"]}}],"collection":[{"href":"https:\/\/climalife.com\/es\/wp-json\/wp\/v2\/product"}],"about":[{"href":"https:\/\/climalife.com\/es\/wp-json\/wp\/v2\/types\/product"}],"replies":[{"embeddable":true,"href":"https:\/\/climalife.com\/es\/wp-json\/wp\/v2\/comments?post=161498"}],"wp:featuredmedia":[{"embeddable":true,"href":"https:\/\/climalife.com\/es\/wp-json\/wp\/v2\/media\/201390"}],"wp:attachment":[{"href":"https:\/\/climalife.com\/es\/wp-json\/wp\/v2\/media?parent=161498"}],"wp:term":[{"taxonomy":"countries","embeddable":true,"href":"https:\/\/climalife.com\/es\/wp-json\/wp\/v2\/countries?post=161498"},{"taxonomy":"product_brand","embeddable":true,"href":"https:\/\/climalife.com\/es\/wp-json\/wp\/v2\/product_brand?post=161498"},{"taxonomy":"product_cat","embeddable":true,"href":"https:\/\/climalife.com\/es\/wp-json\/wp\/v2\/product_cat?post=161498"},{"taxonomy":"product_tag","embeddable":true,"href":"https:\/\/climalife.com\/es\/wp-json\/wp\/v2\/product_tag?post=161498"}],"curies":[{"name":"wp","href":"https:\/\/api.w.org\/{rel}","templated":true}]}}