{"id":161509,"date":"2022-09-28T17:51:48","date_gmt":"2022-09-28T17:51:48","guid":{"rendered":"http:\/\/climalife.com\/product\/r-22\/"},"modified":"2024-01-25T13:53:00","modified_gmt":"2024-01-25T13:53:00","slug":"r-22","status":"publish","type":"product","link":"https:\/\/climalife.com\/es\/product\/r-22\/","title":{"rendered":"R-22"},"content":{"rendered":"<p>Utilizado en\u00a0bajas temperaturas (hasta -40 \u00baC) el R-22\u00a0tambi\u00e9n es\u00a0adecuado para refrigeraci\u00f3n y baja congelaci\u00f3n. En aplicaciones de ahorro de energ\u00eda, permite la producci\u00f3n de bombas de calor con fuentes de calor de temperatura media (55 \u00baC m\u00e1ximo)<\/p>\n","protected":false},"excerpt":{"rendered":"<p>R-22 es un refrigerante HFC hidroclorofluorocarbono con un alto calor latente de evaporaci\u00f3n utilizado para el\u00a0aire acondicionado dom\u00e9stico, comercial e industrial.<\/p>\n","protected":false},"featured_media":107991,"comment_status":"open","ping_status":"closed","template":"","meta":[],"countries":[4652,4657,4660,4668,4674,4675,4681,4683,4688,4708,4709,4710,4711,4713,4722,4725,4727,4728,4729,4730,4731,4732,4736,4739,4740,4752,4753,4756,4758,4760,9125,4770,4775,4776,4777,4779,4785,4794,4796,4804,4813,4815,4826,4827,4893,4831,4839,4843,4847,4848,4854,4858,4860,4861,4862,4873,4880,4886],"product_brand":[],"product_cat":[9979,9952,9961,9943,9970,9997,13058,13093,13111,13127,9332],"product_tag":[],"class_list":{"0":"post-161509","1":"product","2":"type-product","3":"status-publish","4":"has-post-thumbnail","6":"countries-al","7":"countries-ad","8":"countries-aq","9":"countries-at","10":"countries-by","11":"countries-be","12":"countries-ba","13":"countries-bv","14":"countries-bg","15":"countries-hr","16":"countries-cu","17":"countries-cy","18":"countries-cz","19":"countries-dk","20":"countries-ee","21":"countries-fo","22":"countries-fi","23":"countries-fr","24":"countries-fr-gf-gp-mq-yt-re","25":"countries-gn","26":"countries-pf","27":"countries-tf","28":"countries-de","29":"countries-gr","30":"countries-gl","31":"countries-hu","32":"countries-is","33":"countries-ir","34":"countries-ie","35":"countries-it","36":"countries-xk","37":"countries-lv","38":"countries-li","39":"countries-lt","40":"countries-lu","41":"countries-mk","42":"countries-mt","43":"countries-mc","44":"countries-me","45":"countries-nl","46":"countries-kp","47":"countries-no","48":"countries-pl","49":"countries-pt","50":"countries-ro","51":"countries-ru","52":"countries-sm","53":"countries-rs","54":"countries-sk","55":"countries-si","56":"countries-es","57":"countries-sj","58":"countries-se","59":"countries-ch","60":"countries-sy","61":"countries-tr","62":"countries-gb","63":"countries-va","64":"product_cat-automocion-transporte","65":"product_cat-construccion","66":"product_cat-energia","67":"product_cat-alimentacion","68":"product_cat-salud-bienestar","69":"product_cat-otros-sectores","70":"product_cat-climatizacion","71":"product_cat-calefaccion","72":"product_cat-orc-ciclo-organico-rankine","73":"product_cat-refrigeracion","74":"product_cat-hcfc-refrigerantes","75":"pa_packaging-27-l-cylinder-en-34","76":"pa_packaging-448-l-container-en-74","77":"pa_packaging-52-l-cylinder-en-72","78":"pa_packaging-9-25-l-cylinder-en-65","79":"pa_packaging-930-l-container-en-76","80":"pa_packaging-friostar-en-69","82":"first","83":"instock","84":"shipping-taxable","85":"purchasable","86":"product-type-variable"},"_links":{"self":[{"href":"https:\/\/climalife.com\/es\/wp-json\/wp\/v2\/product\/161509","targetHints":{"allow":["GET"]}}],"collection":[{"href":"https:\/\/climalife.com\/es\/wp-json\/wp\/v2\/product"}],"about":[{"href":"https:\/\/climalife.com\/es\/wp-json\/wp\/v2\/types\/product"}],"replies":[{"embeddable":true,"href":"https:\/\/climalife.com\/es\/wp-json\/wp\/v2\/comments?post=161509"}],"wp:featuredmedia":[{"embeddable":true,"href":"https:\/\/climalife.com\/es\/wp-json\/wp\/v2\/media\/107991"}],"wp:attachment":[{"href":"https:\/\/climalife.com\/es\/wp-json\/wp\/v2\/media?parent=161509"}],"wp:term":[{"taxonomy":"countries","embeddable":true,"href":"https:\/\/climalife.com\/es\/wp-json\/wp\/v2\/countries?post=161509"},{"taxonomy":"product_brand","embeddable":true,"href":"https:\/\/climalife.com\/es\/wp-json\/wp\/v2\/product_brand?post=161509"},{"taxonomy":"product_cat","embeddable":true,"href":"https:\/\/climalife.com\/es\/wp-json\/wp\/v2\/product_cat?post=161509"},{"taxonomy":"product_tag","embeddable":true,"href":"https:\/\/climalife.com\/es\/wp-json\/wp\/v2\/product_tag?post=161509"}],"curies":[{"name":"wp","href":"https:\/\/api.w.org\/{rel}","templated":true}]}}