{"id":161519,"date":"2022-09-28T17:51:57","date_gmt":"2022-09-28T17:51:57","guid":{"rendered":"http:\/\/climalife.com\/product\/nettogaz-gc\/"},"modified":"2025-02-25T09:27:30","modified_gmt":"2025-02-25T09:27:30","slug":"nettogaz-gc","status":"publish","type":"product","link":"https:\/\/climalife.com\/es\/product\/nettogaz-gc\/","title":{"rendered":"Nettogaz GC+"},"content":{"rendered":"<p>Desarrollado por Climalife, elimina calaminas e impurezas (agua o part\u00edculas s\u00f3lidas) que puedan contener los circuitos antes o despu\u00e9s de un problema. Su excelente poder de limpieza lo hace especialmente efectivo con todos los lubricantes de refrigeraci\u00f3n comunes.<\/p>\n<p>Las propiedades del GC+ lo hacen muy sencillo de usar.<\/p>\n","protected":false},"excerpt":{"rendered":"<p>Nettogaz GC+ est\u00e1 pensado para la limpieza interna de peque\u00f1os circuitos de refrigeraci\u00f3n y aire acondicionado.<\/p>\n<p>Para aplicaciones industriales ver Facilisolv<sup>\u00ae<\/sup><\/p>\n","protected":false},"featured_media":108072,"comment_status":"open","ping_status":"closed","template":"","meta":[],"countries":[4674,4709,4756,4813,4831,4862],"product_brand":[],"product_cat":[9984,9943,9979,13093,13058,9952,9233,9997,13127,9970],"product_tag":[],"class_list":{"0":"post-161519","1":"product","2":"type-product","3":"status-publish","4":"has-post-thumbnail","6":"countries-by","7":"countries-cu","8":"countries-ir","9":"countries-kp","10":"countries-ru","11":"countries-sy","12":"product_cat-aeronautica-aeroespacial-defensa","13":"product_cat-alimentacion","14":"product_cat-automocion-transporte","15":"product_cat-calefaccion","16":"product_cat-climatizacion","17":"product_cat-construccion","18":"product_cat-interna-instalaciones","19":"product_cat-otros-sectores","20":"product_cat-refrigeracion","21":"product_cat-salud-bienestar","22":"pa_packaging-friocatch-es-86","24":"first","25":"instock","26":"shipping-taxable","27":"purchasable","28":"product-type-variable"},"_links":{"self":[{"href":"https:\/\/climalife.com\/es\/wp-json\/wp\/v2\/product\/161519","targetHints":{"allow":["GET"]}}],"collection":[{"href":"https:\/\/climalife.com\/es\/wp-json\/wp\/v2\/product"}],"about":[{"href":"https:\/\/climalife.com\/es\/wp-json\/wp\/v2\/types\/product"}],"replies":[{"embeddable":true,"href":"https:\/\/climalife.com\/es\/wp-json\/wp\/v2\/comments?post=161519"}],"wp:featuredmedia":[{"embeddable":true,"href":"https:\/\/climalife.com\/es\/wp-json\/wp\/v2\/media\/108072"}],"wp:attachment":[{"href":"https:\/\/climalife.com\/es\/wp-json\/wp\/v2\/media?parent=161519"}],"wp:term":[{"taxonomy":"countries","embeddable":true,"href":"https:\/\/climalife.com\/es\/wp-json\/wp\/v2\/countries?post=161519"},{"taxonomy":"product_brand","embeddable":true,"href":"https:\/\/climalife.com\/es\/wp-json\/wp\/v2\/product_brand?post=161519"},{"taxonomy":"product_cat","embeddable":true,"href":"https:\/\/climalife.com\/es\/wp-json\/wp\/v2\/product_cat?post=161519"},{"taxonomy":"product_tag","embeddable":true,"href":"https:\/\/climalife.com\/es\/wp-json\/wp\/v2\/product_tag?post=161519"}],"curies":[{"name":"wp","href":"https:\/\/api.w.org\/{rel}","templated":true}]}}