{"id":161528,"date":"2022-09-28T17:52:05","date_gmt":"2022-09-28T17:52:05","guid":{"rendered":"http:\/\/climalife.com\/product\/apc\/"},"modified":"2024-01-25T13:52:58","modified_gmt":"2024-01-25T13:52:58","slug":"analisis-caloportador-glicol-apc","status":"publish","type":"product","link":"https:\/\/climalife.com\/es\/product\/analisis-caloportador-glicol-apc\/","title":{"rendered":"An\u00e1lisis caloportador glicol Kit APC"},"content":{"rendered":"<p>El kit APC incluye una ficha de identificaci\u00f3n y una botella para la toma de muestras que deben enviarse al laboratorio Climalife.<\/p>\n<p>Consulte cualquier duda con su comercial habitual.<\/p>\n<p><strong>3 kits de\u00a0prueba disponibles:<\/strong><\/p>\n<p>APC A<strong> =<\/strong>\u00a0Aspecto + punto de congelaci\u00f3n de productos con base glicol o 1,3 propanodiol.<\/p>\n<p>APC B =\u00a0APC A + densidad a 20 \u00b0C + reserva alcalina\u00a0(an\u00e1lisis de la degradaci\u00f3n)\u00a0+ pH para productos a base de glicol o de 1,3 propanodiol.<\/p>\n<p>APC D =\u00a0APC B + an\u00e1lisis cuantiglicol CPG (cromatograf\u00eda en fases gaseosa) solo para productos a base de glicol.<\/p>\n","protected":false},"excerpt":{"rendered":"<p>Kit APC: An\u00e1lisis Peri\u00f3dico del Caloportador e interpretaci\u00f3n de los resultados por el laboratorio Climalife.<\/p>\n<p>Solicite <a href=\"mailto:climalife.es@climalife.dehon.com\" target=\"_blank\" rel=\"noopener\">AQU\u00cd por email<\/a> presupuesto personalizado para su proyecto espec\u00edfico<\/p>\n","protected":false},"featured_media":121932,"comment_status":"open","ping_status":"closed","template":"","meta":[],"countries":[4674,4709,4756,4813,4831,4862],"product_brand":[],"product_cat":[9984,9952,9943,9970,9997,13058,13093,13127,9485],"product_tag":[],"class_list":{"0":"post-161528","1":"product","2":"type-product","3":"status-publish","4":"has-post-thumbnail","6":"countries-by","7":"countries-cu","8":"countries-ir","9":"countries-kp","10":"countries-ru","11":"countries-sy","12":"product_cat-aeronautica-aeroespacial-defensa","13":"product_cat-construccion","14":"product_cat-alimentacion","15":"product_cat-salud-bienestar","16":"product_cat-otros-sectores","17":"product_cat-climatizacion","18":"product_cat-calefaccion","19":"product_cat-refrigeracion","20":"product_cat-analisis-de-caloportadores","21":"pa_packaging-unidad-es-25","23":"first","24":"instock","25":"shipping-taxable","26":"purchasable","27":"product-type-variable"},"_links":{"self":[{"href":"https:\/\/climalife.com\/es\/wp-json\/wp\/v2\/product\/161528","targetHints":{"allow":["GET"]}}],"collection":[{"href":"https:\/\/climalife.com\/es\/wp-json\/wp\/v2\/product"}],"about":[{"href":"https:\/\/climalife.com\/es\/wp-json\/wp\/v2\/types\/product"}],"replies":[{"embeddable":true,"href":"https:\/\/climalife.com\/es\/wp-json\/wp\/v2\/comments?post=161528"}],"wp:featuredmedia":[{"embeddable":true,"href":"https:\/\/climalife.com\/es\/wp-json\/wp\/v2\/media\/121932"}],"wp:attachment":[{"href":"https:\/\/climalife.com\/es\/wp-json\/wp\/v2\/media?parent=161528"}],"wp:term":[{"taxonomy":"countries","embeddable":true,"href":"https:\/\/climalife.com\/es\/wp-json\/wp\/v2\/countries?post=161528"},{"taxonomy":"product_brand","embeddable":true,"href":"https:\/\/climalife.com\/es\/wp-json\/wp\/v2\/product_brand?post=161528"},{"taxonomy":"product_cat","embeddable":true,"href":"https:\/\/climalife.com\/es\/wp-json\/wp\/v2\/product_cat?post=161528"},{"taxonomy":"product_tag","embeddable":true,"href":"https:\/\/climalife.com\/es\/wp-json\/wp\/v2\/product_tag?post=161528"}],"curies":[{"name":"wp","href":"https:\/\/api.w.org\/{rel}","templated":true}]}}