{"id":161540,"date":"2022-09-28T17:52:12","date_gmt":"2022-09-28T17:52:12","guid":{"rendered":"http:\/\/climalife.com\/product\/dph-analisis-de-aceite\/"},"modified":"2024-10-22T09:40:50","modified_gmt":"2024-10-22T09:40:50","slug":"dph-analisis-de-aceite","status":"publish","type":"product","link":"https:\/\/climalife.com\/es\/product\/dph-analisis-de-aceite\/","title":{"rendered":"An\u00e1lisis aceite refrigerante: DPH"},"content":{"rendered":"<p><strong>DPH A:<\/strong> apariencia + viscosidad + \u00edndice de acidez + contenido\u00a0de agua + elementos que indican desgaste + aditivos + contaminantes.<\/p>\n<p><strong>DPH B:<\/strong>\u00a0DPH A +\u00a0rigidez diel\u00e9ctrica.<\/p>\n<p><strong>DPH G:<\/strong> DPH A + <span data-teams=\"true\"><span class=\"ui-provider a b c d e f g h i j k l m n o p q r s t u v w x y z ab ac ae af ag ah ai aj ak\" dir=\"ltr\">gravimetr\u00eda<\/span><\/span>.<\/p>\n","protected":false},"excerpt":{"rendered":"<p>Diagn\u00f3stico peri\u00f3dico de aceites lubricantes para refrigeraci\u00f3n. Los resultados son comparados\u00a0con los\u00a0valores est\u00e1ndar y con las recomendaciones de Climalife.<\/p>\n","protected":false},"featured_media":108117,"comment_status":"open","ping_status":"closed","template":"","meta":[],"countries":[4674,4709,4756,4813,4831,4862],"product_brand":[],"product_cat":[9984,9952,9943,9970,9997,13058,13093,13127,9368],"product_tag":[],"class_list":{"0":"post-161540","1":"product","2":"type-product","3":"status-publish","4":"has-post-thumbnail","6":"countries-by","7":"countries-cu","8":"countries-ir","9":"countries-kp","10":"countries-ru","11":"countries-sy","12":"product_cat-aeronautica-aeroespacial-defensa","13":"product_cat-construccion","14":"product_cat-alimentacion","15":"product_cat-salud-bienestar","16":"product_cat-otros-sectores","17":"product_cat-climatizacion","18":"product_cat-calefaccion","19":"product_cat-refrigeracion","20":"product_cat-analisis-de-aceites","21":"pa_packaging-tres-botellas-de-60-ml-es-4","22":"pa_packaging-una-botella-de-50-ml","23":"pa_packaging-una-botella-de-500-ml-es-3","25":"first","26":"instock","27":"shipping-taxable","28":"purchasable","29":"product-type-variable"},"_links":{"self":[{"href":"https:\/\/climalife.com\/es\/wp-json\/wp\/v2\/product\/161540","targetHints":{"allow":["GET"]}}],"collection":[{"href":"https:\/\/climalife.com\/es\/wp-json\/wp\/v2\/product"}],"about":[{"href":"https:\/\/climalife.com\/es\/wp-json\/wp\/v2\/types\/product"}],"replies":[{"embeddable":true,"href":"https:\/\/climalife.com\/es\/wp-json\/wp\/v2\/comments?post=161540"}],"wp:featuredmedia":[{"embeddable":true,"href":"https:\/\/climalife.com\/es\/wp-json\/wp\/v2\/media\/108117"}],"wp:attachment":[{"href":"https:\/\/climalife.com\/es\/wp-json\/wp\/v2\/media?parent=161540"}],"wp:term":[{"taxonomy":"countries","embeddable":true,"href":"https:\/\/climalife.com\/es\/wp-json\/wp\/v2\/countries?post=161540"},{"taxonomy":"product_brand","embeddable":true,"href":"https:\/\/climalife.com\/es\/wp-json\/wp\/v2\/product_brand?post=161540"},{"taxonomy":"product_cat","embeddable":true,"href":"https:\/\/climalife.com\/es\/wp-json\/wp\/v2\/product_cat?post=161540"},{"taxonomy":"product_tag","embeddable":true,"href":"https:\/\/climalife.com\/es\/wp-json\/wp\/v2\/product_tag?post=161540"}],"curies":[{"name":"wp","href":"https:\/\/api.w.org\/{rel}","templated":true}]}}