{"id":161572,"date":"2022-09-28T17:52:37","date_gmt":"2022-09-28T17:52:37","guid":{"rendered":"http:\/\/climalife.com\/product\/r-507a-t\/"},"modified":"2025-02-18T12:23:28","modified_gmt":"2025-02-18T12:23:28","slug":"r-507a-t","status":"publish","type":"product","link":"https:\/\/climalife.com\/es\/product\/r-507a-t\/","title":{"rendered":"R-507AT"},"content":{"rendered":"<p>Se utiliza principalmente en refrigeraci\u00f3n industrial para instalaciones con evaporadores inundados, como las pistas de hielo.<\/p>\n","protected":false},"excerpt":{"rendered":"<p>El R-507AT es una mezcla azeotr\u00f3pica de tipo HFC, resultante de la recuperaci\u00f3n y regeneraci\u00f3n del R-507A.<br \/>\nSu uso est\u00e1 autorizado hasta el 1 de enero de 2030 para el mantenimiento de los equipos que inicialmente utilizaban R-507A virgen, prohibido desde el 1 de enero de 2020.<\/p>\n","protected":false},"featured_media":203873,"comment_status":"open","ping_status":"closed","template":"","meta":[],"countries":[4674,4709,4756,4813,4831,4862],"product_brand":[],"product_cat":[9526],"product_tag":[],"class_list":{"0":"post-161572","1":"product","2":"type-product","3":"status-publish","4":"has-post-thumbnail","6":"countries-by","7":"countries-cu","8":"countries-ir","9":"countries-kp","10":"countries-ru","11":"countries-sy","12":"product_cat-hfc-regenerados","14":"first","15":"instock","16":"shipping-taxable","17":"purchasable","18":"product-type-variable"},"_links":{"self":[{"href":"https:\/\/climalife.com\/es\/wp-json\/wp\/v2\/product\/161572","targetHints":{"allow":["GET"]}}],"collection":[{"href":"https:\/\/climalife.com\/es\/wp-json\/wp\/v2\/product"}],"about":[{"href":"https:\/\/climalife.com\/es\/wp-json\/wp\/v2\/types\/product"}],"replies":[{"embeddable":true,"href":"https:\/\/climalife.com\/es\/wp-json\/wp\/v2\/comments?post=161572"}],"wp:featuredmedia":[{"embeddable":true,"href":"https:\/\/climalife.com\/es\/wp-json\/wp\/v2\/media\/203873"}],"wp:attachment":[{"href":"https:\/\/climalife.com\/es\/wp-json\/wp\/v2\/media?parent=161572"}],"wp:term":[{"taxonomy":"countries","embeddable":true,"href":"https:\/\/climalife.com\/es\/wp-json\/wp\/v2\/countries?post=161572"},{"taxonomy":"product_brand","embeddable":true,"href":"https:\/\/climalife.com\/es\/wp-json\/wp\/v2\/product_brand?post=161572"},{"taxonomy":"product_cat","embeddable":true,"href":"https:\/\/climalife.com\/es\/wp-json\/wp\/v2\/product_cat?post=161572"},{"taxonomy":"product_tag","embeddable":true,"href":"https:\/\/climalife.com\/es\/wp-json\/wp\/v2\/product_tag?post=161572"}],"curies":[{"name":"wp","href":"https:\/\/api.w.org\/{rel}","templated":true}]}}