{"id":161576,"date":"2022-09-28T17:52:40","date_gmt":"2022-09-28T17:52:40","guid":{"rendered":"http:\/\/climalife.com\/product\/r-454b\/"},"modified":"2025-03-11T15:36:13","modified_gmt":"2025-03-11T15:36:13","slug":"r-454b","status":"publish","type":"product","link":"https:\/\/climalife.com\/es\/product\/r-454b\/","title":{"rendered":"R-454B"},"content":{"rendered":"<p>Est\u00e1 pensado para su uso en sistemas de aire acondicionado nuevos en los que se suele utilizar R-410A.<\/p>\n<p>Se recomienda para equipos dom\u00e9sticos y comerciales de baja potencia, enfriadoras de l\u00edquido y aire acondicionado de expansi\u00f3n directa (DX), bombas de calor, climatizadores monoblock o bi-block y por conductos.<\/p>\n<p>Utilizar un aceite poliol\u00e9ster (POE).<\/p>\n","protected":false},"excerpt":{"rendered":"<p>El R-454B es una mezcla no azeotr\u00f3pica de hidrofluorocarbono (HFC) y de hidrofluoroolefina (HFO) de bajo PCA clasificado como ligeramente inflamable (A2L)<\/p>\n","protected":false},"featured_media":201373,"comment_status":"open","ping_status":"closed","template":"","meta":[],"countries":[4674,4709,4756,4813,4831,4862],"product_brand":[],"product_cat":[13058,9952,9612],"product_tag":[],"class_list":{"0":"post-161576","1":"product","2":"type-product","3":"status-publish","4":"has-post-thumbnail","6":"countries-by","7":"countries-cu","8":"countries-ir","9":"countries-kp","10":"countries-ru","11":"countries-sy","12":"product_cat-climatizacion","13":"product_cat-construccion","14":"product_cat-mezclas-hfc-hfo","16":"first","17":"instock","18":"shipping-taxable","19":"purchasable","20":"product-type-variable"},"_links":{"self":[{"href":"https:\/\/climalife.com\/es\/wp-json\/wp\/v2\/product\/161576","targetHints":{"allow":["GET"]}}],"collection":[{"href":"https:\/\/climalife.com\/es\/wp-json\/wp\/v2\/product"}],"about":[{"href":"https:\/\/climalife.com\/es\/wp-json\/wp\/v2\/types\/product"}],"replies":[{"embeddable":true,"href":"https:\/\/climalife.com\/es\/wp-json\/wp\/v2\/comments?post=161576"}],"wp:featuredmedia":[{"embeddable":true,"href":"https:\/\/climalife.com\/es\/wp-json\/wp\/v2\/media\/201373"}],"wp:attachment":[{"href":"https:\/\/climalife.com\/es\/wp-json\/wp\/v2\/media?parent=161576"}],"wp:term":[{"taxonomy":"countries","embeddable":true,"href":"https:\/\/climalife.com\/es\/wp-json\/wp\/v2\/countries?post=161576"},{"taxonomy":"product_brand","embeddable":true,"href":"https:\/\/climalife.com\/es\/wp-json\/wp\/v2\/product_brand?post=161576"},{"taxonomy":"product_cat","embeddable":true,"href":"https:\/\/climalife.com\/es\/wp-json\/wp\/v2\/product_cat?post=161576"},{"taxonomy":"product_tag","embeddable":true,"href":"https:\/\/climalife.com\/es\/wp-json\/wp\/v2\/product_tag?post=161576"}],"curies":[{"name":"wp","href":"https:\/\/api.w.org\/{rel}","templated":true}]}}