{"id":161591,"date":"2022-09-28T17:52:49","date_gmt":"2022-09-28T17:52:49","guid":{"rendered":"http:\/\/climalife.com\/product\/pyrostop-6-iec-60376\/"},"modified":"2024-01-25T13:52:54","modified_gmt":"2024-01-25T13:52:54","slug":"pyrostop-6-iec-60376","status":"publish","type":"product","link":"https:\/\/climalife.com\/es\/product\/pyrostop-6-iec-60376\/","title":{"rendered":"Pyrostop 6 (SF6) IEC 60376"},"content":{"rendered":"<p>&nbsp;<\/p>\n<p>Pyrostop 6 IEC 60376 es un gas estable e inerte. No presenta agresividad en contacto directo con los materiales en los que entra en contacto.<\/p>\n<p>Pyrostop 6 IEC 60376 responde a las exigencias de la norma IEC 60376.<br \/>\nSu fuerte impacto sobre el efecto invernadero obliga a la reducci\u00f3n de sus emisiones a la atm\u00f3sfera.<\/p>\n<p>Climalife le propone equipos para trasvase del gas y para su regeneraci\u00f3n (Por favor tenga en cuenta los consejos de uso).<\/p>\n","protected":false},"excerpt":{"rendered":"<p>Pyrostop 6 IEC 60376 es un gas diel\u00e9ctrico, inerte, no t\u00f3xico y no inflamable. Destinado a cortar los arcos el\u00e9ctricos o tambi\u00e9n para eliminar la inflamaci\u00f3n en las coladas de magnesio.<\/p>\n<p>Se utiliza en los siguientes sectores:\u00a0disyuntores de alta tensi\u00f3n, subestaciones blindadas de alta tensi\u00f3n, aceleradores de part\u00edculas y\u00a0metalurgia (inertizaci\u00f3n del magnesio).<\/p>\n","protected":false},"featured_media":195836,"comment_status":"open","ping_status":"closed","template":"","meta":[],"countries":[4674,4709,4756,4813,4831,4862],"product_brand":[],"product_cat":[9984,9961,9970,9997,13067,9384],"product_tag":[],"class_list":{"0":"post-161591","1":"product","2":"type-product","3":"status-publish","4":"has-post-thumbnail","6":"countries-by","7":"countries-cu","8":"countries-ir","9":"countries-kp","10":"countries-ru","11":"countries-sy","12":"product_cat-aeronautica-aeroespacial-defensa","13":"product_cat-energia","14":"product_cat-salud-bienestar","15":"product_cat-otros-sectores","16":"product_cat-proteccion-dielectrica-sf6","17":"product_cat-gas-inerte","18":"pa_packaging-botella-23-l-es-357","19":"pa_packaging-botella-41-l-es-358","20":"pa_packaging-botella-50-l-es-118","21":"pa_packaging-contenedor-600-l-es-359","23":"first","24":"instock","25":"shipping-taxable","26":"purchasable","27":"product-type-variable"},"_links":{"self":[{"href":"https:\/\/climalife.com\/es\/wp-json\/wp\/v2\/product\/161591","targetHints":{"allow":["GET"]}}],"collection":[{"href":"https:\/\/climalife.com\/es\/wp-json\/wp\/v2\/product"}],"about":[{"href":"https:\/\/climalife.com\/es\/wp-json\/wp\/v2\/types\/product"}],"replies":[{"embeddable":true,"href":"https:\/\/climalife.com\/es\/wp-json\/wp\/v2\/comments?post=161591"}],"wp:featuredmedia":[{"embeddable":true,"href":"https:\/\/climalife.com\/es\/wp-json\/wp\/v2\/media\/195836"}],"wp:attachment":[{"href":"https:\/\/climalife.com\/es\/wp-json\/wp\/v2\/media?parent=161591"}],"wp:term":[{"taxonomy":"countries","embeddable":true,"href":"https:\/\/climalife.com\/es\/wp-json\/wp\/v2\/countries?post=161591"},{"taxonomy":"product_brand","embeddable":true,"href":"https:\/\/climalife.com\/es\/wp-json\/wp\/v2\/product_brand?post=161591"},{"taxonomy":"product_cat","embeddable":true,"href":"https:\/\/climalife.com\/es\/wp-json\/wp\/v2\/product_cat?post=161591"},{"taxonomy":"product_tag","embeddable":true,"href":"https:\/\/climalife.com\/es\/wp-json\/wp\/v2\/product_tag?post=161591"}],"curies":[{"name":"wp","href":"https:\/\/api.w.org\/{rel}","templated":true}]}}