{"id":161680,"date":"2022-09-28T17:53:47","date_gmt":"2022-09-28T17:53:47","guid":{"rendered":"http:\/\/climalife.com\/product\/detector-de-fugas-fijo-mvr-300\/"},"modified":"2024-01-25T13:52:47","modified_gmt":"2024-01-25T13:52:47","slug":"detector-de-fugas-fijo-mvr-300","status":"publish","type":"product","link":"https:\/\/climalife.com\/es\/product\/detector-de-fugas-fijo-mvr-300\/","title":{"rendered":"Detector de fugas fijo MVR-300"},"content":{"rendered":"<p>El detector MVR-300 est\u00e1 dise\u00f1ado espec\u00edficamente para proporcionar un control continuo de los refrigerantes asociados a los sistemas de refrigeraci\u00f3n y calefacci\u00f3n de alta eficiencia y gran volumen, como los sistemas VRF\/VRV (flujo de refrigerante variable\/volumen de refrigerante variable).<\/p>\n<p>Las aplicaciones m\u00e1s habituales son hoteles, dormitorios, hospitales, edificios de oficinas y edificios de apartamentos.<br \/>\nLas alarmas sonoras y visuales del MVR-300 alertan a los ocupantes y se comunican simult\u00e1neamente con los sistemas de gesti\u00f3n de edificios\/sistemas de automatizaci\u00f3n de edificios (BMS\/BAS). Los dos rel\u00e9s incorporados pueden utilizarse para cerrar v\u00e1lvulas, activar dispositivos de alarma y extractores o iniciar llamadas de emergencia a los equipos de rescate.<\/p>\n<p>La interfaz Modbus RTU integrada proporciona informaci\u00f3n en tiempo real sobre las concentraciones de refrigerante, su estado y ajustes. Tambi\u00e9n permite la configuraci\u00f3n personalizada del MVR-300 para cualquier requisito espec\u00edfico de la aplicaci\u00f3n utilizando m\u00faltiples registros Modbus.<\/p>\n<p>El MVR-300 est\u00e1 dise\u00f1ado para una instalaci\u00f3n f\u00e1cil y un mantenimiento sencillo.<\/p>\n","protected":false},"excerpt":{"rendered":"<p>El detector Bacharach MVR 300 est\u00e1 dise\u00f1ado espec\u00edficamente para proporcionar un control continuo y altamente efectivo en aplicaciones t\u00edpicas como hoteles, dormitorios, hospitales, oficinas y edificios de apartamentos.<\/p>\n","protected":false},"featured_media":122112,"comment_status":"open","ping_status":"closed","template":"","meta":[],"countries":[4674,4709,4756,4760,4804,4813,4831,4862],"product_brand":[],"product_cat":[9984,13093,13058,9952,9268,9997,9970],"product_tag":[],"class_list":{"0":"post-161680","1":"product","2":"type-product","3":"status-publish","4":"has-post-thumbnail","6":"countries-by","7":"countries-cu","8":"countries-ir","9":"countries-it","10":"countries-nl","11":"countries-kp","12":"countries-ru","13":"countries-sy","14":"product_cat-aeronautica-aeroespacial-defensa","15":"product_cat-calefaccion","16":"product_cat-climatizacion","17":"product_cat-construccion","18":"product_cat-detector-fijo","19":"product_cat-otros-sectores","20":"product_cat-salud-bienestar","22":"first","23":"instock","24":"shipping-taxable","25":"product-type-variable"},"_links":{"self":[{"href":"https:\/\/climalife.com\/es\/wp-json\/wp\/v2\/product\/161680","targetHints":{"allow":["GET"]}}],"collection":[{"href":"https:\/\/climalife.com\/es\/wp-json\/wp\/v2\/product"}],"about":[{"href":"https:\/\/climalife.com\/es\/wp-json\/wp\/v2\/types\/product"}],"replies":[{"embeddable":true,"href":"https:\/\/climalife.com\/es\/wp-json\/wp\/v2\/comments?post=161680"}],"wp:featuredmedia":[{"embeddable":true,"href":"https:\/\/climalife.com\/es\/wp-json\/wp\/v2\/media\/122112"}],"wp:attachment":[{"href":"https:\/\/climalife.com\/es\/wp-json\/wp\/v2\/media?parent=161680"}],"wp:term":[{"taxonomy":"countries","embeddable":true,"href":"https:\/\/climalife.com\/es\/wp-json\/wp\/v2\/countries?post=161680"},{"taxonomy":"product_brand","embeddable":true,"href":"https:\/\/climalife.com\/es\/wp-json\/wp\/v2\/product_brand?post=161680"},{"taxonomy":"product_cat","embeddable":true,"href":"https:\/\/climalife.com\/es\/wp-json\/wp\/v2\/product_cat?post=161680"},{"taxonomy":"product_tag","embeddable":true,"href":"https:\/\/climalife.com\/es\/wp-json\/wp\/v2\/product_tag?post=161680"}],"curies":[{"name":"wp","href":"https:\/\/api.w.org\/{rel}","templated":true}]}}