{"id":161703,"date":"2022-09-28T17:54:04","date_gmt":"2022-09-28T17:54:04","guid":{"rendered":"http:\/\/climalife.com\/product\/r-32\/"},"modified":"2025-02-17T13:08:26","modified_gmt":"2025-02-17T13:08:26","slug":"r-32","status":"publish","type":"product","link":"https:\/\/climalife.com\/es\/product\/r-32\/","title":{"rendered":"R-32"},"content":{"rendered":"<p>No se recomienda su uso en la reconversi\u00f3n (<em>retrofit<\/em>) de sistemas de aire acondicionado que funcionan con otros refrigerantes. Tambi\u00e9n se utiliza como componente en mezclas de HFC y HFO.<\/p>\n","protected":false},"excerpt":{"rendered":"<p>El R-32 es un hidrofluorocarbono (HFC) de bajo PCG. Es un refrigerante A2L, lo que significa que es ligeramente inflamable seg\u00fan la norma EN 378-2017. Se utiliza en peque\u00f1os sistemas de aire acondicionado divididos (uso residencial) donde el tama\u00f1o de carga cumple con los requisitos de la EN 378.<\/p>\n","protected":false},"featured_media":201373,"comment_status":"open","ping_status":"closed","template":"","meta":[],"countries":[4674,4709,4756,4813,4831,4862],"product_brand":[],"product_cat":[13093,13058,9952,9449],"product_tag":[],"class_list":{"0":"post-161703","1":"product","2":"type-product","3":"status-publish","4":"has-post-thumbnail","6":"countries-by","7":"countries-cu","8":"countries-ir","9":"countries-kp","10":"countries-ru","11":"countries-sy","12":"product_cat-calefaccion","13":"product_cat-climatizacion","14":"product_cat-construccion","15":"product_cat-hfc-es-33","16":"pa_packaging-botella-12-l-es-92","18":"first","19":"instock","20":"shipping-taxable","21":"purchasable","22":"product-type-variable"},"_links":{"self":[{"href":"https:\/\/climalife.com\/es\/wp-json\/wp\/v2\/product\/161703","targetHints":{"allow":["GET"]}}],"collection":[{"href":"https:\/\/climalife.com\/es\/wp-json\/wp\/v2\/product"}],"about":[{"href":"https:\/\/climalife.com\/es\/wp-json\/wp\/v2\/types\/product"}],"replies":[{"embeddable":true,"href":"https:\/\/climalife.com\/es\/wp-json\/wp\/v2\/comments?post=161703"}],"wp:featuredmedia":[{"embeddable":true,"href":"https:\/\/climalife.com\/es\/wp-json\/wp\/v2\/media\/201373"}],"wp:attachment":[{"href":"https:\/\/climalife.com\/es\/wp-json\/wp\/v2\/media?parent=161703"}],"wp:term":[{"taxonomy":"countries","embeddable":true,"href":"https:\/\/climalife.com\/es\/wp-json\/wp\/v2\/countries?post=161703"},{"taxonomy":"product_brand","embeddable":true,"href":"https:\/\/climalife.com\/es\/wp-json\/wp\/v2\/product_brand?post=161703"},{"taxonomy":"product_cat","embeddable":true,"href":"https:\/\/climalife.com\/es\/wp-json\/wp\/v2\/product_cat?post=161703"},{"taxonomy":"product_tag","embeddable":true,"href":"https:\/\/climalife.com\/es\/wp-json\/wp\/v2\/product_tag?post=161703"}],"curies":[{"name":"wp","href":"https:\/\/api.w.org\/{rel}","templated":true}]}}