{"id":161752,"date":"2022-09-28T17:54:42","date_gmt":"2022-09-28T17:54:42","guid":{"rendered":"http:\/\/climalife.com\/product\/frionett-power-rtu-ultra\/"},"modified":"2024-01-25T13:52:43","modified_gmt":"2024-01-25T13:52:43","slug":"frionett-power-rtu-ultra","status":"publish","type":"product","link":"https:\/\/climalife.com\/es\/product\/frionett-power-rtu-ultra\/","title":{"rendered":"Frionett\u00ae Power RTU Ultra"},"content":{"rendered":"<p>Es un producto alcalino para la limpieza profesional de evaporadores, condensadores, ventiladores, carenado, etc., de sistemas de refrigeraci\u00f3n y aire acondicionado.<\/p>\n<p>&nbsp;<\/p>\n<p><span id=\"result_box\" lang=\"es\">Muy pr\u00e1ctico, permite la limpieza sin desmontar, por pulverizaci\u00f3n y enjuague despu\u00e9s de un tiempo de acci\u00f3n de cinco minutos.<\/span><\/p>\n<p>Su fuerte poder detergente y desengrasante elimina la grasa, el polvo y otras suciedades y permite recuperar y optimizar la transferencia de calor de los intercambiadores de calor y el rendimiento devuelto.<\/p>\n<p><strong>MODO DE EMPLEO<\/strong><\/p>\n<p><span id=\"result_box\" lang=\"es\">Frionett<sup>\u00ae<\/sup> Power Ultra RTU es un producto listo para\u00a0usar. <\/span><\/p>\n<p>&nbsp;<\/p>\n<p><span id=\"result_box\" lang=\"es\">Roc\u00ede el producto directamente sobre la superficie a limpiar de modo que quede completamente cubierto, de abajo hacia arriba.<\/span><\/p>\n<p>&nbsp;<\/p>\n<p><span id=\"result_box\" lang=\"es\">Deje actuar durante cinco minutos y luego enjuague con agua. <\/span><\/p>\n<p>&nbsp;<\/p>\n<p><span id=\"result_box\" lang=\"es\">Repetir si es necesario.<br \/>\n<\/span><\/p>\n<p>&nbsp;<\/p>\n","protected":false},"excerpt":{"rendered":"<p>Frionett<span id=\"result_box\" lang=\"es\"><sup>\u00ae<\/sup><\/span> Power Ultra RTU (Ready To Use, listo para usar) es un limpiador universal potente y ligeramente perfumado para todas las superficies.<\/p>\n","protected":false},"featured_media":118233,"comment_status":"open","ping_status":"closed","template":"","meta":[],"countries":[4674,4709,4756,4813,4831,4862],"product_brand":[],"product_cat":[9984,9979,9952,9943,9970,9997,13058,13093,13127,9566],"product_tag":[13822,13820,13823,13821],"class_list":{"0":"post-161752","1":"product","2":"type-product","3":"status-publish","4":"has-post-thumbnail","6":"countries-by","7":"countries-cu","8":"countries-ir","9":"countries-kp","10":"countries-ru","11":"countries-sy","12":"product_cat-aeronautica-aeroespacial-defensa","13":"product_cat-automocion-transporte","14":"product_cat-construccion","15":"product_cat-alimentacion","16":"product_cat-salud-bienestar","17":"product_cat-otros-sectores","18":"product_cat-climatizacion","19":"product_cat-calefaccion","20":"product_cat-refrigeracion","21":"product_cat-externa-instalaciones","22":"product_tag-climatizacion","23":"product_tag-limpieza","24":"product_tag-mantenimiento","25":"product_tag-refrigeracion","26":"pa_packaging-pulverizador-750-ml-listo-para-su-uso-es-231","28":"first","29":"instock","30":"shipping-taxable","31":"purchasable","32":"product-type-variable"},"_links":{"self":[{"href":"https:\/\/climalife.com\/es\/wp-json\/wp\/v2\/product\/161752","targetHints":{"allow":["GET"]}}],"collection":[{"href":"https:\/\/climalife.com\/es\/wp-json\/wp\/v2\/product"}],"about":[{"href":"https:\/\/climalife.com\/es\/wp-json\/wp\/v2\/types\/product"}],"replies":[{"embeddable":true,"href":"https:\/\/climalife.com\/es\/wp-json\/wp\/v2\/comments?post=161752"}],"wp:featuredmedia":[{"embeddable":true,"href":"https:\/\/climalife.com\/es\/wp-json\/wp\/v2\/media\/118233"}],"wp:attachment":[{"href":"https:\/\/climalife.com\/es\/wp-json\/wp\/v2\/media?parent=161752"}],"wp:term":[{"taxonomy":"countries","embeddable":true,"href":"https:\/\/climalife.com\/es\/wp-json\/wp\/v2\/countries?post=161752"},{"taxonomy":"product_brand","embeddable":true,"href":"https:\/\/climalife.com\/es\/wp-json\/wp\/v2\/product_brand?post=161752"},{"taxonomy":"product_cat","embeddable":true,"href":"https:\/\/climalife.com\/es\/wp-json\/wp\/v2\/product_cat?post=161752"},{"taxonomy":"product_tag","embeddable":true,"href":"https:\/\/climalife.com\/es\/wp-json\/wp\/v2\/product_tag?post=161752"}],"curies":[{"name":"wp","href":"https:\/\/api.w.org\/{rel}","templated":true}]}}