{"id":161761,"date":"2022-09-28T17:54:51","date_gmt":"2022-09-28T17:54:51","guid":{"rendered":"http:\/\/climalife.com\/product\/frionett-power-ultra\/"},"modified":"2024-01-25T13:52:42","modified_gmt":"2024-01-25T13:52:42","slug":"frionett-power-ultra","status":"publish","type":"product","link":"https:\/\/climalife.com\/es\/product\/frionett-power-ultra\/","title":{"rendered":"Frionett\u00ae Power Ultra"},"content":{"rendered":"<p><span id=\"result_box\" lang=\"es\">E<\/span><span id=\"result_box\" lang=\"es\">s un producto alcalino para la limpieza profesional de evaporadores, condensadores, ventiladores, carenado, etc., de sistemas de refrigeraci\u00f3n y aire acondicionado.<\/span><\/p>\n<p>&nbsp;<\/p>\n<p>Pr\u00e1ctico, la limpieza se realiza sin desmontar, por pulverizaci\u00f3n y enjuague despu\u00e9s de un tiempo de acci\u00f3n de\u00a0cinco minutos.<\/p>\n<p><span id=\"result_box\" lang=\"es\"><br \/>\nSu fuerte poder detergente y desengrasante elimina la grasa, el polvo y otras suciedades y permite recuperar y optimizar la transferencia de calor de los intercambiadores de calor y el rendimiento devuelto.<\/span><\/p>\n<p><strong>Frionett<sup>\u00ae<\/sup> Power Ultra<\/strong>: producto concentrado, debe ser diluido.<\/p>\n<p><strong>MODO DE EMPLEO<\/strong><\/p>\n<p><strong>Frionett<sup>\u00ae<\/sup> Power Ultra<\/strong> se utiliza diluido con agua en proporci\u00f3n de un volumen de producto por cinco vol\u00famenes de agua.<\/p>\n<p>Despu\u00e9s de la diluci\u00f3n, aplicar o pulverizar el producto desde abajo hacia arriba directamente sobre la superficie a limpiar.<\/p>\n<p>Dejar actuar durante\u00a0cinco minutos.<\/p>\n<p>Luego enjuagar con agua.<\/p>\n<p>Repetir si es necesario.<\/p>\n","protected":false},"excerpt":{"rendered":"<p>Frionett<strong><sup>\u00ae<\/sup><\/strong> Power Ultra es un potente limpiador universal ligeramente perfumado para todas las superficies.<\/p>\n","protected":false},"featured_media":118242,"comment_status":"open","ping_status":"closed","template":"","meta":[],"countries":[4674,4709,4756,4813,4831,4862],"product_brand":[],"product_cat":[9984,9979,9952,9943,9970,9997,13058,13093,13127,9566],"product_tag":[13820,13821],"class_list":{"0":"post-161761","1":"product","2":"type-product","3":"status-publish","4":"has-post-thumbnail","6":"countries-by","7":"countries-cu","8":"countries-ir","9":"countries-kp","10":"countries-ru","11":"countries-sy","12":"product_cat-aeronautica-aeroespacial-defensa","13":"product_cat-automocion-transporte","14":"product_cat-construccion","15":"product_cat-alimentacion","16":"product_cat-salud-bienestar","17":"product_cat-otros-sectores","18":"product_cat-climatizacion","19":"product_cat-calefaccion","20":"product_cat-refrigeracion","21":"product_cat-externa-instalaciones","22":"product_tag-limpieza","23":"product_tag-refrigeracion","24":"pa_packaging-bidon-concentrado-5-l-es-230","26":"first","27":"instock","28":"shipping-taxable","29":"purchasable","30":"product-type-variable"},"_links":{"self":[{"href":"https:\/\/climalife.com\/es\/wp-json\/wp\/v2\/product\/161761","targetHints":{"allow":["GET"]}}],"collection":[{"href":"https:\/\/climalife.com\/es\/wp-json\/wp\/v2\/product"}],"about":[{"href":"https:\/\/climalife.com\/es\/wp-json\/wp\/v2\/types\/product"}],"replies":[{"embeddable":true,"href":"https:\/\/climalife.com\/es\/wp-json\/wp\/v2\/comments?post=161761"}],"wp:featuredmedia":[{"embeddable":true,"href":"https:\/\/climalife.com\/es\/wp-json\/wp\/v2\/media\/118242"}],"wp:attachment":[{"href":"https:\/\/climalife.com\/es\/wp-json\/wp\/v2\/media?parent=161761"}],"wp:term":[{"taxonomy":"countries","embeddable":true,"href":"https:\/\/climalife.com\/es\/wp-json\/wp\/v2\/countries?post=161761"},{"taxonomy":"product_brand","embeddable":true,"href":"https:\/\/climalife.com\/es\/wp-json\/wp\/v2\/product_brand?post=161761"},{"taxonomy":"product_cat","embeddable":true,"href":"https:\/\/climalife.com\/es\/wp-json\/wp\/v2\/product_cat?post=161761"},{"taxonomy":"product_tag","embeddable":true,"href":"https:\/\/climalife.com\/es\/wp-json\/wp\/v2\/product_tag?post=161761"}],"curies":[{"name":"wp","href":"https:\/\/api.w.org\/{rel}","templated":true}]}}