{"id":161771,"date":"2022-09-28T17:54:59","date_gmt":"2022-09-28T17:54:59","guid":{"rendered":"http:\/\/climalife.com\/product\/neutragel-neo-concentrado\/"},"modified":"2026-02-06T07:38:24","modified_gmt":"2026-02-06T07:38:24","slug":"neutragel-neo-concentrado","status":"publish","type":"product","link":"https:\/\/climalife.com\/es\/product\/neutragel-neo-concentrado\/","title":{"rendered":"Neutragel\u00ae Neo concentrado"},"content":{"rendered":"<p><strong>Neutragel<sup>\u00ae<\/sup> Neo<\/strong> proporciona una excelente protecci\u00f3n contra las heladas y la corrosi\u00f3n de los metales en circuitos antiguos y nuevos (acero, aluminio, cobre, lat\u00f3n, etc.). Esta protecci\u00f3n ha sido validada por umerosas pruebas est\u00e1ticas y din\u00e1micas.<\/p>\n<p><span id=\"result_box\" lang=\"es\">La formulaci\u00f3n de <strong>Neutragel<sup>\u00ae<\/sup> Neo<\/strong>\u00a0est\u00e1 libre de b\u00f3rax, un aditivo clasificado como t\u00f3xico seg\u00fan el 30\u00ba ATP europeo (Adaptaci\u00f3n al Progreso T\u00e9cnico).<\/span><\/p>\n<p><span id=\"result_box\" lang=\"es\">La tecnolog\u00eda anticorrosiva utilizada en <strong>Neutragel<sup>\u00ae<\/sup> Neo<\/strong><strong>\u00a0<\/strong>es org\u00e1nica, basada en \u00e1cidos carbox\u00edlicos neutralizados, sin fosfatos, nitritos ni aminas. Estos agentes activos proporcionan una protecci\u00f3n anticorrosiva m\u00e1s duradera.<\/span><\/p>\n","protected":false},"excerpt":{"rendered":"<p><strong>Neutragel<sup>\u00ae<\/sup> Neo<\/strong> es un caloportador anticongelante concentrado a base de MEG monoetilenglicol con inhibidores de corrosi\u00f3n a\u00f1adidos aplicable a sistemas de refrigeraci\u00f3n de baja temperatura y de aire acondicionado. Su uso no est\u00e1 permitido en las redes de agua caliente sanitaria con intercambiador \u00fanico.<\/p>\n","protected":false},"featured_media":198415,"comment_status":"open","ping_status":"closed","template":"","meta":[],"countries":[4674,4709,4756,4813,4831,4862],"product_brand":[],"product_cat":[9984,9952,9961,9943,9970,9997,13058,13084,13127,13531],"product_tag":[13801,13803,13805],"class_list":{"0":"post-161771","1":"product","2":"type-product","3":"status-publish","4":"has-post-thumbnail","6":"countries-by","7":"countries-cu","8":"countries-ir","9":"countries-kp","10":"countries-ru","11":"countries-sy","12":"product_cat-aeronautica-aeroespacial-defensa","13":"product_cat-construccion","14":"product_cat-energia","15":"product_cat-alimentacion","16":"product_cat-salud-bienestar","17":"product_cat-otros-sectores","18":"product_cat-climatizacion","19":"product_cat-proteccion-antincendios","20":"product_cat-refrigeracion","21":"product_cat-meg-es","22":"product_tag-caloportador","23":"product_tag-mpg","24":"product_tag-secundario","25":"pa_packaging-a-granel-10-t-es-140","26":"pa_packaging-a-granel-20-t-es-141","27":"pa_packaging-barril-210-i-es-28","28":"pa_packaging-bidon-20-l-es-36","29":"pa_packaging-contenedor-1000-kg-es-139","31":"first","32":"instock","33":"shipping-taxable","34":"purchasable","35":"product-type-variable"},"_links":{"self":[{"href":"https:\/\/climalife.com\/es\/wp-json\/wp\/v2\/product\/161771","targetHints":{"allow":["GET"]}}],"collection":[{"href":"https:\/\/climalife.com\/es\/wp-json\/wp\/v2\/product"}],"about":[{"href":"https:\/\/climalife.com\/es\/wp-json\/wp\/v2\/types\/product"}],"replies":[{"embeddable":true,"href":"https:\/\/climalife.com\/es\/wp-json\/wp\/v2\/comments?post=161771"}],"wp:featuredmedia":[{"embeddable":true,"href":"https:\/\/climalife.com\/es\/wp-json\/wp\/v2\/media\/198415"}],"wp:attachment":[{"href":"https:\/\/climalife.com\/es\/wp-json\/wp\/v2\/media?parent=161771"}],"wp:term":[{"taxonomy":"countries","embeddable":true,"href":"https:\/\/climalife.com\/es\/wp-json\/wp\/v2\/countries?post=161771"},{"taxonomy":"product_brand","embeddable":true,"href":"https:\/\/climalife.com\/es\/wp-json\/wp\/v2\/product_brand?post=161771"},{"taxonomy":"product_cat","embeddable":true,"href":"https:\/\/climalife.com\/es\/wp-json\/wp\/v2\/product_cat?post=161771"},{"taxonomy":"product_tag","embeddable":true,"href":"https:\/\/climalife.com\/es\/wp-json\/wp\/v2\/product_tag?post=161771"}],"curies":[{"name":"wp","href":"https:\/\/api.w.org\/{rel}","templated":true}]}}