{"id":161780,"date":"2020-09-28T17:55:08","date_gmt":"2020-09-28T17:55:08","guid":{"rendered":"http:\/\/climalife.com\/product\/contenedor-de-recuperacion\/"},"modified":"2024-01-25T13:53:43","modified_gmt":"2024-01-25T13:53:43","slug":"contenedor-de-recuperacion","status":"publish","type":"product","link":"https:\/\/climalife.com\/es\/product\/contenedor-de-recuperacion\/","title":{"rendered":"Contenedor de recuperaci\u00f3n"},"content":{"rendered":"<p>Disponible solo en algunos pa\u00edses. <a href=\"mailto:climalife.es@climalife.dehon.com\">CONSULTE con su comercial habitual.<\/a><\/p>\n","protected":false},"excerpt":{"rendered":"<p>Gesti\u00f3n de residuos: Climalife dispone de contenedores espec\u00edficos destinados a la recuperaci\u00f3n de refrigerantes halogenados para tratamiento de residuos: regeneraci\u00f3n o destrucci\u00f3n.<\/p>\n","protected":false},"featured_media":107478,"comment_status":"open","ping_status":"closed","template":"","meta":[],"countries":[4674,4709,4756,4813,4831,4862],"product_brand":[],"product_cat":[9984,9979,9952,9961,9943,9970,9997,13058,13075,13093,13111,13127,13136,13251],"product_tag":[13817,13796,13816],"class_list":{"0":"post-161780","1":"product","2":"type-product","3":"status-publish","4":"has-post-thumbnail","6":"countries-by","7":"countries-cu","8":"countries-ir","9":"countries-kp","10":"countries-ru","11":"countries-sy","12":"product_cat-aeronautica-aeroespacial-defensa","13":"product_cat-automocion-transporte","14":"product_cat-construccion","15":"product_cat-energia","16":"product_cat-alimentacion","17":"product_cat-salud-bienestar","18":"product_cat-otros-sectores","19":"product_cat-climatizacion","20":"product_cat-desmantelamiento-destruccion","21":"product_cat-calefaccion","22":"product_cat-orc-ciclo-organico-rankine","23":"product_cat-refrigeracion","24":"product_cat-energias-renovables","25":"product_cat-gestion-de-residuos-gas","26":"product_tag-destruccion-gases-fluorados","27":"product_tag-gestion-de-residuos","28":"product_tag-regeneracion-gases-fluorados","29":"pa_packaging-contenedor-930-l-es-76","31":"first","32":"instock","33":"shipping-taxable","34":"purchasable","35":"product-type-variable"},"_links":{"self":[{"href":"https:\/\/climalife.com\/es\/wp-json\/wp\/v2\/product\/161780","targetHints":{"allow":["GET"]}}],"collection":[{"href":"https:\/\/climalife.com\/es\/wp-json\/wp\/v2\/product"}],"about":[{"href":"https:\/\/climalife.com\/es\/wp-json\/wp\/v2\/types\/product"}],"replies":[{"embeddable":true,"href":"https:\/\/climalife.com\/es\/wp-json\/wp\/v2\/comments?post=161780"}],"wp:featuredmedia":[{"embeddable":true,"href":"https:\/\/climalife.com\/es\/wp-json\/wp\/v2\/media\/107478"}],"wp:attachment":[{"href":"https:\/\/climalife.com\/es\/wp-json\/wp\/v2\/media?parent=161780"}],"wp:term":[{"taxonomy":"countries","embeddable":true,"href":"https:\/\/climalife.com\/es\/wp-json\/wp\/v2\/countries?post=161780"},{"taxonomy":"product_brand","embeddable":true,"href":"https:\/\/climalife.com\/es\/wp-json\/wp\/v2\/product_brand?post=161780"},{"taxonomy":"product_cat","embeddable":true,"href":"https:\/\/climalife.com\/es\/wp-json\/wp\/v2\/product_cat?post=161780"},{"taxonomy":"product_tag","embeddable":true,"href":"https:\/\/climalife.com\/es\/wp-json\/wp\/v2\/product_tag?post=161780"}],"curies":[{"name":"wp","href":"https:\/\/api.w.org\/{rel}","templated":true}]}}