{"id":161799,"date":"2022-09-28T17:55:24","date_gmt":"2022-09-28T17:55:24","guid":{"rendered":"http:\/\/climalife.com\/product\/r-134a\/"},"modified":"2025-02-17T11:53:29","modified_gmt":"2025-02-17T11:53:29","slug":"r-134a","status":"publish","type":"product","link":"https:\/\/climalife.com\/es\/product\/r-134a\/","title":{"rendered":"R-134a"},"content":{"rendered":"<p>R-134a se usa en enfriadoras grandes y por fabricantes de aire acondicionado de autom\u00f3viles y agr\u00edcolas. Puede utilizarse\u00a0como sustituto\u00a0del R-12 en sistemas existentes si se sigue un procedimiento de conversi\u00f3n.<\/p>\n","protected":false},"excerpt":{"rendered":"<p>R-134a es un hidrofluorocarbono (HFC) dise\u00f1ado para sistemas de refrigeraci\u00f3n dom\u00e9sticos, comerciales e industriales, as\u00ed como sistemas de aire acondicionado, sistemas de refrigeraci\u00f3n l\u00edquida y bombas de calor.<\/p>\n","protected":false},"featured_media":203873,"comment_status":"open","ping_status":"closed","template":"","meta":[],"countries":[4674,4709,4756,4813,4831,4862],"product_brand":[],"product_cat":[9984,9943,9979,13093,13058,9952,9961,9449,13111,9997,13127,9970],"product_tag":[],"class_list":{"0":"post-161799","1":"product","2":"type-product","3":"status-publish","4":"has-post-thumbnail","6":"countries-by","7":"countries-cu","8":"countries-ir","9":"countries-kp","10":"countries-ru","11":"countries-sy","12":"product_cat-aeronautica-aeroespacial-defensa","13":"product_cat-alimentacion","14":"product_cat-automocion-transporte","15":"product_cat-calefaccion","16":"product_cat-climatizacion","17":"product_cat-construccion","18":"product_cat-energia","19":"product_cat-hfc-es-33","20":"product_cat-orc-ciclo-organico-rankine","21":"product_cat-otros-sectores","22":"product_cat-refrigeracion","23":"product_cat-salud-bienestar","25":"first","26":"instock","27":"shipping-taxable","28":"purchasable","29":"product-type-variable"},"_links":{"self":[{"href":"https:\/\/climalife.com\/es\/wp-json\/wp\/v2\/product\/161799","targetHints":{"allow":["GET"]}}],"collection":[{"href":"https:\/\/climalife.com\/es\/wp-json\/wp\/v2\/product"}],"about":[{"href":"https:\/\/climalife.com\/es\/wp-json\/wp\/v2\/types\/product"}],"replies":[{"embeddable":true,"href":"https:\/\/climalife.com\/es\/wp-json\/wp\/v2\/comments?post=161799"}],"wp:featuredmedia":[{"embeddable":true,"href":"https:\/\/climalife.com\/es\/wp-json\/wp\/v2\/media\/203873"}],"wp:attachment":[{"href":"https:\/\/climalife.com\/es\/wp-json\/wp\/v2\/media?parent=161799"}],"wp:term":[{"taxonomy":"countries","embeddable":true,"href":"https:\/\/climalife.com\/es\/wp-json\/wp\/v2\/countries?post=161799"},{"taxonomy":"product_brand","embeddable":true,"href":"https:\/\/climalife.com\/es\/wp-json\/wp\/v2\/product_brand?post=161799"},{"taxonomy":"product_cat","embeddable":true,"href":"https:\/\/climalife.com\/es\/wp-json\/wp\/v2\/product_cat?post=161799"},{"taxonomy":"product_tag","embeddable":true,"href":"https:\/\/climalife.com\/es\/wp-json\/wp\/v2\/product_tag?post=161799"}],"curies":[{"name":"wp","href":"https:\/\/api.w.org\/{rel}","templated":true}]}}