{"id":161913,"date":"2022-09-28T17:56:55","date_gmt":"2022-09-28T17:56:55","guid":{"rendered":"http:\/\/climalife.com\/product\/mobil-gargoyle-arctic\/"},"modified":"2025-08-05T14:16:26","modified_gmt":"2025-08-05T14:16:26","slug":"mobil-gargoyle-arctic","status":"publish","type":"product","link":"https:\/\/climalife.com\/es\/product\/mobil-gargoyle-arctic\/","title":{"rendered":"Mobil Gargoyle Arctic"},"content":{"rendered":"<p>La gama Mobil Gargoyle Arctic comprende las siguientes referencias:<\/p>\n<ul>\n<li>68 NH Mineral para NH3<\/li>\n<li>155 Mineral<\/li>\n<li>300 Mineral<\/li>\n<li>C Heavy Mineral<\/li>\n<\/ul>\n<p>&nbsp;<\/p>\n","protected":false},"excerpt":{"rendered":"<p>Mobil Gargoyle Arctic es una gama de aceites minerales especialmente dise\u00f1ados para la lubricaci\u00f3n del compresor de refrigeraci\u00f3n.<\/p>\n","protected":false},"featured_media":210749,"comment_status":"open","ping_status":"closed","template":"","meta":[],"countries":[4674,4709,4756,4813,4831,4862],"product_brand":[],"product_cat":[9984,9979,9952,9961,9943,9970,9997,13058,13093,13127,9350],"product_tag":[],"class_list":{"0":"post-161913","1":"product","2":"type-product","3":"status-publish","4":"has-post-thumbnail","6":"countries-by","7":"countries-cu","8":"countries-ir","9":"countries-kp","10":"countries-ru","11":"countries-sy","12":"product_cat-aeronautica-aeroespacial-defensa","13":"product_cat-automocion-transporte","14":"product_cat-construccion","15":"product_cat-energia","16":"product_cat-alimentacion","17":"product_cat-salud-bienestar","18":"product_cat-otros-sectores","19":"product_cat-climatizacion","20":"product_cat-calefaccion","21":"product_cat-refrigeracion","22":"product_cat-aceites-minerales","23":"pa_packaging-barril-de-208-l-es-49","24":"pa_packaging-bidon-20-l-es-36","26":"first","27":"instock","28":"shipping-taxable","29":"purchasable","30":"product-type-variable"},"_links":{"self":[{"href":"https:\/\/climalife.com\/es\/wp-json\/wp\/v2\/product\/161913","targetHints":{"allow":["GET"]}}],"collection":[{"href":"https:\/\/climalife.com\/es\/wp-json\/wp\/v2\/product"}],"about":[{"href":"https:\/\/climalife.com\/es\/wp-json\/wp\/v2\/types\/product"}],"replies":[{"embeddable":true,"href":"https:\/\/climalife.com\/es\/wp-json\/wp\/v2\/comments?post=161913"}],"wp:featuredmedia":[{"embeddable":true,"href":"https:\/\/climalife.com\/es\/wp-json\/wp\/v2\/media\/210749"}],"wp:attachment":[{"href":"https:\/\/climalife.com\/es\/wp-json\/wp\/v2\/media?parent=161913"}],"wp:term":[{"taxonomy":"countries","embeddable":true,"href":"https:\/\/climalife.com\/es\/wp-json\/wp\/v2\/countries?post=161913"},{"taxonomy":"product_brand","embeddable":true,"href":"https:\/\/climalife.com\/es\/wp-json\/wp\/v2\/product_brand?post=161913"},{"taxonomy":"product_cat","embeddable":true,"href":"https:\/\/climalife.com\/es\/wp-json\/wp\/v2\/product_cat?post=161913"},{"taxonomy":"product_tag","embeddable":true,"href":"https:\/\/climalife.com\/es\/wp-json\/wp\/v2\/product_tag?post=161913"}],"curies":[{"name":"wp","href":"https:\/\/api.w.org\/{rel}","templated":true}]}}