{"id":162041,"date":"2022-09-28T17:58:24","date_gmt":"2022-09-28T17:58:24","guid":{"rendered":"http:\/\/climalife.com\/product\/mobil-shc-gargoyle-80-poe\/"},"modified":"2024-01-25T13:52:28","modified_gmt":"2024-01-25T13:52:28","slug":"mobil-shc-gargoyle-80-poe","status":"publish","type":"product","link":"https:\/\/climalife.com\/es\/product\/mobil-shc-gargoyle-80-poe\/","title":{"rendered":"Mobil SHC\u2122 Gargoyle 80 POE"},"content":{"rendered":"<ul>\n<li>Excelente protecci\u00f3n contra el desgaste, lo que\u00a0contribuye a prolongar la vida \u00fatil del compresor.<\/li>\n<li>Alto \u00edndice de viscosidad y excelente fluidez a bajas temperaturas, lo que ayuda a mejorar la eficiencia del evaporador.<\/li>\n<li>Bajo coeficiente de tracci\u00f3n, lo que brinda la capacidad de mejorar la eficiencia del sistema y reducir el consumo de energ\u00eda.<\/li>\n<\/ul>\n<p><strong>Aplicaciones:<\/strong><\/p>\n<ul>\n<li><span id=\"result_box\" lang=\"es\">Grandes compresores industriales de refrigeraci\u00f3n alternativos, utilizados en la industria alimentaria para la preparaci\u00f3n y congelaci\u00f3n de alimentos.<\/span><\/li>\n<li><span id=\"result_box\" lang=\"es\">Aplicaciones industriales como la congelaci\u00f3n de alimentos y plantas de almacenamiento en fr\u00edo.<\/span><\/li>\n<li><span id=\"result_box\" lang=\"es\">Aplicaciones de refrigeraci\u00f3n marina.<\/span><\/li>\n<\/ul>\n","protected":false},"excerpt":{"rendered":"<p>Un aceite de refrigeraci\u00f3n dise\u00f1ado espec\u00edficamente para la lubricaci\u00f3n de compresores con CO<sub>2<\/sub> (R-744) con aplicaciones miscibles.<\/p>\n","protected":false},"featured_media":118557,"comment_status":"open","ping_status":"closed","template":"","meta":[],"countries":[4674,4709,4756,4813,4831,4862],"product_brand":[],"product_cat":[9979,9943,9970,9997,13058,13127,13425],"product_tag":[],"class_list":{"0":"post-162041","1":"product","2":"type-product","3":"status-publish","4":"has-post-thumbnail","6":"countries-by","7":"countries-cu","8":"countries-ir","9":"countries-kp","10":"countries-ru","11":"countries-sy","12":"product_cat-automocion-transporte","13":"product_cat-alimentacion","14":"product_cat-salud-bienestar","15":"product_cat-otros-sectores","16":"product_cat-climatizacion","17":"product_cat-refrigeracion","18":"product_cat-poe-es","19":"pa_packaging-bidon-20-l-es-36","20":"pa_packaging-bidon-de-5-l-es-35","22":"first","23":"instock","24":"shipping-taxable","25":"purchasable","26":"product-type-variable"},"_links":{"self":[{"href":"https:\/\/climalife.com\/es\/wp-json\/wp\/v2\/product\/162041","targetHints":{"allow":["GET"]}}],"collection":[{"href":"https:\/\/climalife.com\/es\/wp-json\/wp\/v2\/product"}],"about":[{"href":"https:\/\/climalife.com\/es\/wp-json\/wp\/v2\/types\/product"}],"replies":[{"embeddable":true,"href":"https:\/\/climalife.com\/es\/wp-json\/wp\/v2\/comments?post=162041"}],"wp:featuredmedia":[{"embeddable":true,"href":"https:\/\/climalife.com\/es\/wp-json\/wp\/v2\/media\/118557"}],"wp:attachment":[{"href":"https:\/\/climalife.com\/es\/wp-json\/wp\/v2\/media?parent=162041"}],"wp:term":[{"taxonomy":"countries","embeddable":true,"href":"https:\/\/climalife.com\/es\/wp-json\/wp\/v2\/countries?post=162041"},{"taxonomy":"product_brand","embeddable":true,"href":"https:\/\/climalife.com\/es\/wp-json\/wp\/v2\/product_brand?post=162041"},{"taxonomy":"product_cat","embeddable":true,"href":"https:\/\/climalife.com\/es\/wp-json\/wp\/v2\/product_cat?post=162041"},{"taxonomy":"product_tag","embeddable":true,"href":"https:\/\/climalife.com\/es\/wp-json\/wp\/v2\/product_tag?post=162041"}],"curies":[{"name":"wp","href":"https:\/\/api.w.org\/{rel}","templated":true}]}}