{"id":162052,"date":"2022-09-28T17:58:33","date_gmt":"2022-09-28T17:58:33","guid":{"rendered":"http:\/\/climalife.com\/product\/solstice-zd-r-1233zd\/"},"modified":"2025-02-18T12:48:31","modified_gmt":"2025-02-18T12:48:31","slug":"solstice-zd-r-1233zd","status":"publish","type":"product","link":"https:\/\/climalife.com\/es\/product\/solstice-zd-r-1233zd\/","title":{"rendered":"R-1233zd Solstice\u00ae zd"},"content":{"rendered":"<p>Con el refrigerante R-1233zd Solstice<sup>\u00ae<\/sup> zd se debe utilizar un aceite de poliol\u00e9ster (POE).<\/p>\n","protected":false},"excerpt":{"rendered":"<p>R-1233zd es un gas fluorado de la familia HFO. Tiene un PCA muy bajo y baja presi\u00f3n. Es adecuado para nuevas instalaciones de climatizaci\u00f3n industrial y de edificios que utilizan agua de refrigeraci\u00f3n o fluidos intermedios en sistemas grandes con compresores centr\u00edfugos (uno o m\u00e1s escalones) y donde en el pasado pudo haberse usado el R-123.<\/p>\n","protected":false},"featured_media":203873,"comment_status":"open","ping_status":"closed","template":"","meta":[],"countries":[4674,4709,4756,4813,4831,4862],"product_brand":[],"product_cat":[9984,9952,9961,9943,9970,9997,13058,13093,13111,13127,9665],"product_tag":[],"class_list":{"0":"post-162052","1":"product","2":"type-product","3":"status-publish","4":"has-post-thumbnail","6":"countries-by","7":"countries-cu","8":"countries-ir","9":"countries-kp","10":"countries-ru","11":"countries-sy","12":"product_cat-aeronautica-aeroespacial-defensa","13":"product_cat-construccion","14":"product_cat-energia","15":"product_cat-alimentacion","16":"product_cat-salud-bienestar","17":"product_cat-otros-sectores","18":"product_cat-climatizacion","19":"product_cat-calefaccion","20":"product_cat-orc-ciclo-organico-rankine","21":"product_cat-refrigeracion","22":"product_cat-hfo-es-23","23":"pa_packaging-botella-52-l-es-72","24":"pa_packaging-contenedor-448-l-es-74","25":"pa_packaging-contenedor-930-l-es-76","26":"pa_packaging-cubikool","28":"first","29":"instock","30":"shipping-taxable","31":"purchasable","32":"product-type-variable"},"_links":{"self":[{"href":"https:\/\/climalife.com\/es\/wp-json\/wp\/v2\/product\/162052","targetHints":{"allow":["GET"]}}],"collection":[{"href":"https:\/\/climalife.com\/es\/wp-json\/wp\/v2\/product"}],"about":[{"href":"https:\/\/climalife.com\/es\/wp-json\/wp\/v2\/types\/product"}],"replies":[{"embeddable":true,"href":"https:\/\/climalife.com\/es\/wp-json\/wp\/v2\/comments?post=162052"}],"wp:featuredmedia":[{"embeddable":true,"href":"https:\/\/climalife.com\/es\/wp-json\/wp\/v2\/media\/203873"}],"wp:attachment":[{"href":"https:\/\/climalife.com\/es\/wp-json\/wp\/v2\/media?parent=162052"}],"wp:term":[{"taxonomy":"countries","embeddable":true,"href":"https:\/\/climalife.com\/es\/wp-json\/wp\/v2\/countries?post=162052"},{"taxonomy":"product_brand","embeddable":true,"href":"https:\/\/climalife.com\/es\/wp-json\/wp\/v2\/product_brand?post=162052"},{"taxonomy":"product_cat","embeddable":true,"href":"https:\/\/climalife.com\/es\/wp-json\/wp\/v2\/product_cat?post=162052"},{"taxonomy":"product_tag","embeddable":true,"href":"https:\/\/climalife.com\/es\/wp-json\/wp\/v2\/product_tag?post=162052"}],"curies":[{"name":"wp","href":"https:\/\/api.w.org\/{rel}","templated":true}]}}