{"id":162062,"date":"2022-09-28T17:58:42","date_gmt":"2022-09-28T17:58:42","guid":{"rendered":"http:\/\/climalife.com\/product\/solstice-n40-r-448a\/"},"modified":"2026-02-06T08:41:52","modified_gmt":"2026-02-06T08:41:52","slug":"solstice-n40-r-448a","status":"publish","type":"product","link":"https:\/\/climalife.com\/es\/product\/solstice-n40-r-448a\/","title":{"rendered":"R-448A Solstice\u00ae N40"},"content":{"rendered":"<p>R-448A Solstice<sup>\u00ae<\/sup> N40 es adecuado para sistemas de refrigeraci\u00f3n centralizada de supermercados e hipermercados, c\u00e1maras frigor\u00edficas, sistemas de ultracongelaci\u00f3n, muebles para almacenar productos congelados y transporte refrigerado.<\/p>\n<p><span id=\"result_box\" lang=\"es\">Utilizar un aceite poliol\u00e9ster (POE).<\/span><span id=\"t-served-community-button\" class=\"trans-verified-button goog-toolbar-button\"><\/span><\/p>\n","protected":false},"excerpt":{"rendered":"<p>R-448A es una mezcla no azeotr\u00f3pica a base de HFC y HFO de bajo PCA. Ha sido dise\u00f1ado para reemplazar al R-404A en instalaciones nuevas y existentes para refrigeraci\u00f3n comercial e industrial.<\/p>\n","protected":false},"featured_media":203873,"comment_status":"open","ping_status":"closed","template":"","meta":[],"countries":[4674,4709,4756,4813,4831,4862],"product_brand":[],"product_cat":[9984,9979,9943,9970,9997,13127,9612],"product_tag":[],"class_list":{"0":"post-162062","1":"product","2":"type-product","3":"status-publish","4":"has-post-thumbnail","6":"countries-by","7":"countries-cu","8":"countries-ir","9":"countries-kp","10":"countries-ru","11":"countries-sy","12":"product_cat-aeronautica-aeroespacial-defensa","13":"product_cat-automocion-transporte","14":"product_cat-alimentacion","15":"product_cat-salud-bienestar","16":"product_cat-otros-sectores","17":"product_cat-refrigeracion","18":"product_cat-mezclas-hfc-hfo","20":"first","21":"instock","22":"shipping-taxable","23":"purchasable","24":"product-type-variable"},"_links":{"self":[{"href":"https:\/\/climalife.com\/es\/wp-json\/wp\/v2\/product\/162062","targetHints":{"allow":["GET"]}}],"collection":[{"href":"https:\/\/climalife.com\/es\/wp-json\/wp\/v2\/product"}],"about":[{"href":"https:\/\/climalife.com\/es\/wp-json\/wp\/v2\/types\/product"}],"replies":[{"embeddable":true,"href":"https:\/\/climalife.com\/es\/wp-json\/wp\/v2\/comments?post=162062"}],"wp:featuredmedia":[{"embeddable":true,"href":"https:\/\/climalife.com\/es\/wp-json\/wp\/v2\/media\/203873"}],"wp:attachment":[{"href":"https:\/\/climalife.com\/es\/wp-json\/wp\/v2\/media?parent=162062"}],"wp:term":[{"taxonomy":"countries","embeddable":true,"href":"https:\/\/climalife.com\/es\/wp-json\/wp\/v2\/countries?post=162062"},{"taxonomy":"product_brand","embeddable":true,"href":"https:\/\/climalife.com\/es\/wp-json\/wp\/v2\/product_brand?post=162062"},{"taxonomy":"product_cat","embeddable":true,"href":"https:\/\/climalife.com\/es\/wp-json\/wp\/v2\/product_cat?post=162062"},{"taxonomy":"product_tag","embeddable":true,"href":"https:\/\/climalife.com\/es\/wp-json\/wp\/v2\/product_tag?post=162062"}],"curies":[{"name":"wp","href":"https:\/\/api.w.org\/{rel}","templated":true}]}}