{"id":162133,"date":"2022-09-28T17:59:32","date_gmt":"2022-09-28T17:59:32","guid":{"rendered":"http:\/\/climalife.com\/product\/neutraguard-neo\/"},"modified":"2024-01-25T13:52:23","modified_gmt":"2024-01-25T13:52:23","slug":"neutraguard-neo","status":"publish","type":"product","link":"https:\/\/climalife.com\/es\/product\/neutraguard-neo\/","title":{"rendered":"Neutraguard\u00ae Neo"},"content":{"rendered":"<p><span id=\"result_box\" lang=\"es\">Una vez diluido en agua\u00a0<strong>Neutraguard<sup>\u00ae<\/sup> Neo<\/strong>\u00a0proporciona una excelente protecci\u00f3n contra las heladas y\u00a0la corrosi\u00f3n de los metales en circuitos antiguos y nuevos (acero, aluminio, cobre, lat\u00f3n, soldadura, etc.). Esta protecci\u00f3n ha sido validada por numerosas pruebas est\u00e1ticas y din\u00e1micas.<\/span><\/p>\n","protected":false},"excerpt":{"rendered":"<p>Nuetraguard<span id=\"result_box\" lang=\"es\"><strong><sup>\u00ae<\/sup><\/strong><\/span> Neo, a base de monopropilenglicol y con inhibidores de corrosi\u00f3n, es un caloportador concentrado utilizado en \u00a0sistemas centrales de calefacci\u00f3n, colectores solares, suelos radiantes y sistemas geot\u00e9rmicos.<\/p>\n","protected":false},"featured_media":196561,"comment_status":"open","ping_status":"closed","template":"","meta":[],"countries":[4674,4709,4756,4813,4831,4862],"product_brand":[],"product_cat":[13093,9952,9961,13539,9997],"product_tag":[],"class_list":{"0":"post-162133","1":"product","2":"type-product","3":"status-publish","4":"has-post-thumbnail","6":"countries-by","7":"countries-cu","8":"countries-ir","9":"countries-kp","10":"countries-ru","11":"countries-sy","12":"product_cat-calefaccion","13":"product_cat-construccion","14":"product_cat-energia","15":"product_cat-mpg-es","16":"product_cat-otros-sectores","17":"pa_packaging-barril-210-i-es-28","18":"pa_packaging-bidon-20-l-es-36","19":"pa_packaging-contenedor-1000-kg-es-139","21":"first","22":"instock","23":"shipping-taxable","24":"purchasable","25":"product-type-variable"},"_links":{"self":[{"href":"https:\/\/climalife.com\/es\/wp-json\/wp\/v2\/product\/162133","targetHints":{"allow":["GET"]}}],"collection":[{"href":"https:\/\/climalife.com\/es\/wp-json\/wp\/v2\/product"}],"about":[{"href":"https:\/\/climalife.com\/es\/wp-json\/wp\/v2\/types\/product"}],"replies":[{"embeddable":true,"href":"https:\/\/climalife.com\/es\/wp-json\/wp\/v2\/comments?post=162133"}],"wp:featuredmedia":[{"embeddable":true,"href":"https:\/\/climalife.com\/es\/wp-json\/wp\/v2\/media\/196561"}],"wp:attachment":[{"href":"https:\/\/climalife.com\/es\/wp-json\/wp\/v2\/media?parent=162133"}],"wp:term":[{"taxonomy":"countries","embeddable":true,"href":"https:\/\/climalife.com\/es\/wp-json\/wp\/v2\/countries?post=162133"},{"taxonomy":"product_brand","embeddable":true,"href":"https:\/\/climalife.com\/es\/wp-json\/wp\/v2\/product_brand?post=162133"},{"taxonomy":"product_cat","embeddable":true,"href":"https:\/\/climalife.com\/es\/wp-json\/wp\/v2\/product_cat?post=162133"},{"taxonomy":"product_tag","embeddable":true,"href":"https:\/\/climalife.com\/es\/wp-json\/wp\/v2\/product_tag?post=162133"}],"curies":[{"name":"wp","href":"https:\/\/api.w.org\/{rel}","templated":true}]}}