{"id":162143,"date":"2022-09-28T17:59:41","date_gmt":"2022-09-28T17:59:41","guid":{"rendered":"http:\/\/climalife.com\/product\/neutragel-neo-listo-para-usar\/"},"modified":"2024-01-25T13:52:22","modified_gmt":"2024-01-25T13:52:22","slug":"neutragel-neo-listo-para-usar","status":"publish","type":"product","link":"https:\/\/climalife.com\/es\/product\/neutragel-neo-listo-para-usar\/","title":{"rendered":"Neutragel\u00ae Neo listo para usar"},"content":{"rendered":"<p>Cuando se diluye en agua, <strong>Neutragel<sup>\u00ae<\/sup> Neo <\/strong>proporciona una excelente protecci\u00f3n contra las heladas y la corrosi\u00f3n de los metales en circuitos antiguos y nuevos (acero, aluminio, cobre, lat\u00f3n, soldadura, etc.). Esta protecci\u00f3n ha sido validada por numerosas pruebas est\u00e1ticas\u00a0y din\u00e1micas.<\/p>\n","protected":false},"excerpt":{"rendered":"<p><strong>Neutragel<sup>\u00ae<\/sup> Neo<\/strong> es un caloportador a base de monoetilenglicol MEG con inhibidores de corrosi\u00f3n para aplicaciones de refrigeraci\u00f3n de baja temperatura y\u00a0 aire acondicionado. Su uso no est\u00e1 permitido en las redes de agua caliente sanitaria de intercambiador \u00fanico.<\/p>\n","protected":false},"featured_media":198419,"comment_status":"open","ping_status":"closed","template":"","meta":[],"countries":[4674,4709,4756,4813,4831,4862],"product_brand":[],"product_cat":[9984,9952,9961,9943,9970,9997,13058,13084,13127,13531],"product_tag":[13801,13803],"class_list":{"0":"post-162143","1":"product","2":"type-product","3":"status-publish","4":"has-post-thumbnail","6":"countries-by","7":"countries-cu","8":"countries-ir","9":"countries-kp","10":"countries-ru","11":"countries-sy","12":"product_cat-aeronautica-aeroespacial-defensa","13":"product_cat-construccion","14":"product_cat-energia","15":"product_cat-alimentacion","16":"product_cat-salud-bienestar","17":"product_cat-otros-sectores","18":"product_cat-climatizacion","19":"product_cat-proteccion-antincendios","20":"product_cat-refrigeracion","21":"product_cat-meg-es","22":"product_tag-caloportador","23":"product_tag-mpg","24":"pa_packaging-a-granel-10-t-es-140","25":"pa_packaging-a-granel-20-t-es-141","26":"pa_packaging-a-granel-5-t-es-144","27":"pa_packaging-barril-210-i-es-28","28":"pa_packaging-contenedor-1000-kg-es-139","29":"pa_protection-13-c-es-151","30":"pa_protection-16c-es-152","31":"pa_protection-18c-es-145","32":"pa_protection-20c-es-146","33":"pa_protection-27c-es-153","34":"pa_protection-32c-es-154","35":"pa_protection-39c-es-155","37":"first","38":"instock","39":"shipping-taxable","40":"purchasable","41":"product-type-variable"},"_links":{"self":[{"href":"https:\/\/climalife.com\/es\/wp-json\/wp\/v2\/product\/162143","targetHints":{"allow":["GET"]}}],"collection":[{"href":"https:\/\/climalife.com\/es\/wp-json\/wp\/v2\/product"}],"about":[{"href":"https:\/\/climalife.com\/es\/wp-json\/wp\/v2\/types\/product"}],"replies":[{"embeddable":true,"href":"https:\/\/climalife.com\/es\/wp-json\/wp\/v2\/comments?post=162143"}],"wp:featuredmedia":[{"embeddable":true,"href":"https:\/\/climalife.com\/es\/wp-json\/wp\/v2\/media\/198419"}],"wp:attachment":[{"href":"https:\/\/climalife.com\/es\/wp-json\/wp\/v2\/media?parent=162143"}],"wp:term":[{"taxonomy":"countries","embeddable":true,"href":"https:\/\/climalife.com\/es\/wp-json\/wp\/v2\/countries?post=162143"},{"taxonomy":"product_brand","embeddable":true,"href":"https:\/\/climalife.com\/es\/wp-json\/wp\/v2\/product_brand?post=162143"},{"taxonomy":"product_cat","embeddable":true,"href":"https:\/\/climalife.com\/es\/wp-json\/wp\/v2\/product_cat?post=162143"},{"taxonomy":"product_tag","embeddable":true,"href":"https:\/\/climalife.com\/es\/wp-json\/wp\/v2\/product_tag?post=162143"}],"curies":[{"name":"wp","href":"https:\/\/api.w.org\/{rel}","templated":true}]}}