{"id":162152,"date":"2022-09-28T17:59:49","date_gmt":"2022-09-28T17:59:49","guid":{"rendered":"http:\/\/climalife.com\/product\/friogel-neo-concentrado\/"},"modified":"2026-03-11T12:41:26","modified_gmt":"2026-03-11T12:41:26","slug":"friogel-neo-concentrado","status":"publish","type":"product","link":"https:\/\/climalife.com\/es\/product\/friogel-neo-concentrado\/","title":{"rendered":"Friogel\u00ae Neo concentrado"},"content":{"rendered":"<p><span id=\"result_box\" lang=\"es\">Al ser diluido en agua, <strong>Friogel\u00ae Neo<\/strong>\u00a0proporciona una excelente protecci\u00f3n contra las heladas y la corrosi\u00f3n de metales presentes en varios circuitos de dise\u00f1o antiguo o nuevo (acero, aluminio, cobre, lat\u00f3n, soldadura, etc.). Esta protecci\u00f3n ha sido validada por numerosas pruebas est\u00e1ticas y din\u00e1micas.<\/span><\/p>\n<p>La formulaci\u00f3n de <span id=\"result_box\" lang=\"es\"><strong>Friogel\u00ae Neo<\/strong><\/span>\u00a0est\u00e1 libre de b\u00f3rax, un aditivo clasificado como t\u00f3xico seg\u00fan el 30\u00ba congreso ATP europeo (Adaptaci\u00f3n al Progreso T\u00e9cnico).<\/p>\n<p>La tecnolog\u00eda anticorrosiva utilizada en <span id=\"result_box\" lang=\"es\"><strong>Friogel\u00ae Neo<\/strong><\/span>\u00a0se denomina org\u00e1nica, basada en \u00e1cidos carbox\u00edlicos neutralizados, sin fosfatos, sin nitritos y sin aminas. Estos agentes anticorrosi\u00f3n proporcionan una protecci\u00f3n duradera.<\/p>\n<p><span lang=\"es\"><span id=\"result_box\" lang=\"es\">Su exclusiva f\u00f3rmula garantiza una excelente estabilidad del agua dura sin riesgo de precipitaci\u00f3n de los sistemas de inhibici\u00f3n. Sin embargo, para diluir se recomienda el uso de agua desmineralizada, que evitar\u00e1 incrustaciones.<\/span><\/span><\/p>\n<p><span lang=\"es\"><span id=\"result_box\" lang=\"es\">Se reducen considerablemente los riesgos de deposici\u00f3n a medio plazo debidos a la corrosi\u00f3n de la planta o a la alteraci\u00f3n de los compuestos qu\u00edmicos, por la estabilidad de la f\u00f3rmula de inhibici\u00f3n.<\/span><span id=\"t-served-community-button\" class=\"trans-verified-button goog-toolbar-button\"><\/span><\/span><\/p>\n<p><span lang=\"es\"><span lang=\"es\"><span id=\"result_box\" lang=\"es\">Se recomienda el control de concentraci\u00f3n de <strong>Friogel\u00ae Neo<\/strong> durante el mantenimiento anual de las instalaciones para evitar riesgos de obstrucci\u00f3n.<\/span><\/span><\/span><\/p>\n<p>La coloraci\u00f3n roja de<span lang=\"es\"><span id=\"result_box\" lang=\"es\"> <strong>Friogel\u00ae Neo<\/strong>\u00a0<\/span><\/span>\u00a0permite su identificaci\u00f3n inmediata.<\/p>\n","protected":false},"excerpt":{"rendered":"<p><span lang=\"es\"><span id=\"result_box\" lang=\"es\"> <strong>Friogel\u00ae Neo<\/strong>\u00a0<\/span><\/span> de base MPG <span data-teams=\"true\">monopropilenglicol<\/span> e inhibidores de corrosi\u00f3n es un caloportador anticongelante concentrado para sistemas de refrigeraci\u00f3n de baja temperatura y de la industria alimentaria.<\/p>\n","protected":false},"featured_media":190674,"comment_status":"open","ping_status":"closed","template":"","meta":[],"countries":[4674,4709,4756,4813,4831,4862],"product_brand":[],"product_cat":[9984,9952,9943,9970,9997,13058,13084,13093,13127,13539],"product_tag":[],"class_list":{"0":"post-162152","1":"product","2":"type-product","3":"status-publish","4":"has-post-thumbnail","6":"countries-by","7":"countries-cu","8":"countries-ir","9":"countries-kp","10":"countries-ru","11":"countries-sy","12":"product_cat-aeronautica-aeroespacial-defensa","13":"product_cat-construccion","14":"product_cat-alimentacion","15":"product_cat-salud-bienestar","16":"product_cat-otros-sectores","17":"product_cat-climatizacion","18":"product_cat-proteccion-antincendios","19":"product_cat-calefaccion","20":"product_cat-refrigeracion","21":"product_cat-mpg-es","22":"pa_packaging-a-granel-10-t-es-140","23":"pa_packaging-a-granel-20-t-es-141","24":"pa_packaging-barril-210-i-es-28","25":"pa_packaging-bidon-20-l-es-36","26":"pa_packaging-contenedor-1000-kg-es-139","28":"first","29":"instock","30":"shipping-taxable","31":"purchasable","32":"product-type-variable"},"_links":{"self":[{"href":"https:\/\/climalife.com\/es\/wp-json\/wp\/v2\/product\/162152","targetHints":{"allow":["GET"]}}],"collection":[{"href":"https:\/\/climalife.com\/es\/wp-json\/wp\/v2\/product"}],"about":[{"href":"https:\/\/climalife.com\/es\/wp-json\/wp\/v2\/types\/product"}],"replies":[{"embeddable":true,"href":"https:\/\/climalife.com\/es\/wp-json\/wp\/v2\/comments?post=162152"}],"wp:featuredmedia":[{"embeddable":true,"href":"https:\/\/climalife.com\/es\/wp-json\/wp\/v2\/media\/190674"}],"wp:attachment":[{"href":"https:\/\/climalife.com\/es\/wp-json\/wp\/v2\/media?parent=162152"}],"wp:term":[{"taxonomy":"countries","embeddable":true,"href":"https:\/\/climalife.com\/es\/wp-json\/wp\/v2\/countries?post=162152"},{"taxonomy":"product_brand","embeddable":true,"href":"https:\/\/climalife.com\/es\/wp-json\/wp\/v2\/product_brand?post=162152"},{"taxonomy":"product_cat","embeddable":true,"href":"https:\/\/climalife.com\/es\/wp-json\/wp\/v2\/product_cat?post=162152"},{"taxonomy":"product_tag","embeddable":true,"href":"https:\/\/climalife.com\/es\/wp-json\/wp\/v2\/product_tag?post=162152"}],"curies":[{"name":"wp","href":"https:\/\/api.w.org\/{rel}","templated":true}]}}