{"id":162162,"date":"2020-09-28T17:59:57","date_gmt":"2020-09-28T17:59:57","guid":{"rendered":"http:\/\/climalife.com\/product\/botella-de-reutilizacion\/"},"modified":"2024-01-25T13:53:42","modified_gmt":"2024-01-25T13:53:42","slug":"botella-de-reutilizacion","status":"publish","type":"product","link":"https:\/\/climalife.com\/es\/product\/botella-de-reutilizacion\/","title":{"rendered":"Botella de reutilizaci\u00f3n"},"content":{"rendered":"<p>Nuestros envases de reutilizaci\u00f3n son limpiados y vaciados para evitar la contaminaci\u00f3n del fluido que ser\u00e1 posteriormente cargado en una instalaci\u00f3n despu\u00e9s de una operaci\u00f3n de servicio.<\/p>\n","protected":false},"excerpt":{"rendered":"<p>Gesti\u00f3n de residuos: Botella de reutilizaci\u00f3n espec\u00edfica para un drenado temporal del sistema previo a la recarga de un gas en la instalaci\u00f3n.<\/p>\n","protected":false},"featured_media":108711,"comment_status":"open","ping_status":"closed","template":"","meta":[],"countries":[4674,4709,4756,4813,4831,4862],"product_brand":[],"product_cat":[9984,9979,9952,9961,9943,9970,9997,13058,13093,13111,13127,13136,13251],"product_tag":[],"class_list":{"0":"post-162162","1":"product","2":"type-product","3":"status-publish","4":"has-post-thumbnail","6":"countries-by","7":"countries-cu","8":"countries-ir","9":"countries-kp","10":"countries-ru","11":"countries-sy","12":"product_cat-aeronautica-aeroespacial-defensa","13":"product_cat-automocion-transporte","14":"product_cat-construccion","15":"product_cat-energia","16":"product_cat-alimentacion","17":"product_cat-salud-bienestar","18":"product_cat-otros-sectores","19":"product_cat-climatizacion","20":"product_cat-calefaccion","21":"product_cat-orc-ciclo-organico-rankine","22":"product_cat-refrigeracion","23":"product_cat-energias-renovables","24":"product_cat-gestion-de-residuos-gas","25":"pa_packaging-botella-26-i-es-32","26":"pa_packaging-botella-60-l","27":"pa_pressure-42-bares-es-242","29":"first","30":"instock","31":"shipping-taxable","32":"purchasable","33":"product-type-variable"},"_links":{"self":[{"href":"https:\/\/climalife.com\/es\/wp-json\/wp\/v2\/product\/162162","targetHints":{"allow":["GET"]}}],"collection":[{"href":"https:\/\/climalife.com\/es\/wp-json\/wp\/v2\/product"}],"about":[{"href":"https:\/\/climalife.com\/es\/wp-json\/wp\/v2\/types\/product"}],"replies":[{"embeddable":true,"href":"https:\/\/climalife.com\/es\/wp-json\/wp\/v2\/comments?post=162162"}],"wp:featuredmedia":[{"embeddable":true,"href":"https:\/\/climalife.com\/es\/wp-json\/wp\/v2\/media\/108711"}],"wp:attachment":[{"href":"https:\/\/climalife.com\/es\/wp-json\/wp\/v2\/media?parent=162162"}],"wp:term":[{"taxonomy":"countries","embeddable":true,"href":"https:\/\/climalife.com\/es\/wp-json\/wp\/v2\/countries?post=162162"},{"taxonomy":"product_brand","embeddable":true,"href":"https:\/\/climalife.com\/es\/wp-json\/wp\/v2\/product_brand?post=162162"},{"taxonomy":"product_cat","embeddable":true,"href":"https:\/\/climalife.com\/es\/wp-json\/wp\/v2\/product_cat?post=162162"},{"taxonomy":"product_tag","embeddable":true,"href":"https:\/\/climalife.com\/es\/wp-json\/wp\/v2\/product_tag?post=162162"}],"curies":[{"name":"wp","href":"https:\/\/api.w.org\/{rel}","templated":true}]}}