{"id":162262,"date":"2022-09-28T18:01:07","date_gmt":"2022-09-28T18:01:07","guid":{"rendered":"http:\/\/climalife.com\/product\/r-513a\/"},"modified":"2026-02-06T07:24:21","modified_gmt":"2026-02-06T07:24:21","slug":"r-513a","status":"publish","type":"product","link":"https:\/\/climalife.com\/es\/product\/r-513a\/","title":{"rendered":"R-513A"},"content":{"rendered":"<p>Est\u00e1 dise\u00f1ado para sustituir al R-134a en aplicaciones de refrigeraci\u00f3n dom\u00e9sticas, comerciales e industriales, as\u00ed como en aire acondicionado, enfriadoras de l\u00edquido y bombas de calor. Se puede utilizar en expansi\u00f3n directa y en sistemas por inundaci\u00f3n.<\/p>\n","protected":false},"excerpt":{"rendered":"<p>El refrigerante R-513A es una mezcla azeotr\u00f3pica de la familia de las mezclas HFC\/HFO.<\/p>\n","protected":false},"featured_media":203873,"comment_status":"open","ping_status":"closed","template":"","meta":[],"countries":[4674,4709,4756,4813,4831,4862],"product_brand":[],"product_cat":[9984,9952,9961,9943,9970,9997,13058,13093,13127,9612],"product_tag":[],"class_list":{"0":"post-162262","1":"product","2":"type-product","3":"status-publish","4":"has-post-thumbnail","6":"countries-by","7":"countries-cu","8":"countries-ir","9":"countries-kp","10":"countries-ru","11":"countries-sy","12":"product_cat-aeronautica-aeroespacial-defensa","13":"product_cat-construccion","14":"product_cat-energia","15":"product_cat-alimentacion","16":"product_cat-salud-bienestar","17":"product_cat-otros-sectores","18":"product_cat-climatizacion","19":"product_cat-calefaccion","20":"product_cat-refrigeracion","21":"product_cat-mezclas-hfc-hfo","23":"first","24":"instock","25":"shipping-taxable","26":"purchasable","27":"product-type-variable"},"_links":{"self":[{"href":"https:\/\/climalife.com\/es\/wp-json\/wp\/v2\/product\/162262","targetHints":{"allow":["GET"]}}],"collection":[{"href":"https:\/\/climalife.com\/es\/wp-json\/wp\/v2\/product"}],"about":[{"href":"https:\/\/climalife.com\/es\/wp-json\/wp\/v2\/types\/product"}],"replies":[{"embeddable":true,"href":"https:\/\/climalife.com\/es\/wp-json\/wp\/v2\/comments?post=162262"}],"wp:featuredmedia":[{"embeddable":true,"href":"https:\/\/climalife.com\/es\/wp-json\/wp\/v2\/media\/203873"}],"wp:attachment":[{"href":"https:\/\/climalife.com\/es\/wp-json\/wp\/v2\/media?parent=162262"}],"wp:term":[{"taxonomy":"countries","embeddable":true,"href":"https:\/\/climalife.com\/es\/wp-json\/wp\/v2\/countries?post=162262"},{"taxonomy":"product_brand","embeddable":true,"href":"https:\/\/climalife.com\/es\/wp-json\/wp\/v2\/product_brand?post=162262"},{"taxonomy":"product_cat","embeddable":true,"href":"https:\/\/climalife.com\/es\/wp-json\/wp\/v2\/product_cat?post=162262"},{"taxonomy":"product_tag","embeddable":true,"href":"https:\/\/climalife.com\/es\/wp-json\/wp\/v2\/product_tag?post=162262"}],"curies":[{"name":"wp","href":"https:\/\/api.w.org\/{rel}","templated":true}]}}