{"id":162273,"date":"2022-09-28T18:01:17","date_gmt":"2022-09-28T18:01:17","guid":{"rendered":"http:\/\/climalife.com\/product\/mgs-150\/"},"modified":"2026-01-29T13:54:53","modified_gmt":"2026-01-29T13:54:53","slug":"mgs-150","status":"publish","type":"product","link":"https:\/\/climalife.com\/es\/product\/mgs-150\/","title":{"rendered":"MGS 150"},"content":{"rendered":"<p>Estos detectores de fugas fijos hacen que sea f\u00e1cil y c\u00f3modo cumplir con los c\u00f3digos de seguridad en las salas de m\u00e1quinas y de refrigeraci\u00f3n. Su facilidad de uso tambi\u00e9n ahorra tiempo y dinero en m\u00e1quinas e instalaciones.<\/p>\n<p>Climalife garantiza la disponibilidad de sensores de repuesto y kits de calibraci\u00f3n para la serie MGS 150.<\/p>\n","protected":false},"excerpt":{"rendered":"<p>Los controladores de sala MGS 150 han sido sustituidos por una nueva gama: las series\u00a0MGS 400 y MGS 550.<\/p>\n","protected":false},"featured_media":117450,"comment_status":"open","ping_status":"closed","template":"","meta":[],"countries":[4674,4709,4756,4760,4813,4831,4862],"product_brand":[],"product_cat":[9268],"product_tag":[],"class_list":{"0":"post-162273","1":"product","2":"type-product","3":"status-publish","4":"has-post-thumbnail","6":"countries-by","7":"countries-cu","8":"countries-ir","9":"countries-it","10":"countries-kp","11":"countries-ru","12":"countries-sy","13":"product_cat-detector-fijo","15":"first","16":"instock","17":"shipping-taxable","18":"purchasable","19":"product-type-simple"},"_links":{"self":[{"href":"https:\/\/climalife.com\/es\/wp-json\/wp\/v2\/product\/162273","targetHints":{"allow":["GET"]}}],"collection":[{"href":"https:\/\/climalife.com\/es\/wp-json\/wp\/v2\/product"}],"about":[{"href":"https:\/\/climalife.com\/es\/wp-json\/wp\/v2\/types\/product"}],"replies":[{"embeddable":true,"href":"https:\/\/climalife.com\/es\/wp-json\/wp\/v2\/comments?post=162273"}],"wp:featuredmedia":[{"embeddable":true,"href":"https:\/\/climalife.com\/es\/wp-json\/wp\/v2\/media\/117450"}],"wp:attachment":[{"href":"https:\/\/climalife.com\/es\/wp-json\/wp\/v2\/media?parent=162273"}],"wp:term":[{"taxonomy":"countries","embeddable":true,"href":"https:\/\/climalife.com\/es\/wp-json\/wp\/v2\/countries?post=162273"},{"taxonomy":"product_brand","embeddable":true,"href":"https:\/\/climalife.com\/es\/wp-json\/wp\/v2\/product_brand?post=162273"},{"taxonomy":"product_cat","embeddable":true,"href":"https:\/\/climalife.com\/es\/wp-json\/wp\/v2\/product_cat?post=162273"},{"taxonomy":"product_tag","embeddable":true,"href":"https:\/\/climalife.com\/es\/wp-json\/wp\/v2\/product_tag?post=162273"}],"curies":[{"name":"wp","href":"https:\/\/api.w.org\/{rel}","templated":true}]}}