{"id":162288,"date":"2022-10-05T00:58:10","date_gmt":"2022-10-05T00:58:10","guid":{"rendered":"http:\/\/climalife.com\/?post_type=product&#038;p=162288"},"modified":"2026-01-29T13:54:52","modified_gmt":"2026-01-29T13:54:52","slug":"diseno-de-maquina-de-recuperacion-grv","status":"publish","type":"product","link":"https:\/\/climalife.com\/es\/product\/diseno-de-maquina-de-recuperacion-grv\/","title":{"rendered":"Dise\u00f1o de m\u00e1quinas de recuperaci\u00f3n GRV"},"content":{"rendered":"<p>Dise\u00f1ados para recuperar todos los refrigerantes y SF<sub>6<\/sub> hasta 1 mbar absoluto.<\/p>\n<p>Los GRV est\u00e1n especialmente adaptados a las operaciones de trasvase en las que el fluido recuperado no presenta ning\u00fan rastro de aceite.<\/p>\n<p>Podemos ofrecerle varios modelos para adecuarse a su pliego de condiciones (m\u00f3viles, transportables, de presi\u00f3n variable, en fase l\u00edquida o gaseosa, <em>push-pull<\/em>, etc.).<\/p>\n<p>&nbsp;<\/p>\n","protected":false},"excerpt":{"rendered":"<p>Dise\u00f1o de m\u00e1quinas de recuperaci\u00f3n y extracci\u00f3n al vac\u00edo (GRV)<\/p>\n","protected":false},"featured_media":108333,"comment_status":"open","ping_status":"closed","template":"","meta":[],"countries":[4674,4709,4756,4813,4831,4862],"product_brand":[],"product_cat":[9219,9952,9961,9970,13067,13119,13127,13492],"product_tag":[],"class_list":{"0":"post-162288","1":"product","2":"type-product","3":"status-publish","4":"has-post-thumbnail","6":"countries-by","7":"countries-cu","8":"countries-ir","9":"countries-kp","10":"countries-ru","11":"countries-sy","12":"product_cat-industrias","13":"product_cat-construccion","14":"product_cat-energia","15":"product_cat-salud-bienestar","16":"product_cat-proteccion-dielectrica-sf6","17":"product_cat-propelentes","18":"product_cat-refrigeracion","19":"product_cat-equipos-de-recuperacion-y-trasvase","21":"first","22":"instock","23":"shipping-taxable","24":"purchasable","25":"product-type-simple"},"_links":{"self":[{"href":"https:\/\/climalife.com\/es\/wp-json\/wp\/v2\/product\/162288","targetHints":{"allow":["GET"]}}],"collection":[{"href":"https:\/\/climalife.com\/es\/wp-json\/wp\/v2\/product"}],"about":[{"href":"https:\/\/climalife.com\/es\/wp-json\/wp\/v2\/types\/product"}],"replies":[{"embeddable":true,"href":"https:\/\/climalife.com\/es\/wp-json\/wp\/v2\/comments?post=162288"}],"wp:featuredmedia":[{"embeddable":true,"href":"https:\/\/climalife.com\/es\/wp-json\/wp\/v2\/media\/108333"}],"wp:attachment":[{"href":"https:\/\/climalife.com\/es\/wp-json\/wp\/v2\/media?parent=162288"}],"wp:term":[{"taxonomy":"countries","embeddable":true,"href":"https:\/\/climalife.com\/es\/wp-json\/wp\/v2\/countries?post=162288"},{"taxonomy":"product_brand","embeddable":true,"href":"https:\/\/climalife.com\/es\/wp-json\/wp\/v2\/product_brand?post=162288"},{"taxonomy":"product_cat","embeddable":true,"href":"https:\/\/climalife.com\/es\/wp-json\/wp\/v2\/product_cat?post=162288"},{"taxonomy":"product_tag","embeddable":true,"href":"https:\/\/climalife.com\/es\/wp-json\/wp\/v2\/product_tag?post=162288"}],"curies":[{"name":"wp","href":"https:\/\/api.w.org\/{rel}","templated":true}]}}