{"id":162375,"date":"2022-09-28T18:03:06","date_gmt":"2022-09-28T18:03:06","guid":{"rendered":"http:\/\/climalife.com\/product\/dispersant-d\/"},"modified":"2024-01-25T13:52:08","modified_gmt":"2024-01-25T13:52:08","slug":"dispersant-d","status":"publish","type":"product","link":"https:\/\/climalife.com\/es\/product\/dispersant-d\/","title":{"rendered":"Dispersant D"},"content":{"rendered":"<p>Eliminar part\u00edculas de \u00f3xido y suciedad no incrustada antes de la carga del sistema con refrigerante. Dosificaci\u00f3n: entre 20 y 50 g por litro de agua. Siempre debe enjuagarse con agua.<\/p>\n","protected":false},"excerpt":{"rendered":"<p>Elimina part\u00edculas de \u00f3xido y suciedad no incrustada en circuitos caloportadores.<\/p>\n","protected":false},"featured_media":180170,"comment_status":"open","ping_status":"closed","template":"","meta":[],"countries":[4674,4709,4756,4813,4831,4862],"product_brand":[],"product_cat":[9984,9943,13093,13058,9952,9961,13136,9359,9997,13127,9970],"product_tag":[],"class_list":{"0":"post-162375","1":"product","2":"type-product","3":"status-publish","4":"has-post-thumbnail","6":"countries-by","7":"countries-cu","8":"countries-ir","9":"countries-kp","10":"countries-ru","11":"countries-sy","12":"product_cat-aeronautica-aeroespacial-defensa","13":"product_cat-alimentacion","14":"product_cat-calefaccion","15":"product_cat-climatizacion","16":"product_cat-construccion","17":"product_cat-energia","18":"product_cat-energias-renovables","19":"product_cat-interna-circuitos-secundarios","20":"product_cat-otros-sectores","21":"product_cat-refrigeracion","22":"product_cat-salud-bienestar","23":"pa_packaging-bidon-de-20kg-es-38","25":"first","26":"instock","27":"shipping-taxable","28":"purchasable","29":"product-type-variable"},"_links":{"self":[{"href":"https:\/\/climalife.com\/es\/wp-json\/wp\/v2\/product\/162375","targetHints":{"allow":["GET"]}}],"collection":[{"href":"https:\/\/climalife.com\/es\/wp-json\/wp\/v2\/product"}],"about":[{"href":"https:\/\/climalife.com\/es\/wp-json\/wp\/v2\/types\/product"}],"replies":[{"embeddable":true,"href":"https:\/\/climalife.com\/es\/wp-json\/wp\/v2\/comments?post=162375"}],"wp:featuredmedia":[{"embeddable":true,"href":"https:\/\/climalife.com\/es\/wp-json\/wp\/v2\/media\/180170"}],"wp:attachment":[{"href":"https:\/\/climalife.com\/es\/wp-json\/wp\/v2\/media?parent=162375"}],"wp:term":[{"taxonomy":"countries","embeddable":true,"href":"https:\/\/climalife.com\/es\/wp-json\/wp\/v2\/countries?post=162375"},{"taxonomy":"product_brand","embeddable":true,"href":"https:\/\/climalife.com\/es\/wp-json\/wp\/v2\/product_brand?post=162375"},{"taxonomy":"product_cat","embeddable":true,"href":"https:\/\/climalife.com\/es\/wp-json\/wp\/v2\/product_cat?post=162375"},{"taxonomy":"product_tag","embeddable":true,"href":"https:\/\/climalife.com\/es\/wp-json\/wp\/v2\/product_tag?post=162375"}],"curies":[{"name":"wp","href":"https:\/\/api.w.org\/{rel}","templated":true}]}}