{"id":162488,"date":"2022-09-28T18:05:27","date_gmt":"2022-09-28T18:05:27","guid":{"rendered":"http:\/\/climalife.com\/product\/bomba-universal\/"},"modified":"2024-01-25T13:52:02","modified_gmt":"2024-01-25T13:52:02","slug":"bomba-universal","status":"publish","type":"product","link":"https:\/\/climalife.com\/es\/product\/bomba-universal\/","title":{"rendered":"Bomba universal"},"content":{"rendered":"<p><span id=\"result_box\" lang=\"es\"><strong>7299:<\/strong> Incluye un cuerpo de \u00e9mbolo FP430 PP-1000 de\u00a0un metro de longitud, un motor\u00a0 el\u00e9ctrico F417 y un tornillo para el cuerpo del \u00e9mbolo G2.<\/span><span id=\"t-served-community-button\" class=\"trans-verified-button goog-toolbar-button\"><\/span><\/p>\n<p>&nbsp;<\/p>\n<p><span lang=\"es\"><span id=\"result_box\" lang=\"es\"><strong>7298:<\/strong>\u00a0Incluye un cuerpo de \u00e9mbolo FP430 PP-1000 de 0,7 metros de longitud, un motor el\u00e9ctrico F417 y un tornillo para el cuerpo del \u00e9mbolo G2.<\/span><span id=\"t-served-community-button\" class=\"trans-verified-button goog-toolbar-button\"><\/span><\/span><\/p>\n","protected":false},"excerpt":{"rendered":"<p>Esta bomba puede ser usada para caloportadores, lubricantes o productos\u00a0 de limpieza.<\/p>\n","protected":false},"featured_media":206895,"comment_status":"open","ping_status":"closed","template":"","meta":[],"countries":[4674,4709,4756,4813,4831,4862],"product_brand":[],"product_cat":[9984,9952,9961,9943,9970,9997,13058,13084,13093,13127,13136,9233],"product_tag":[],"class_list":{"0":"post-162488","1":"product","2":"type-product","3":"status-publish","4":"has-post-thumbnail","6":"countries-by","7":"countries-cu","8":"countries-ir","9":"countries-kp","10":"countries-ru","11":"countries-sy","12":"product_cat-aeronautica-aeroespacial-defensa","13":"product_cat-construccion","14":"product_cat-energia","15":"product_cat-alimentacion","16":"product_cat-salud-bienestar","17":"product_cat-otros-sectores","18":"product_cat-climatizacion","19":"product_cat-proteccion-antincendios","20":"product_cat-calefaccion","21":"product_cat-refrigeracion","22":"product_cat-energias-renovables","23":"product_cat-interna-instalaciones","24":"pa_dimension-para-barril-217-l-es-223","25":"pa_dimension-para-barril-30-l-es-224","26":"pa_packaging-unidad-es-25","28":"first","29":"instock","30":"shipping-taxable","31":"purchasable","32":"product-type-variable"},"_links":{"self":[{"href":"https:\/\/climalife.com\/es\/wp-json\/wp\/v2\/product\/162488","targetHints":{"allow":["GET"]}}],"collection":[{"href":"https:\/\/climalife.com\/es\/wp-json\/wp\/v2\/product"}],"about":[{"href":"https:\/\/climalife.com\/es\/wp-json\/wp\/v2\/types\/product"}],"replies":[{"embeddable":true,"href":"https:\/\/climalife.com\/es\/wp-json\/wp\/v2\/comments?post=162488"}],"wp:featuredmedia":[{"embeddable":true,"href":"https:\/\/climalife.com\/es\/wp-json\/wp\/v2\/media\/206895"}],"wp:attachment":[{"href":"https:\/\/climalife.com\/es\/wp-json\/wp\/v2\/media?parent=162488"}],"wp:term":[{"taxonomy":"countries","embeddable":true,"href":"https:\/\/climalife.com\/es\/wp-json\/wp\/v2\/countries?post=162488"},{"taxonomy":"product_brand","embeddable":true,"href":"https:\/\/climalife.com\/es\/wp-json\/wp\/v2\/product_brand?post=162488"},{"taxonomy":"product_cat","embeddable":true,"href":"https:\/\/climalife.com\/es\/wp-json\/wp\/v2\/product_cat?post=162488"},{"taxonomy":"product_tag","embeddable":true,"href":"https:\/\/climalife.com\/es\/wp-json\/wp\/v2\/product_tag?post=162488"}],"curies":[{"name":"wp","href":"https:\/\/api.w.org\/{rel}","templated":true}]}}