{"id":162497,"date":"2022-09-28T18:05:38","date_gmt":"2022-09-28T18:05:38","guid":{"rendered":"http:\/\/climalife.com\/product\/gama-mobil-arctic-shc-200\/"},"modified":"2026-03-04T11:02:44","modified_gmt":"2026-03-04T11:02:44","slug":"mobil-gargoyle-arctic-gama-shc","status":"publish","type":"product","link":"https:\/\/climalife.com\/es\/product\/mobil-gargoyle-arctic-gama-shc\/","title":{"rendered":"Mobil Arctic gama SHC"},"content":{"rendered":"<p>Y la serie Mobil Gargoyle Arctic gama SHC 200: <strong>Mobil Arctic SHC 226 E, Mobil Arctic SHC 228, Mobil Arctic SHC 230 and Mobil Arctic SHC 234.<\/strong><\/p>\n<p class=\"trans-verified-button-small\" dir=\"ltr\">\n","protected":false},"excerpt":{"rendered":"<p>La serie Mobil Gargoyle Arctic SHC (hidrocarburo sintetizado o SHC, por sus siglas en ingl\u00e9s) est\u00e1 dise\u00f1ada para aportar:<\/p>\n<ul>\n<li>Vida \u00fatil del compresor optimizada con una excelente protecci\u00f3n contra el desgaste.<\/li>\n<li>Larga duraci\u00f3n de los rodamientos.<\/li>\n<li>Protecci\u00f3n eficaz de los equipos en una amplia gama de temperaturas de funcionamiento.<\/li>\n<\/ul>\n<p>Los aceites Mobil Gargoyle Arctic SHC son reconocidos y apreciados en todo el mundo por su innovaci\u00f3n y rendimiento.<\/p>\n","protected":false},"featured_media":108387,"comment_status":"open","ping_status":"closed","template":"","meta":[],"countries":[4674,4709,4756,4813,4831,4862],"product_brand":[],"product_cat":[9952,9943,9970,9997,13058,13093,13127,13461],"product_tag":[],"class_list":{"0":"post-162497","1":"product","2":"type-product","3":"status-publish","4":"has-post-thumbnail","6":"countries-by","7":"countries-cu","8":"countries-ir","9":"countries-kp","10":"countries-ru","11":"countries-sy","12":"product_cat-construccion","13":"product_cat-alimentacion","14":"product_cat-salud-bienestar","15":"product_cat-otros-sectores","16":"product_cat-climatizacion","17":"product_cat-calefaccion","18":"product_cat-refrigeracion","19":"product_cat-pao-es","20":"pa_packaging-barril-de-208-l-es-49","21":"pa_packaging-bidon-20-l-es-36","23":"first","24":"instock","25":"shipping-taxable","26":"purchasable","27":"product-type-variable"},"_links":{"self":[{"href":"https:\/\/climalife.com\/es\/wp-json\/wp\/v2\/product\/162497","targetHints":{"allow":["GET"]}}],"collection":[{"href":"https:\/\/climalife.com\/es\/wp-json\/wp\/v2\/product"}],"about":[{"href":"https:\/\/climalife.com\/es\/wp-json\/wp\/v2\/types\/product"}],"replies":[{"embeddable":true,"href":"https:\/\/climalife.com\/es\/wp-json\/wp\/v2\/comments?post=162497"}],"wp:featuredmedia":[{"embeddable":true,"href":"https:\/\/climalife.com\/es\/wp-json\/wp\/v2\/media\/108387"}],"wp:attachment":[{"href":"https:\/\/climalife.com\/es\/wp-json\/wp\/v2\/media?parent=162497"}],"wp:term":[{"taxonomy":"countries","embeddable":true,"href":"https:\/\/climalife.com\/es\/wp-json\/wp\/v2\/countries?post=162497"},{"taxonomy":"product_brand","embeddable":true,"href":"https:\/\/climalife.com\/es\/wp-json\/wp\/v2\/product_brand?post=162497"},{"taxonomy":"product_cat","embeddable":true,"href":"https:\/\/climalife.com\/es\/wp-json\/wp\/v2\/product_cat?post=162497"},{"taxonomy":"product_tag","embeddable":true,"href":"https:\/\/climalife.com\/es\/wp-json\/wp\/v2\/product_tag?post=162497"}],"curies":[{"name":"wp","href":"https:\/\/api.w.org\/{rel}","templated":true}]}}