{"id":162535,"date":"2022-09-28T18:06:19","date_gmt":"2022-09-28T18:06:19","guid":{"rendered":"http:\/\/climalife.com\/product\/composicion-gpc\/"},"modified":"2024-01-25T13:51:58","modified_gmt":"2024-01-25T13:51:58","slug":"analisis-gas-identificacion","status":"publish","type":"product","link":"https:\/\/climalife.com\/es\/product\/analisis-gas-identificacion\/","title":{"rendered":"An\u00e1lisis gas b\u00e1sico: identificaci\u00f3n"},"content":{"rendered":"<p>An\u00e1lisis de identificaci\u00f3n del gas refrigerante.<\/p>\n<div id=\"gtx-anchor\" style=\"position: absolute; visibility: hidden; left: 231.675px; top: 29.2px; width: 64.9125px; height: 17.6px;\"><\/div>\n<div class=\"jfk-bubble gtx-bubble\" style=\"visibility: visible; left: -491px; top: 57px; opacity: 1;\" role=\"alertdialog\" aria-describedby=\"bubble-2\">\n<div id=\"bubble-2\" class=\"jfk-bubble-content-id\">\n<div id=\"gtx-host\" style=\"min-width: 200px; max-width: 400px;\"><\/div>\n<\/div>\n<div class=\"jfk-bubble-closebtn-id jfk-bubble-closebtn\" tabindex=\"0\" role=\"button\" aria-label=\"Close\"><\/div>\n<div class=\"jfk-bubble-arrow-id jfk-bubble-arrow jfk-bubble-arrowup\" style=\"left: 254.175px;\">\n<div class=\"jfk-bubble-arrowimplbefore\"><\/div>\n<div class=\"jfk-bubble-arrowimplafter\"><\/div>\n<\/div>\n<\/div>\n","protected":false},"excerpt":{"rendered":"<p>Climalife dispone de laboratorio propio para an\u00e1lisis de gas: gama Axilis acordes a normativa para garantizar la durabilidad de sus instalaciones.<\/p>\n","protected":false},"featured_media":107532,"comment_status":"open","ping_status":"closed","template":"","meta":[],"countries":[4674,4709,4756,4813,4831,4854,4862],"product_brand":[],"product_cat":[9984,9979,9952,9943,9970,9997,13058,13093,13127,9251],"product_tag":[],"class_list":{"0":"post-162535","1":"product","2":"type-product","3":"status-publish","4":"has-post-thumbnail","6":"countries-by","7":"countries-cu","8":"countries-ir","9":"countries-kp","10":"countries-ru","11":"countries-es","12":"countries-sy","13":"product_cat-aeronautica-aeroespacial-defensa","14":"product_cat-automocion-transporte","15":"product_cat-construccion","16":"product_cat-alimentacion","17":"product_cat-salud-bienestar","18":"product_cat-otros-sectores","19":"product_cat-climatizacion","20":"product_cat-calefaccion","21":"product_cat-refrigeracion","22":"product_cat-analisis-de-refrigerantes","23":"pa_packaging-unidad-es-25","25":"first","26":"instock","27":"shipping-taxable","28":"purchasable","29":"product-type-variable"},"_links":{"self":[{"href":"https:\/\/climalife.com\/es\/wp-json\/wp\/v2\/product\/162535","targetHints":{"allow":["GET"]}}],"collection":[{"href":"https:\/\/climalife.com\/es\/wp-json\/wp\/v2\/product"}],"about":[{"href":"https:\/\/climalife.com\/es\/wp-json\/wp\/v2\/types\/product"}],"replies":[{"embeddable":true,"href":"https:\/\/climalife.com\/es\/wp-json\/wp\/v2\/comments?post=162535"}],"wp:featuredmedia":[{"embeddable":true,"href":"https:\/\/climalife.com\/es\/wp-json\/wp\/v2\/media\/107532"}],"wp:attachment":[{"href":"https:\/\/climalife.com\/es\/wp-json\/wp\/v2\/media?parent=162535"}],"wp:term":[{"taxonomy":"countries","embeddable":true,"href":"https:\/\/climalife.com\/es\/wp-json\/wp\/v2\/countries?post=162535"},{"taxonomy":"product_brand","embeddable":true,"href":"https:\/\/climalife.com\/es\/wp-json\/wp\/v2\/product_brand?post=162535"},{"taxonomy":"product_cat","embeddable":true,"href":"https:\/\/climalife.com\/es\/wp-json\/wp\/v2\/product_cat?post=162535"},{"taxonomy":"product_tag","embeddable":true,"href":"https:\/\/climalife.com\/es\/wp-json\/wp\/v2\/product_tag?post=162535"}],"curies":[{"name":"wp","href":"https:\/\/api.w.org\/{rel}","templated":true}]}}