{"id":162546,"date":"2022-09-28T18:06:30","date_gmt":"2022-09-28T18:06:30","guid":{"rendered":"http:\/\/climalife.com\/product\/novexpans-ciclopentano\/"},"modified":"2025-07-31T11:59:41","modified_gmt":"2025-07-31T11:59:41","slug":"novexpans-ciclopentano","status":"publish","type":"product","link":"https:\/\/climalife.com\/es\/product\/novexpans-ciclopentano\/","title":{"rendered":"Novexpans\u2122 ciclopentano"},"content":{"rendered":"<p>De hecho, su bajo coeficiente de transmisi\u00f3n t\u00e9rmica hace que Novexpans<sup>\u2122<\/sup>\u00a0ciclopentano sea utilizado para la fabricaci\u00f3n de espumas de aislamiento en el sector de l\u00ednea blanca (electrodom\u00e9sticos) y para la espuma en bloque.<\/p>\n<p>Su clasificaci\u00f3n como R-11 es una ventaja en relaci\u00f3n con el almacenamiento de productos qu\u00edmicos inflamables.<\/p>\n<p>Inofensivo para la capa de ozono, Novexpans<sup>\u2122<\/sup>\u00a0ciclopentano es el mejor sustituto del HCFC 141b.<\/p>\n","protected":false},"excerpt":{"rendered":"<p>Novexpans\u2122 ciclopentano se utiliza (con elevado porcentaje ciclopentano) como agente para la expansi\u00f3n de espumas de poliuretano r\u00edgidas.<\/p>\n","protected":false},"featured_media":126360,"comment_status":"open","ping_status":"closed","template":"","meta":[],"countries":[4674,4709,4756,4813,4831,4862],"product_brand":[],"product_cat":[13102,9943,9979,9952,9509,9997],"product_tag":[13819,13818],"class_list":{"0":"post-162546","1":"product","2":"type-product","3":"status-publish","4":"has-post-thumbnail","6":"countries-by","7":"countries-cu","8":"countries-ir","9":"countries-kp","10":"countries-ru","11":"countries-sy","12":"product_cat-aislamiento","13":"product_cat-alimentacion","14":"product_cat-automocion-transporte","15":"product_cat-construccion","16":"product_cat-hidrocarburos","17":"product_cat-otros-sectores","18":"product_tag-expansion-de-espumas","19":"product_tag-gas","20":"pa_packaging-a-granel-es-168","21":"pa_packaging-barril-217-i-es-30","22":"pa_packaging-barril-30-i-es-26","23":"pa_packaging-contenedor-930-l-es-76","25":"first","26":"instock","27":"shipping-taxable","28":"purchasable","29":"product-type-variable"},"_links":{"self":[{"href":"https:\/\/climalife.com\/es\/wp-json\/wp\/v2\/product\/162546","targetHints":{"allow":["GET"]}}],"collection":[{"href":"https:\/\/climalife.com\/es\/wp-json\/wp\/v2\/product"}],"about":[{"href":"https:\/\/climalife.com\/es\/wp-json\/wp\/v2\/types\/product"}],"replies":[{"embeddable":true,"href":"https:\/\/climalife.com\/es\/wp-json\/wp\/v2\/comments?post=162546"}],"wp:featuredmedia":[{"embeddable":true,"href":"https:\/\/climalife.com\/es\/wp-json\/wp\/v2\/media\/126360"}],"wp:attachment":[{"href":"https:\/\/climalife.com\/es\/wp-json\/wp\/v2\/media?parent=162546"}],"wp:term":[{"taxonomy":"countries","embeddable":true,"href":"https:\/\/climalife.com\/es\/wp-json\/wp\/v2\/countries?post=162546"},{"taxonomy":"product_brand","embeddable":true,"href":"https:\/\/climalife.com\/es\/wp-json\/wp\/v2\/product_brand?post=162546"},{"taxonomy":"product_cat","embeddable":true,"href":"https:\/\/climalife.com\/es\/wp-json\/wp\/v2\/product_cat?post=162546"},{"taxonomy":"product_tag","embeddable":true,"href":"https:\/\/climalife.com\/es\/wp-json\/wp\/v2\/product_tag?post=162546"}],"curies":[{"name":"wp","href":"https:\/\/api.w.org\/{rel}","templated":true}]}}