{"id":162737,"date":"2022-09-28T18:09:35","date_gmt":"2022-09-28T18:09:35","guid":{"rendered":"http:\/\/climalife.com\/product\/bidon-de-recuperacion-facilisolv-2\/"},"modified":"2024-01-25T13:51:44","modified_gmt":"2024-01-25T13:51:44","slug":"bidon-de-recuperacion-facilisolv-2","status":"publish","type":"product","link":"https:\/\/climalife.com\/es\/product\/bidon-de-recuperacion-facilisolv-2\/","title":{"rendered":"Bid\u00f3n de recuperaci\u00f3n Facilisolv"},"content":{"rendered":"","protected":false},"excerpt":{"rendered":"<p>Para la recuperaci\u00f3n del Facilisolv utilizado.<\/p>\n","protected":false},"featured_media":108684,"comment_status":"open","ping_status":"closed","template":"","meta":[],"countries":[4674,4709,4756,4813,4831,4862],"product_brand":[],"product_cat":[9984,9952,9943,9970,9997,13093,13127,9233],"product_tag":[],"class_list":{"0":"post-162737","1":"product","2":"type-product","3":"status-publish","4":"has-post-thumbnail","6":"countries-by","7":"countries-cu","8":"countries-ir","9":"countries-kp","10":"countries-ru","11":"countries-sy","12":"product_cat-aeronautica-aeroespacial-defensa","13":"product_cat-construccion","14":"product_cat-alimentacion","15":"product_cat-salud-bienestar","16":"product_cat-otros-sectores","17":"product_cat-calefaccion","18":"product_cat-refrigeracion","19":"product_cat-interna-instalaciones","20":"pa_packaging-barril-217-i-es-30","22":"first","23":"instock","24":"shipping-taxable","25":"purchasable","26":"product-type-variable"},"_links":{"self":[{"href":"https:\/\/climalife.com\/es\/wp-json\/wp\/v2\/product\/162737","targetHints":{"allow":["GET"]}}],"collection":[{"href":"https:\/\/climalife.com\/es\/wp-json\/wp\/v2\/product"}],"about":[{"href":"https:\/\/climalife.com\/es\/wp-json\/wp\/v2\/types\/product"}],"replies":[{"embeddable":true,"href":"https:\/\/climalife.com\/es\/wp-json\/wp\/v2\/comments?post=162737"}],"wp:featuredmedia":[{"embeddable":true,"href":"https:\/\/climalife.com\/es\/wp-json\/wp\/v2\/media\/108684"}],"wp:attachment":[{"href":"https:\/\/climalife.com\/es\/wp-json\/wp\/v2\/media?parent=162737"}],"wp:term":[{"taxonomy":"countries","embeddable":true,"href":"https:\/\/climalife.com\/es\/wp-json\/wp\/v2\/countries?post=162737"},{"taxonomy":"product_brand","embeddable":true,"href":"https:\/\/climalife.com\/es\/wp-json\/wp\/v2\/product_brand?post=162737"},{"taxonomy":"product_cat","embeddable":true,"href":"https:\/\/climalife.com\/es\/wp-json\/wp\/v2\/product_cat?post=162737"},{"taxonomy":"product_tag","embeddable":true,"href":"https:\/\/climalife.com\/es\/wp-json\/wp\/v2\/product_tag?post=162737"}],"curies":[{"name":"wp","href":"https:\/\/api.w.org\/{rel}","templated":true}]}}